
{"id":12542,"date":"2026-04-30T12:53:10","date_gmt":"2026-04-30T10:53:10","guid":{"rendered":"https:\/\/drs-auto.fr\/produit\/original-module-bpga-9675350280-9675350380-pour-peugeot-citroen-308-ii-3008-c4-picasso-5008-neuf\/"},"modified":"2026-04-30T12:53:11","modified_gmt":"2026-04-30T10:53:11","slug":"original-module-bpga-9675350280-9675350380-pour-peugeot-citroen-308-ii-3008-c4-picasso-5008-neuf","status":"publish","type":"product","link":"https:\/\/drs-auto.fr\/en\/product\/original-module-bpga-9675350280-9675350380-pour-peugeot-citroen-308-ii-3008-c4-picasso-5008-neuf\/","title":{"rendered":"Original Module BPGA 9675350280 9675350380 Pour Peugeot Citroen 308 II 3008 c4 Picasso 5008 NEUF"},"content":{"rendered":"<p>Module pour PEUGEOT 308 3008 5008 9675350380 UNIT\u00c9 DE PROTECTION GESTIONNAIRE De Batterie JL06<\/p>\n<p>R\u00e9f\u00e9rence de la pi\u00e8ce<br \/>\n9675350280<\/p>\n<p>Convient pour :<\/p>\n<p>C4 Grand Picasso II &#8211; \u00c0 partir de 2013 &#8211; 1,2 THP, 1,6 VTi, 1,6 THP, 1,6 HDi et BlueHDi et 2,0 BlueHDi<br \/>\nC4 Picasso II &#8211; \u00c0 partir de 2013 &#8211; 1,2 THP, 1,6 VTi, 1,6 THP, 1,6 HDi et BlueHDi et 2,0 BlueHDi<br \/>\nC4 Spacetourer &#8211; \u00c0 partir de 2018 &#8211; 1,2 PureTech, 1,6 THP, 1,5 BlueHDi, 1,6 BlueHDi et 2,0 BlueHDi<br \/>\nC4 Grand Spacetourer &#8211; \u00c0 partir de 2018 &#8211; 1,2 THP, 1,6 VTi, 1,6 THP, 1,6 HDi et BlueHDi et 2,0 BleuHDi<\/p>\n<p>3008-\u00e0 partir de 2016-1.2 THP, 1.6 PureTech, 1.6 BlueHDi, 1.5 BlueHDi, 2.0 BlueHDi<br \/>\n308 II et SW II &#8211; \u00e0 partir de 2013 &#8211; 1.2 VTi, 1.2 THP, 1.6 VTi, 1.6 THP, 1.6 GT, 1.6 PureTech, 1.6 GTi, 1.5 BlueHDi, 1.6 HDi, 1.6 BlueHDi, 2.0 BlueHDi, 2.0 GT et BlueHDi<br \/>\n5008 II &#8211; \u00e0 partir de 2016 &#8211; 1.2, 1.6, 1.6 THP, 1.6 PureTech, 1.6 BlueHDi, 1.5 BlueHDi, 2.0 BlueHDi<\/p>","protected":false},"excerpt":{"rendered":"<p>Module pour PEUGEOT 308 3008 5008 9675350380 UNIT\u00c9 DE PROTECTION GESTIONNAIRE De Batterie JL06 R\u00e9f\u00e9rence de la pi\u00e8ce 9675350280 Convient<\/p>","protected":false},"featured_media":12538,"comment_status":"open","ping_status":"closed","template":"","meta":{"content-type":""},"product_cat":[111],"product_tag":[],"class_list":{"0":"post-12542","1":"product","2":"type-product","3":"status-publish","4":"has-post-thumbnail","6":"product_cat-accessories","8":"first","9":"instock","10":"shipping-taxable","11":"purchasable","12":"product-type-simple"},"aioseo_notices":[],"jetpack_sharing_enabled":true,"_links":{"self":[{"href":"https:\/\/drs-auto.fr\/en\/wp-json\/wp\/v2\/product\/12542","targetHints":{"allow":["GET"]}}],"collection":[{"href":"https:\/\/drs-auto.fr\/en\/wp-json\/wp\/v2\/product"}],"about":[{"href":"https:\/\/drs-auto.fr\/en\/wp-json\/wp\/v2\/types\/product"}],"replies":[{"embeddable":true,"href":"https:\/\/drs-auto.fr\/en\/wp-json\/wp\/v2\/comments?post=12542"}],"version-history":[{"count":0,"href":"https:\/\/drs-auto.fr\/en\/wp-json\/wp\/v2\/product\/12542\/revisions"}],"wp:featuredmedia":[{"embeddable":true,"href":"https:\/\/drs-auto.fr\/en\/wp-json\/wp\/v2\/media\/12538"}],"wp:attachment":[{"href":"https:\/\/drs-auto.fr\/en\/wp-json\/wp\/v2\/media?parent=12542"}],"wp:term":[{"taxonomy":"product_cat","embeddable":true,"href":"https:\/\/drs-auto.fr\/en\/wp-json\/wp\/v2\/product_cat?post=12542"},{"taxonomy":"product_tag","embeddable":true,"href":"https:\/\/drs-auto.fr\/en\/wp-json\/wp\/v2\/product_tag?post=12542"}],"curies":[{"name":"wp","href":"https:\/\/api.w.org\/{rel}","templated":true}]}}