
{"id":12384,"date":"2025-10-06T19:06:23","date_gmt":"2025-10-06T17:06:23","guid":{"rendered":"https:\/\/drs-auto.fr\/produit\/culasse-neuve-renault-master-2-3-dci-120-130-140-150cv\/"},"modified":"2025-10-06T19:06:23","modified_gmt":"2025-10-06T17:06:23","slug":"culasse-neuve-renault-master-2-3-dci-120-130-140-150cv","status":"publish","type":"product","link":"https:\/\/drs-auto.fr\/en\/product\/culasse-neuve-renault-master-2-3-dci-120-130-140-150cv\/","title":{"rendered":"Culasse NEUVE RENAULT MASTER 2.3 dCi 120 130 140 150cv"},"content":{"rendered":"<p>Culasse pour RENAULT 2.3 dCi Mercedes Opel Neuve<\/p>\n<p>Compatible avec RENAULT Master III Van (FV), compatible avec RENAULT Master III Camion plate-forme\/Ch\u00e2ssis (EV, HV, UV), compatible avec NISSAN NP300 Navara Pick-up (D23), compatible avec OPEL Movano B Van (X62), compatible avec RENAULT Master III Bus (JV), compatible avec OPEL Movano B Camion plate-forme\/Ch\u00e2ssis (X62), compatible avec NISSAN Navara Camion \u00e0 Plateau \/ Ch\u00e2ssis (D23), compatible avec NISSAN NV400 Camion \u00e0 Plateau \/ Ch\u00e2ssis (X62, X62B)<\/p>\n<p>Num\u00e9ro OE: 1104100Q2L, 4423598, 6990101800, 908325, 1104100Q3E, 95518935, 1104100Q4B, 95523280<\/p>\n<p>Description du produit<\/p>\n<p>Donn\u00e9es produit suppl\u00e9mentaires :<\/p>\n<p>pour num\u00e9ro OE: 110416605R<br \/>\npour num\u00e9ro OE: 4423598<br \/>\npour num\u00e9ro OE: 6990101800<br \/>\npour num\u00e9ro OE: 7485144343<br \/>\npour num\u00e9ro OE: 7485144344<br \/>\npour num\u00e9ro OE: 7485148679<br \/>\npour num\u00e9ro OE: 8201431776<br \/>\npour num\u00e9ro OE: 8201721794<br \/>\npour num\u00e9ro OE: 95518935<br \/>\npour num\u00e9ro OE: 95523280<br \/>\nArticle compl\u00e9mentaire \/ Info compl\u00e9mentaire 2: sans arbre(s) \u00e0 cames<br \/>\nArticle compl\u00e9mentaire \/ Info compl\u00e9mentaire 2: sans soupapes\/vannes\/valves<br \/>\nArticle compl\u00e9mentaire \/ Info compl\u00e9mentaire 2: sans ressorts de soupapes<br \/>\nInformations techniques:<br \/>\nbiturbo.<\/p>\n<p>Num\u00e9ros de pi\u00e8ce fabricant \u00e9quivalents :<br \/>\nMERCEDES-BENZ 6990101800; NISSAN 1104100Q2L; NISSAN 1104100Q3E; OPEL 4423598; OPEL 95518935; OPEL 95523280; RENAULT 110414467R; RENAULT 110415059R; RENAULT 110415770R; RENAULT 110416605R; RENAULT 7485144343; RENAULT 7485144344; RENAULT 7485148679; RENAULT 8201431776; RENAULT 8201721794; AMC 908325<\/p>","protected":false},"excerpt":{"rendered":"<p>Culasse pour RENAULT 2.3 dCi Mercedes Opel Neuve Compatible avec RENAULT Master III Van (FV), compatible avec RENAULT Master III<\/p>","protected":false},"featured_media":12375,"comment_status":"open","ping_status":"closed","template":"","meta":{"content-type":""},"product_cat":[111],"product_tag":[],"class_list":{"0":"post-12384","1":"product","2":"type-product","3":"status-publish","4":"has-post-thumbnail","6":"product_cat-accessories","8":"first","9":"instock","10":"sale","11":"shipping-taxable","12":"purchasable","13":"product-type-simple"},"aioseo_notices":[],"jetpack_sharing_enabled":true,"_links":{"self":[{"href":"https:\/\/drs-auto.fr\/en\/wp-json\/wp\/v2\/product\/12384","targetHints":{"allow":["GET"]}}],"collection":[{"href":"https:\/\/drs-auto.fr\/en\/wp-json\/wp\/v2\/product"}],"about":[{"href":"https:\/\/drs-auto.fr\/en\/wp-json\/wp\/v2\/types\/product"}],"replies":[{"embeddable":true,"href":"https:\/\/drs-auto.fr\/en\/wp-json\/wp\/v2\/comments?post=12384"}],"version-history":[{"count":0,"href":"https:\/\/drs-auto.fr\/en\/wp-json\/wp\/v2\/product\/12384\/revisions"}],"wp:featuredmedia":[{"embeddable":true,"href":"https:\/\/drs-auto.fr\/en\/wp-json\/wp\/v2\/media\/12375"}],"wp:attachment":[{"href":"https:\/\/drs-auto.fr\/en\/wp-json\/wp\/v2\/media?parent=12384"}],"wp:term":[{"taxonomy":"product_cat","embeddable":true,"href":"https:\/\/drs-auto.fr\/en\/wp-json\/wp\/v2\/product_cat?post=12384"},{"taxonomy":"product_tag","embeddable":true,"href":"https:\/\/drs-auto.fr\/en\/wp-json\/wp\/v2\/product_tag?post=12384"}],"curies":[{"name":"wp","href":"https:\/\/api.w.org\/{rel}","templated":true}]}}