
{"id":12338,"date":"2025-07-11T17:10:51","date_gmt":"2025-07-11T15:10:51","guid":{"rendered":"https:\/\/drs-auto.fr\/produit\/palier-arbre-a-cames-neuf-ford-transit-2-0-ecoblue-105-130-170-180-demi-culasse\/"},"modified":"2026-01-19T12:26:52","modified_gmt":"2026-01-19T11:26:52","slug":"palier-arbre-a-cames-neuf-ford-transit-2-0-ecoblue-105-130-170-180-demi-culasse","status":"publish","type":"product","link":"https:\/\/drs-auto.fr\/en\/product\/palier-arbre-a-cames-neuf-ford-transit-2-0-ecoblue-105-130-170-180-demi-culasse\/","title":{"rendered":"PALIER ARBRE A CAMES NEUF Ford Transit 2.0 ECOBLUE 105 130 170 180 demi culasse"},"content":{"rendered":"<p>PALIER ARBRE A CAMES NEUF Ford Transit 2.0 ECOBLUE 105 130 170 180 demi culasse.<\/p>\n<p>PALIER NEUF Ford Transit 2.0 ECOBLUE 105 130 170 180cv demi culasse ARBRE A CAMES Complet  GK2Q6E262A<\/p>\n<p>Module d&rsquo;arbre \u00e0 cames de qualit\u00e9 tout nouveau pour 2.0 Ford<\/p>\n<p>Si vous n&rsquo;\u00eates pas s\u00fbr de la compatibilit\u00e9, s&rsquo;il vous pla\u00eet nous contacter avant passer une commande. Veuillez fournir le num\u00e9ro d&rsquo;enregistrement ou le code du moteur lors de la demande<\/p>\n<p>Codes de moteur compatibles:<\/p>\n<p>FORD: BC2X, BCCC, BCCD, BCFA, BCFB, BCFC, BCFD, BCRA, BJFA, BJFB, BJFC, BJFD, BKFA, BKFB, BKFC, BKFD, BKRA, BKRB, BKFA T20DD0J, YLCB, YLCC, YLDA, YLDC, YLF6, YLFA, YLFB, YLFS, YLR6, YLRA, YMCA, YMCB, YMCC, YMF6, YMFA, YMFB, YMFS, YMHA, YMR6, YMR YNFA, YNFB, YNFS, YNR6<\/p>\n<p>R\u00e9f\u00e9rences : 2435502, 2321504, 2325380, 2434799, 2536951, 2626577, GK2Q-6E262-CB , GK2Q-6E262-BA , GK2Q-6E262-AG , GK2Q-6E262-AF , HG9Q-6E262-CC<\/p>\n<p>V\u00e9hicules compatibles:<\/p>\n<p>FORD<\/p>\n<p>Mod\u00e8le Code moteur CC Corps Date<\/p>\n<p>Focus IV (HN) Ylda 1995 Hayon 01\/2018 -&gt;<\/p>\n<p>Focus IV Turnier (HP) Ylda 1995 Domaine 09\/2018 -&gt;<\/p>\n<p>GALAXY III (CK) BCCC 1995 MPV 07\/2018 -&gt;<\/p>\n<p>GALAXY III (CK) BCCC 1995 MPV 07\/2018 -&gt;<\/p>\n<p>GALAXY III (CK) YLCB 1995 MPV 07\/2018 -&gt;<\/p>\n<p>GALAXY III (CK) Ymcb 1995 MPV 07\/2018 -&gt;<\/p>\n<p>GALAXY III (CK) Ymcb 1995 MPV 07\/2018 -&gt;<\/p>\n<p>GALAXY III (CK) Ynca 1995 MPV 07\/2018 -&gt;<\/p>\n<p>GALAXY Van MK III (CK) BCCC 1995 Corps de bo\u00eete \/ MPV 03\/2019 -&gt;<\/p>\n<p>GALAXY Van MK III (CK) Ymcb 1995 Corps de bo\u00eete \/ MPV 03\/2019 -&gt;<\/p>\n<p>Kuga III (DFK) YLDC 1995 SUV 07\/2019 -&gt;<\/p>\n<p>Kuga III (DFK) YLDC 1996 SUV 02\/2021 -&gt;<\/p>\n<p>Mondeo contre Hatchback (CE) BCCD 1995 Hayon 01\/2019 -&gt;<\/p>\n<p>Mondeo contre Hatchback (CE) YLCC 1995 Hayon 01\/2019 -&gt;<\/p>\n<p>Mondeo contre Hatchback (CE) YMCC 1995 Hayon 01\/2019 -&gt;<\/p>\n<p>Mondeo contre Hatchback (CE) YMCC 1995 Hayon 01\/2019 -&gt;<\/p>\n<p>Mondeo v Saloon (CD) BCCD 1995 Salon 01\/2019 -&gt;<\/p>\n<p>Mondeo v Saloon (CD) YLCC 1995 Salon 01\/2019 -&gt;<\/p>\n<p>Mondeo v Saloon (CD) YMCC 1995 Salon 01\/2019 -&gt;<\/p>\n<p>Mondeo v Saloon (CD) YMCC 1995 Salon 01\/2019 -&gt;<\/p>\n<p>Mondeo V Turniter (CF) BCCD 1995 Domaine 01\/2019 -&gt;<\/p>\n<p>Mondeo V Turniter (CF) YLCC 1995 Domaine 01\/2019 -&gt;<\/p>\n<p>Mondeo V Turniter (CF) YMCC 1995 Domaine 01\/2019 -&gt;<\/p>\n<p>Mondeo V Turniter (CF) YMCC 1995 Domaine 01\/2019 -&gt;<\/p>\n<p>Ranger (TKE) BC2X; T20DD0J 1996 Ramasser 03\/2019 -&gt;<\/p>\n<p>Ranger (TKE) T20DD0J; Yn2x 1996 Ramasser 09\/2018 -&gt;<\/p>\n<p>Ranger (TKE) T20DD0J 1996 Ramasser 03\/2019 -&gt;<\/p>\n<p>Ranger (TKE) T20DD0J 1996 Ramasser 06\/2021 -&gt;<\/p>\n<p>S-MAX (CJ, WA6) BCCC 1995 MPV 07\/2018 -&gt;<\/p>\n<p>S-MAX (CJ, WA6) BCCC 1995 MPV 07\/2018 -&gt;<\/p>\n<p>S-MAX (CJ, WA6) YLCB 1995 MPV 07\/2018 -&gt;<\/p>\n<p>S-MAX (CJ, WA6) Ymcb 1995 MPV 07\/2018 -&gt;<\/p>\n<p>S-MAX (CJ, WA6) Ymcb 1995 MPV 07\/2018 -&gt;<\/p>\n<p>S-MAX (CJ, WA6) Ynca 1995 MPV 07\/2018 -&gt;<\/p>\n<p>Tourneo Custom V362 Bus (F3) BCFA; Bcfb 1995 Bus 05\/2019 -&gt; 12\/2023<\/p>\n<p>Tourneo Custom V362 Bus (F3) BCFC; BCFD 1995 Bus 05\/2019 -&gt; 12\/2023<\/p>\n<p>Tourneo Custom V362 Bus (F3) Bjfa; BJFB; Ylf6; Ylfa; Ylfb; YLFS 1995 Bus 12\/2015 -&gt; 12\/2023<\/p>\n<p>Tourneo Custom V362 Bus (F3) BKFA; BKFB; Ymf6; Ymfa; Ymfb; YMFS 1995 Bus 12\/2015 -&gt; 12\/2023<\/p>\n<p>Tourneo Custom V362 Bus (F3) BKFC; BKFD 1995 Bus 05\/2019 -&gt; 12\/2023<\/p>\n<p>Tourneo Custom V362 Bus (F3) Blfa; BLFB; Ynf6; Ynfa; YNFB; YNFS 1995 Bus 12\/2015 -&gt; 12\/2023<\/p>\n<p>Transit Custom V362 Bus (F3) BCFA; Bcfb 1995 Bus 05\/2019 -&gt; 12\/2023<\/p>\n<p>Transit Custom V362 Bus (F3) BCFC; BCFD 1995 Bus 05\/2019 -&gt; 12\/2023<\/p>\n<p>Transit Custom V362 Bus (F3) Bjfa; BJFB; Ylf6; Ylfa; Ylfb; YLFS 1995 Bus 12\/2015 -&gt; 12\/2023<\/p>\n<p>Transit Custom V362 Bus (F3) BJFC; Bjfd 1995 Bus 05\/2019 -&gt; 12\/2023<\/p>\n<p>Transit Custom V362 Bus (F3) BKFA; BKFB; Ymf6; Ymfa; Ymfb; YMFS 1995 Bus 12\/2015 -&gt; 12\/2023<\/p>\n<p>Transit Custom V362 Bus (F3) BKFC; BKFD 1995 Bus 05\/2019 -&gt; 12\/2023<\/p>\n<p>Transit Custom V362 Bus (F3) Blfa; BLFB; Ynf6; Ynfa; YNFB; YNFS 1995 Bus 12\/2015 -&gt; 12\/2023<\/p>\n<p>Transit Custom V362 Bus (F3) BLFC; BLFD 1995 Bus 05\/2019 -&gt; 12\/2023<\/p>\n<p>Transit Custom V362 Van (FY, FZ) BCFA; Bcfb 1995 Van 05\/2019 -&gt; 12\/2023<\/p>\n<p>Transit Custom V362 Van (FY, FZ) BCFC; BCFD 1995 Van 05\/2019 -&gt; 12\/2023<\/p>\n<p>Transit Custom V362 Van (FY, FZ) Bjfa; BJFB; Ylf6; Ylfa; Ylfb; YLFS 1995 Van 12\/2015 -&gt; 12\/2023<\/p>\n<p>Transit Custom V362 Van (FY, FZ) BKFA; BKFB; Ymf6; Ymfa; Ymfb; YMFS 1995 Van 12\/2015 -&gt; 12\/2023<\/p>\n<p>Transit Custom V362 Van (FY, FZ) BKFC; BKFD 1995 Van 05\/2019 -&gt; 12\/2023<\/p>\n<p>Transit Custom V362 Van (FY, FZ) Blfa; BLFB; Ynf6; Ynfa; YNFB; YNFS 1995 Van 12\/2015 -&gt; 12\/2023<\/p>\n<p>Transit Custom V362 Van (FY, FZ) BLFC; BLFD 1995 Van 05\/2019 -&gt; 12\/2023<\/p>\n<p>Transit V363 Bus (FAD, FBD) Bjfa; BJFB; Ylf6; Ylfa; Ylfb; YLFS 1995 Bus 03\/2016 -&gt;<\/p>\n<p>Transit V363 Bus (FAD, FBD) BKFA; BKFB; Ymf6; Ymfa; Ymfb; YMFS 1995 Bus 03\/2016 -&gt;<\/p>\n<p>Transit V363 Bus (FAD, FBD) BKFC; BKFD 1995 Bus 05\/2019 -&gt;<\/p>\n<p>Transit V363 Bus (FAD, FBD) Blfa; BLFB; Ynf6; Ynfa; YNFB; YNFS 1995 Bus 03\/2016 -&gt; 06\/2024<\/p>\n<p>Transit V363 Bus (FAD, FBD) Blfb 1995 Bus 07\/2023 -&gt;<\/p>\n<p>Transit V363 Bus (FAD, FBD) BLFC; BLFD 1995 Bus 05\/2019 -&gt; 06\/2024<\/p>\n<p>Transit V363 Bus (FAD, FBD) Blha 1995 Bus 05\/2019 -&gt; 06\/2024<\/p>\n<p>Transit V363 Bus (FAD, FBD) Blha 1995 Bus 05\/2022 -&gt;<\/p>\n<p>Transit V363 Bus (FAD, FBD) Ymha 1995 Bus 05\/2019 -&gt;<\/p>\n<p>Transit V363 Plateforme \/ ch\u00e2ssis (Fed, FFD) Bcfb 1995 Plate-forme \/ ch\u00e2ssis 05\/2019 -&gt;<\/p>\n<p>Transit V363 Plateforme \/ ch\u00e2ssis (Fed, FFD) BCRA 1995 Plate-forme \/ ch\u00e2ssis 05\/2019 -&gt;<\/p>\n<p>Transit V363 Plateforme \/ ch\u00e2ssis (Fed, FFD) Bjfa; BJFB; Ylf6; Ylfa; Ylfb; YLFS 1995 Plate-forme \/ ch\u00e2ssis 03\/2016 -&gt;<\/p>\n<p>Transit V363 Plateforme \/ ch\u00e2ssis (Fed, FFD) BKFA; BKFB; Ymf6; Ymfa; Ymfb; YMFS 1995 Plate-forme \/ ch\u00e2ssis 03\/2016 -&gt;<\/p>\n<p>Transit V363 Plateforme \/ ch\u00e2ssis (Fed, FFD) BKFC; BKFD 1995 Plate-forme \/ ch\u00e2ssis 05\/2019 -&gt;<\/p>\n<p>Transit V363 Plateforme \/ ch\u00e2ssis (Fed, FFD) Bkra; Ymha; Ymr6 1995 Plate-forme \/ ch\u00e2ssis 03\/2016 -&gt;<\/p>\n<p>Transit V363 Plateforme \/ ch\u00e2ssis (Fed, FFD) Bkra; Ymr6; YMRA 1995 Plate-forme \/ ch\u00e2ssis 01\/2017 -&gt;<\/p>\n<p>Transit V363 Plateforme \/ ch\u00e2ssis (Fed, FFD) Bkrb 1995 Plate-forme \/ ch\u00e2ssis 05\/2019 -&gt;<\/p>\n<p>Transit V363 Plateforme \/ ch\u00e2ssis (Fed, FFD) Blfa; BLFB; Ynf6; Ynfa; YNFB; YNFS 1995 Plate-forme \/ ch\u00e2ssis 03\/2016 -&gt; 06\/2024<\/p>\n<p>Transit V363 Plateforme \/ ch\u00e2ssis (Fed, FFD) Blfb 1995 Plate-forme \/ ch\u00e2ssis 07\/2023 -&gt;<\/p>\n<p>Transit V363 Plateforme \/ ch\u00e2ssis (Fed, FFD) BLFC; BLFD 1995 Plate-forme \/ ch\u00e2ssis 05\/2019 -&gt; 06\/2024<\/p>\n<p>Transit V363 Plateforme \/ ch\u00e2ssis (Fed, FFD) Blha; Blra; YNR6 1995 Plate-forme \/ ch\u00e2ssis 03\/2016 -&gt; 06\/2024<\/p>\n<p>Transit V363 Plateforme \/ ch\u00e2ssis (Fed, FFD) Blha 1995 Plate-forme \/ ch\u00e2ssis 05\/2022 -&gt;<\/p>\n<p>Transit V363 Plateforme \/ ch\u00e2ssis (Fed, FFD) Blra; YNR6 1995 Plate-forme \/ ch\u00e2ssis 01\/2017 -&gt; 06\/2024<\/p>\n<p>Transit V363 Plateforme \/ ch\u00e2ssis (Fed, FFD) Blrb 1995 Plate-forme \/ ch\u00e2ssis 05\/2019 -&gt; 06\/2024<\/p>\n<p>Transit V363 Plateforme \/ ch\u00e2ssis (Fed, FFD) Ylr6; Ylra 1995 Plate-forme \/ ch\u00e2ssis 03\/2016 -&gt;<\/p>\n<p>Van V363 Transit (FCD, FDD) Bcfb 1995 Van 05\/2019 -&gt;<\/p>\n<p>Van V363 Transit (FCD, FDD) BCRA 1995 Van 05\/2019 -&gt;<\/p>\n<p>Van V363 Transit (FCD, FDD) Bjfa; BJFB; Ylf6; Ylfa; Ylfb; YLFS 1995 Van 03\/2016 -&gt;<\/p>\n<p>Van V363 Transit (FCD, FDD) BKFA; BKFB; Ymf6; Ymfa; Ymfb; YMFS 1995 Van 03\/2016 -&gt;<\/p>\n<p>Van V363 Transit (FCD, FDD) BKFC; BKFD 1995 Van 05\/2019 -&gt;<\/p>\n<p>Van V363 Transit (FCD, FDD) Bkra; Ymha; Ymr6 1995 Van 03\/2016 -&gt;<\/p>\n<p>Van V363 Transit (FCD, FDD) Bkra; Ymr6; YMRA 1995 Van 01\/2017 -&gt;<\/p>\n<p>Van V363 Transit (FCD, FDD) Bkrb 1995 Van 05\/2019 -&gt;<\/p>\n<p>Van V363 Transit (FCD, FDD) Blfa; BLFB; Ynf6; Ynfa; YNFB; YNFS 1995 Van 03\/2016 -&gt; 06\/2024<\/p>\n<p>Van V363 Transit (FCD, FDD) Blfb 1995 Van 07\/2023 -&gt;<\/p>\n<p>Van V363 Transit (FCD, FDD) BLFC; BLFD 1995 Van 05\/2019 -&gt; 06\/2024<\/p>\n<p>Van V363 Transit (FCD, FDD) Blha; Blra; YNR6 1995 Van 03\/2016 -&gt; 06\/2024<\/p>\n<p>Van V363 Transit (FCD, FDD) Blha 1995 Van 05\/2022 -&gt;<\/p>\n<p>Van V363 Transit (FCD, FDD) Blra; YNR6 1995 Van 01\/2017 -&gt; 06\/2024<\/p>\n<p>Van V363 Transit (FCD, FDD) Blrb 1995 Van 05\/2019 -&gt; 06\/2024<\/p>\n<p>Van V363 Transit (FCD, FDD) Ylr6; Ylra 1995 Van 03\/2016 -&gt;<\/p>\n<p>FORD USA<\/p>\n<p>Mod\u00e8le Code moteur CC Corps Date<\/p>\n<p>BORD BCCA; BCCB; BCCC 1995 SUV 08\/2018 -&gt;<\/p>\n<p>BORD Ylca; YLCB 1995 SUV 08\/2018 -&gt;<\/p>\n<p>BORD YMCA; Ymcb 1995 SUV 08\/2018 -&gt;<\/p>","protected":false},"excerpt":{"rendered":"<p>PALIER ARBRE A CAMES NEUF Ford Transit 2.0 ECOBLUE 105 130 170 180 demi culasse. PALIER NEUF Ford Transit 2.0<\/p>","protected":false},"featured_media":12337,"comment_status":"open","ping_status":"closed","template":"","meta":{"content-type":""},"product_cat":[111],"product_tag":[],"class_list":{"0":"post-12338","1":"product","2":"type-product","3":"status-publish","4":"has-post-thumbnail","6":"product_cat-accessories","8":"first","9":"instock","10":"shipping-taxable","11":"purchasable","12":"product-type-simple"},"aioseo_notices":[],"jetpack_sharing_enabled":true,"_links":{"self":[{"href":"https:\/\/drs-auto.fr\/en\/wp-json\/wp\/v2\/product\/12338","targetHints":{"allow":["GET"]}}],"collection":[{"href":"https:\/\/drs-auto.fr\/en\/wp-json\/wp\/v2\/product"}],"about":[{"href":"https:\/\/drs-auto.fr\/en\/wp-json\/wp\/v2\/types\/product"}],"replies":[{"embeddable":true,"href":"https:\/\/drs-auto.fr\/en\/wp-json\/wp\/v2\/comments?post=12338"}],"version-history":[{"count":0,"href":"https:\/\/drs-auto.fr\/en\/wp-json\/wp\/v2\/product\/12338\/revisions"}],"wp:featuredmedia":[{"embeddable":true,"href":"https:\/\/drs-auto.fr\/en\/wp-json\/wp\/v2\/media\/12337"}],"wp:attachment":[{"href":"https:\/\/drs-auto.fr\/en\/wp-json\/wp\/v2\/media?parent=12338"}],"wp:term":[{"taxonomy":"product_cat","embeddable":true,"href":"https:\/\/drs-auto.fr\/en\/wp-json\/wp\/v2\/product_cat?post=12338"},{"taxonomy":"product_tag","embeddable":true,"href":"https:\/\/drs-auto.fr\/en\/wp-json\/wp\/v2\/product_tag?post=12338"}],"curies":[{"name":"wp","href":"https:\/\/api.w.org\/{rel}","templated":true}]}}