
{"id":12329,"date":"2025-07-09T10:23:12","date_gmt":"2025-07-09T08:23:12","guid":{"rendered":"https:\/\/drs-auto.fr\/produit\/kit-fiabilisation-chaine-8mm-1-5-hdi-100-120-130cv-tdci-dv5-arbre-a-cames-chaine-de-distribution-demi-culasse-tendeur-peugeot-citroen-ford-opel-toyota-dv5r-dv5rd-assemble\/"},"modified":"2026-02-23T15:59:19","modified_gmt":"2026-02-23T14:59:19","slug":"kit-fiabilisation-chaine-8mm-1-5-hdi-100-120-130cv-tdci-dv5-arbre-a-cames-chaine-de-distribution-demi-culasse-tendeur-peugeot-citroen-ford-opel-toyota-dv5r-dv5rd-assemble","status":"publish","type":"product","link":"https:\/\/drs-auto.fr\/en\/product\/kit-fiabilisation-chaine-8mm-1-5-hdi-100-120-130cv-tdci-dv5-arbre-a-cames-chaine-de-distribution-demi-culasse-tendeur-peugeot-citroen-ford-opel-toyota-dv5r-dv5rd-assemble\/","title":{"rendered":"Kit Fiabilisation CHAINE 8MM 1.5 HDI 100 120 130cv \/ TDCI DV5 \u2013 Arbre \u00e0 cames + cha\u00eene de distribution + demi-culasse + tendeur &#8211; Peugeot Citroen Ford Opel Toyota &#8211; DV5R DV5RD ASSEMBL\u00c9"},"content":{"rendered":"<p>Kit arbre \u00e0 came 1.5 hdi cha\u00eene 8mm, elle remplace celle du 7mm.<\/p>\n<p>\u26a0\ufe0f Pour kit chaine de distribution au pas de 8 mm d\u00e9j\u00e0 assembl\u00e9<\/p>\n<p>\ud83d\udee0\ufe0f Caract\u00e9ristiques principales :<\/p>\n<p>Kit de r\u00e9paration et fiabilisation : Arbre \u00e0 cames avec cha\u00eene de distribution 8 mm, demi-culasse, tendeur et accessoires.<\/p>\n<p>Compatibilit\u00e9 moteur : Moteur 1.5 HDi DV5.<\/p>\n<p>\u00c9tat : Neuf.<\/p>\n<p>Tarif : 399\u20ac le kit complet.<\/p>\n<p>\ud83d\ude97 Compatibilit\u00e9s d\u00e9taill\u00e9es (liste non exhaustive) :<\/p>\n<p>Ce kit est compatible avec les v\u00e9hicules \u00e9quip\u00e9s du moteur 1.5 HDi DV5, notamment :<\/p>\n<p>Peugeot :<\/p>\n<p>208 1.5 HDi (DV5RD).<\/p>\n<p>308 1.5 HDi (DV5RD).<\/p>\n<p>508 1.5 HDi (DV5RD).<\/p>\n<p>2008 1.5 HDi (DV5RD).<\/p>\n<p>3008 1.5 HDi (DV5RD).<\/p>\n<p>5008 1.5 HDi (DV5RD).<\/p>\n<p>Expert 1.5 HDi (DV5RD).<\/p>\n<p>Partner 1.5 HDi (DV5RD).<\/p>\n<p>Rifter 1.5 HDi (DV5RD).<\/p>\n<p>Traveller 1.5 HDi (DV5RD).<\/p>\n<p>Citro\u00ebn :<\/p>\n<p>Berlingo 1.5 HDi (DV5RD).<\/p>\n<p>C3 1.5 HDi (DV5RD).<\/p>\n<p>C4 1.5 HDi (DV5RD).<\/p>\n<p>C5 Aircross 1.5 HDi (DV5RD).<\/p>\n<p>Spacetourer 1.5 HDi (DV5RD).<\/p>\n<p>DS :<\/p>\n<p>DS3 1.5 HDi (DV5RD).<\/p>\n<p>DS4 1.5 HDi (DV5RD).<\/p>\n<p>DS5 1.5 HDi (DV5RD).<\/p>\n<p>Ford :<\/p>\n<p>Focus 1.5 TDCi.<\/p>\n<p>Kuga 1.5 TDCi.<\/p>\n<p>Opel :<\/p>\n<p>Astra 1.5 Diesel.<\/p>\n<p>Combo 1.5 Diesel.<\/p>\n<p>Corsa 1.5 Diesel.<\/p>\n<p>Crossland X 1.5 Diesel.<\/p>\n<p>Grandland X 1.5 Diesel.<\/p>\n<p>Toyota :<\/p>\n<p>ProAce 1.5 Diesel.<\/p>\n<p>Produits neufs<\/p>\n<p>R\u00e9f\u00e9rence interne :<\/p>\n<p>PSA1697054780OR PSA1638159880OR<\/p>\n<p>Prix ferme !<\/p>\n<p>Montage possible avec changement de la courroie de distribution ainsi que les culbuteurs et poussoirs<\/p>\n<p>Vendu avec tendeur de cha\u00eene arbre \u00e0 came \u00e9chappement et admission ainsi que la demi culasse.<\/p>\n<p>BlueHDi<\/p>\n<p>Berlingo C3 aircross<\/p>\n<p>C3<\/p>\n<p>C5<\/p>\n<p>C4 Grand Picasso<\/p>\n<p>Jumpy<\/p>\n<p>Space tourer<\/p>\n<p>DS3<\/p>\n<p>DS4<\/p>\n<p>DS5<\/p>\n<p>Ford focus<\/p>\n<p>Ford Tourneo connect<\/p>\n<p>Ford transit<\/p>\n<p>Opel combo<\/p>\n<p>Opel corsa<\/p>\n<p>Opel vivaro<\/p>\n<p>Opel Zafira<\/p>\n<p>Peugeot 2008<\/p>\n<p>Peugeot 208<\/p>\n<p>Peugeot 3008<\/p>\n<p>Peugeot 308<\/p>\n<p>Peugeot 301<\/p>\n<p>Peugeot 5008<\/p>\n<p>Peugeot 508<\/p>\n<p>Peugeot expert<\/p>\n<p>Peugeot partner<\/p>\n<p>Peugeot rifter<\/p>\n<p>Peugeot traveller<\/p>","protected":false},"excerpt":{"rendered":"<p>Kit arbre \u00e0 came 1.5 hdi cha\u00eene 8mm, elle remplace celle du 7mm. \u26a0\ufe0f Pour kit chaine de distribution au<\/p>","protected":false},"featured_media":12348,"comment_status":"open","ping_status":"closed","template":"","meta":{"content-type":""},"product_cat":[111],"product_tag":[],"class_list":{"0":"post-12329","1":"product","2":"type-product","3":"status-publish","4":"has-post-thumbnail","6":"product_cat-accessories","8":"first","9":"instock","10":"shipping-taxable","11":"purchasable","12":"product-type-simple"},"aioseo_notices":[],"jetpack_sharing_enabled":true,"_links":{"self":[{"href":"https:\/\/drs-auto.fr\/en\/wp-json\/wp\/v2\/product\/12329","targetHints":{"allow":["GET"]}}],"collection":[{"href":"https:\/\/drs-auto.fr\/en\/wp-json\/wp\/v2\/product"}],"about":[{"href":"https:\/\/drs-auto.fr\/en\/wp-json\/wp\/v2\/types\/product"}],"replies":[{"embeddable":true,"href":"https:\/\/drs-auto.fr\/en\/wp-json\/wp\/v2\/comments?post=12329"}],"version-history":[{"count":1,"href":"https:\/\/drs-auto.fr\/en\/wp-json\/wp\/v2\/product\/12329\/revisions"}],"predecessor-version":[{"id":12330,"href":"https:\/\/drs-auto.fr\/en\/wp-json\/wp\/v2\/product\/12329\/revisions\/12330"}],"wp:featuredmedia":[{"embeddable":true,"href":"https:\/\/drs-auto.fr\/en\/wp-json\/wp\/v2\/media\/12348"}],"wp:attachment":[{"href":"https:\/\/drs-auto.fr\/en\/wp-json\/wp\/v2\/media?parent=12329"}],"wp:term":[{"taxonomy":"product_cat","embeddable":true,"href":"https:\/\/drs-auto.fr\/en\/wp-json\/wp\/v2\/product_cat?post=12329"},{"taxonomy":"product_tag","embeddable":true,"href":"https:\/\/drs-auto.fr\/en\/wp-json\/wp\/v2\/product_tag?post=12329"}],"curies":[{"name":"wp","href":"https:\/\/api.w.org\/{rel}","templated":true}]}}