
{"id":12274,"date":"2025-05-22T06:50:34","date_gmt":"2025-05-22T04:50:34","guid":{"rendered":"https:\/\/drs-auto.fr\/produit\/kit-arbre-a-cames-8mm-1638159880-pour-citroen-peugeot-ford-1-5-hdi-dv5r-assemble\/"},"modified":"2025-07-08T13:48:46","modified_gmt":"2025-07-08T11:48:46","slug":"kit-arbre-a-cames-8mm-1638159880-pour-citroen-peugeot-ford-1-5-hdi-dv5r-assemble","status":"publish","type":"product","link":"https:\/\/drs-auto.fr\/en\/product\/kit-arbre-a-cames-8mm-1638159880-pour-citroen-peugeot-ford-1-5-hdi-dv5r-assemble\/","title":{"rendered":"KIT ARBRE \u00c0 CAMES 8MM 1638159880 pour Citroen Peugeot Ford 1.5 HDI DV5R ASSEMBL\u00c9"},"content":{"rendered":"<p>\u26a0\ufe0f KIT COMPLET chaine de distribution au pas de 8 mm avec joint spi Offert et d\u00e9j\u00e0 assembl\u00e9<\/p>\n<p>KIT ARBRE \u00c0 CAMES 8MM 1638159880 pour Citroen Peugeot Ford 1.5 HDI DV5R DEJA ASSEMBL\u00c9.<\/p>\n<p>SP\u00c9CIALISTE des motorisations du GROUPE STELLANTIS, je vous propose un Kit arbre \u00e0 came 1.5 hdi cha\u00eene 8mm en qualit\u00e9 d&rsquo;origine pour remplacer celle en 7mm.<\/p>\n<p>Produits neufs<\/p>\n<p>R\u00e9f\u00e9rence interne :<\/p>\n<p>PSA1697054780OR PSA1638159880OR<\/p>\n<p>Possibilit\u00e9 de montage<\/p>\n<p>Paiement cb disponible avec facture<\/p>\n<p>Vendu avec tendeur de cha\u00eene arbre \u00e0 came \u00e9chappement et admission ainsi que la demi culasse et un joint spi offert<\/p>\n<p>R\u00e9f\u00e9rences :<\/p>\n<p>1638159880, 9830580480, 9830147280<\/p>\n<p>Le num\u00e9ro de catalogue du fabriquant du v\u00e9hicule 9812647280, 9823954880, 9826028980, 1638159880<\/p>\n<p>Kit arbre \u00e0 came 1.5 hdi cha\u00eene 8mm pi\u00e8ces adaptable qualit\u00e9 d&rsquo;origine<\/p>\n<p>Vendu avec tendeur de cha\u00eene arbre \u00e0 came \u00e9chappement et admission ainsi que la demi culasse<\/p>\n<p>PEUGE0T :<\/p>\n<p>208 1.5 HDI &#8211; Moteur DV5RD<\/p>\n<p>308 1.5 HDI &#8211; Moteur DV5RD<\/p>\n<p>508 1.5 HDI &#8211; Moteur DV5RD<\/p>\n<p>2008 1.5 HDI &#8211; Moteur DV5RD<\/p>\n<p>3008 1.5 HDI &#8211; Moteur DV5RD<\/p>\n<p>5008 1.5 HDI &#8211; Moteur DV5RD<\/p>\n<p>EXPERT 1.5 HDI &#8211; Moteur DV5RD<\/p>\n<p>PARTNER 1.5 HDI &#8211; Moteur DV5RD<\/p>\n<p>RIFTER 1.5 HDI &#8211; Moteur DV5RD<\/p>\n<p>TRAVELLER 1.5 HDI &#8211; Moteur DV5RD<\/p>\n<p>CITROEN :<\/p>\n<p>BERLINGO 1.5 HDI &#8211; Moteur DV5RD<\/p>\n<p>C3 1.5 HDI &#8211; Moteur DV5RD<\/p>\n<p>C4 1.5 HDI &#8211; Moteur DV5RD<\/p>\n<p>C5 1.5 HDI &#8211; Moteur DV5RD<\/p>\n<p>SPACETOURER 1.5 HDI &#8211; Moteur DV5RD<\/p>\n<p>DS3 1.5 HDI &#8211; Moteur DV5RD<\/p>\n<p>DS4 1.5 HDI &#8211; Moteur DV5RD<\/p>\n<p>DS5 1.5 HDI &#8211; Moteur DV5RD<\/p>\n<p>1638159880<\/p>\n<p>Culbuteurs linguets ainsi que poussoir disponibles<\/p>\n<p>BlueHDi<\/p>\n<p>Berlingo C3 aircross<\/p>\n<p>C3<\/p>\n<p>C5<\/p>\n<p>C4 Grand Picasso<\/p>\n<p>Jumpy<\/p>\n<p>Space tourer<\/p>\n<p>DS3<\/p>\n<p>DS4<\/p>\n<p>DS5<\/p>\n<p>Ford focus<\/p>\n<p>Ford Tourneo connect<\/p>\n<p>Ford transit<\/p>\n<p>Opel combo<\/p>\n<p>Opel corsa<\/p>\n<p>Opel vivaro<\/p>\n<p>Opel Zafira<\/p>\n<p>Peugeot 2008<\/p>\n<p>Peugeot 208<\/p>\n<p>Peugeot 3008<\/p>\n<p>Peugeot 308<\/p>\n<p>Peugeot 301<\/p>\n<p>Peugeot 5008<\/p>\n<p>Peugeot 508<\/p>\n<p>Peugeot expert<\/p>\n<p>Peugeot partner<\/p>\n<p>Peugeot rifter<\/p>\n<p>Peugeot traveller<\/p>","protected":false},"excerpt":{"rendered":"<p>\u26a0\ufe0f KIT COMPLET chaine de distribution au pas de 8 mm avec joint spi Offert et d\u00e9j\u00e0 assembl\u00e9 KIT ARBRE<\/p>","protected":false},"featured_media":12272,"comment_status":"open","ping_status":"closed","template":"","meta":{"content-type":""},"product_cat":[111],"product_tag":[],"class_list":{"0":"post-12274","1":"product","2":"type-product","3":"status-publish","4":"has-post-thumbnail","6":"product_cat-accessories","8":"first","9":"instock","10":"shipping-taxable","11":"purchasable","12":"product-type-simple"},"aioseo_notices":[],"jetpack_sharing_enabled":true,"_links":{"self":[{"href":"https:\/\/drs-auto.fr\/en\/wp-json\/wp\/v2\/product\/12274","targetHints":{"allow":["GET"]}}],"collection":[{"href":"https:\/\/drs-auto.fr\/en\/wp-json\/wp\/v2\/product"}],"about":[{"href":"https:\/\/drs-auto.fr\/en\/wp-json\/wp\/v2\/types\/product"}],"replies":[{"embeddable":true,"href":"https:\/\/drs-auto.fr\/en\/wp-json\/wp\/v2\/comments?post=12274"}],"version-history":[{"count":0,"href":"https:\/\/drs-auto.fr\/en\/wp-json\/wp\/v2\/product\/12274\/revisions"}],"wp:featuredmedia":[{"embeddable":true,"href":"https:\/\/drs-auto.fr\/en\/wp-json\/wp\/v2\/media\/12272"}],"wp:attachment":[{"href":"https:\/\/drs-auto.fr\/en\/wp-json\/wp\/v2\/media?parent=12274"}],"wp:term":[{"taxonomy":"product_cat","embeddable":true,"href":"https:\/\/drs-auto.fr\/en\/wp-json\/wp\/v2\/product_cat?post=12274"},{"taxonomy":"product_tag","embeddable":true,"href":"https:\/\/drs-auto.fr\/en\/wp-json\/wp\/v2\/product_tag?post=12274"}],"curies":[{"name":"wp","href":"https:\/\/api.w.org\/{rel}","templated":true}]}}