
{"id":12266,"date":"2025-05-20T15:38:14","date_gmt":"2025-05-20T13:38:14","guid":{"rendered":"https:\/\/drs-auto.fr\/produit\/dayco-pompe-a-eau-kit-de-courroie-crantee-pour-1-5-bluehdi-100-120-130cv\/"},"modified":"2025-07-03T11:55:00","modified_gmt":"2025-07-03T09:55:00","slug":"dayco-pompe-a-eau-kit-de-courroie-crantee-pour-1-5-bluehdi-100-120-130cv","status":"publish","type":"product","link":"https:\/\/drs-auto.fr\/en\/product\/dayco-pompe-a-eau-kit-de-courroie-crantee-pour-1-5-bluehdi-100-120-130cv\/","title":{"rendered":"DAYCO Pompe \u00e0 eau + kit de Courroie Crant\u00e9e pour 1.5 blueHDI 100 120 130cv"},"content":{"rendered":"<p>DAYCO KTBWP12080 Pompe \u00e0 eau + kit de Courroie Crant\u00e9e<\/p>","protected":false},"excerpt":{"rendered":"<p>DAYCO KTBWP12080 Pompe \u00e0 eau + kit de Courroie Crant\u00e9e<\/p>","protected":false},"featured_media":12265,"comment_status":"open","ping_status":"closed","template":"","meta":{"content-type":""},"product_cat":[111],"product_tag":[],"class_list":{"0":"post-12266","1":"product","2":"type-product","3":"status-publish","4":"has-post-thumbnail","6":"product_cat-accessories","8":"first","9":"instock","10":"sale","11":"shipping-taxable","12":"purchasable","13":"product-type-simple"},"aioseo_notices":[],"jetpack_sharing_enabled":true,"_links":{"self":[{"href":"https:\/\/drs-auto.fr\/en\/wp-json\/wp\/v2\/product\/12266","targetHints":{"allow":["GET"]}}],"collection":[{"href":"https:\/\/drs-auto.fr\/en\/wp-json\/wp\/v2\/product"}],"about":[{"href":"https:\/\/drs-auto.fr\/en\/wp-json\/wp\/v2\/types\/product"}],"replies":[{"embeddable":true,"href":"https:\/\/drs-auto.fr\/en\/wp-json\/wp\/v2\/comments?post=12266"}],"version-history":[{"count":0,"href":"https:\/\/drs-auto.fr\/en\/wp-json\/wp\/v2\/product\/12266\/revisions"}],"wp:featuredmedia":[{"embeddable":true,"href":"https:\/\/drs-auto.fr\/en\/wp-json\/wp\/v2\/media\/12265"}],"wp:attachment":[{"href":"https:\/\/drs-auto.fr\/en\/wp-json\/wp\/v2\/media?parent=12266"}],"wp:term":[{"taxonomy":"product_cat","embeddable":true,"href":"https:\/\/drs-auto.fr\/en\/wp-json\/wp\/v2\/product_cat?post=12266"},{"taxonomy":"product_tag","embeddable":true,"href":"https:\/\/drs-auto.fr\/en\/wp-json\/wp\/v2\/product_tag?post=12266"}],"curies":[{"name":"wp","href":"https:\/\/api.w.org\/{rel}","templated":true}]}}