
{"id":12257,"date":"2025-05-06T12:22:48","date_gmt":"2025-05-06T10:22:48","guid":{"rendered":"https:\/\/drs-auto.fr\/produit\/culasse-2-0-dci-2-3-dci-pour-vivaro-movano-renault-master-traffic-m9r-m9t-neuf\/"},"modified":"2025-05-06T12:22:48","modified_gmt":"2025-05-06T10:22:48","slug":"culasse-2-0-dci-2-3-dci-pour-vivaro-movano-renault-master-traffic-m9r-m9t-neuf","status":"publish","type":"product","link":"https:\/\/drs-auto.fr\/en\/product\/culasse-2-0-dci-2-3-dci-pour-vivaro-movano-renault-master-traffic-m9r-m9t-neuf\/","title":{"rendered":"Culasse 2.0 DCI 2.3 DCI pour Vivaro Movano Renault Master Traffic M9R M9T NEUF"},"content":{"rendered":"<p>Culasse NEUVE pour Vivaro Movano Renault Master Traffic M9R M9T 2.0DCI 2.3DCI<\/p>\n<p>Culasse Renault 2.0 DCI 7701477996 &#8211; 7711368682<\/p>\n<p>&#8212;<\/p>\n<p>R\u00c9F\u00c9RENCE(S) RENAULT<br \/>\nR\u00e9f\u00e9rence(s) neuf : 7701477996 &#8211; 77 01 477 996<\/p>\n<p>R\u00e9f\u00e9rence(s) \u00e9change standard :<br \/>\n7711368682 &#8211; 77 11 368 682<br \/>\nR\u00e9f\u00e9rence(s) sur culasse :<br \/>\n8200519994 &#8211; 82 00 519 994 &#8211; 8200539196 &#8211; 82 00 539 196<\/p>\n<p>&#8212;<\/p>\n<p>R\u00c9F\u00c9RENCE(S) NISSAN<br \/>\nR\u00e9f\u00e9rence(s) neuf : 1104100Q0H &#8211; 11041-00Q0H<\/p>\n<p>&#8212;<\/p>\n<p>AFFECTATION(S) TYPES MOTEUR<\/p>\n<p>RENAULT<br \/>\nM9R 700 &#8211; SCENIC 2.0 DCI<br \/>\nM9R 720 &#8211; SCENIC II 2.0 DCI 150<br \/>\nM9R 740 &#8211; ESPACE IV 2.0 DCI 150<br \/>\nM9R 740 &#8211; LAGUNA II 2.0 DCI 150<br \/>\nM9R 742 &#8211; LAGUNA III 2.0 DCI 150<br \/>\nM9R 760 &#8211; ESPACE IV 2.0 DCI 175<br \/>\nM9R 780 &#8211; TRAFIC 2.0 DCI 90<br \/>\nM9R 780 &#8211; TRAFIC 2.0 DCI 115<br \/>\nM9R 782 &#8211; TRAFIC 2.0 DCI 90<br \/>\nM9R 782 &#8211; TRAFIC 2.0 DCI 115<\/p>\n<p>Num\u00e9ro de pi\u00e8ce du fabricant<br \/>\n908625 AMC &#8211; 1104100Q0H, 908625, 1104100Q0H<\/p>","protected":false},"excerpt":{"rendered":"<p>Culasse NEUVE pour Vivaro Movano Renault Master Traffic M9R M9T 2.0DCI 2.3DCI Culasse Renault 2.0 DCI 7701477996 &#8211; 7711368682 &#8212;<\/p>","protected":false},"featured_media":12252,"comment_status":"open","ping_status":"closed","template":"","meta":{"content-type":""},"product_cat":[111],"product_tag":[],"class_list":{"0":"post-12257","1":"product","2":"type-product","3":"status-publish","4":"has-post-thumbnail","6":"product_cat-accessories","8":"first","9":"instock","10":"sale","11":"shipping-taxable","12":"purchasable","13":"product-type-simple"},"aioseo_notices":[],"jetpack_sharing_enabled":true,"_links":{"self":[{"href":"https:\/\/drs-auto.fr\/en\/wp-json\/wp\/v2\/product\/12257","targetHints":{"allow":["GET"]}}],"collection":[{"href":"https:\/\/drs-auto.fr\/en\/wp-json\/wp\/v2\/product"}],"about":[{"href":"https:\/\/drs-auto.fr\/en\/wp-json\/wp\/v2\/types\/product"}],"replies":[{"embeddable":true,"href":"https:\/\/drs-auto.fr\/en\/wp-json\/wp\/v2\/comments?post=12257"}],"version-history":[{"count":0,"href":"https:\/\/drs-auto.fr\/en\/wp-json\/wp\/v2\/product\/12257\/revisions"}],"wp:featuredmedia":[{"embeddable":true,"href":"https:\/\/drs-auto.fr\/en\/wp-json\/wp\/v2\/media\/12252"}],"wp:attachment":[{"href":"https:\/\/drs-auto.fr\/en\/wp-json\/wp\/v2\/media?parent=12257"}],"wp:term":[{"taxonomy":"product_cat","embeddable":true,"href":"https:\/\/drs-auto.fr\/en\/wp-json\/wp\/v2\/product_cat?post=12257"},{"taxonomy":"product_tag","embeddable":true,"href":"https:\/\/drs-auto.fr\/en\/wp-json\/wp\/v2\/product_tag?post=12257"}],"curies":[{"name":"wp","href":"https:\/\/api.w.org\/{rel}","templated":true}]}}