
{"id":12177,"date":"2025-02-21T10:04:34","date_gmt":"2025-02-21T09:04:34","guid":{"rendered":"https:\/\/drs-auto.fr\/produit\/pieces-ford-2-0-eco-blue\/"},"modified":"2025-12-14T19:19:26","modified_gmt":"2025-12-14T18:19:26","slug":"pieces-ford-2-0-eco-blue","status":"publish","type":"product","link":"https:\/\/drs-auto.fr\/en\/product\/pieces-ford-2-0-eco-blue\/","title":{"rendered":"Pi\u00e8ces Ford 2.0 eco blue"},"content":{"rendered":"<p>Ci apr\u00e8s la liste des pi\u00e8ces \u00e0 commander:<\/p>\n<p>Demi culasse arbre \u00e0 came 550euros<\/p>\n<p>16 linguets et 16 poussoirs 200euros<\/p>\n<p>Cache distribution 100euros<\/p>\n<p>Frais d&rsquo;exp\u00e9dition 69euros.<\/p>","protected":false},"excerpt":{"rendered":"<p>Ci apr\u00e8s la liste des pi\u00e8ces \u00e0 commander: Demi culasse arbre \u00e0 came 550euros 16 linguets et 16 poussoirs 200euros<\/p>","protected":false},"featured_media":12176,"comment_status":"open","ping_status":"closed","template":"","meta":{"content-type":""},"product_cat":[111],"product_tag":[],"class_list":{"0":"post-12177","1":"product","2":"type-product","3":"status-publish","4":"has-post-thumbnail","6":"product_cat-accessories","8":"first","9":"instock","10":"shipping-taxable","11":"purchasable","12":"product-type-simple"},"aioseo_notices":[],"jetpack_sharing_enabled":true,"_links":{"self":[{"href":"https:\/\/drs-auto.fr\/en\/wp-json\/wp\/v2\/product\/12177","targetHints":{"allow":["GET"]}}],"collection":[{"href":"https:\/\/drs-auto.fr\/en\/wp-json\/wp\/v2\/product"}],"about":[{"href":"https:\/\/drs-auto.fr\/en\/wp-json\/wp\/v2\/types\/product"}],"replies":[{"embeddable":true,"href":"https:\/\/drs-auto.fr\/en\/wp-json\/wp\/v2\/comments?post=12177"}],"version-history":[{"count":4,"href":"https:\/\/drs-auto.fr\/en\/wp-json\/wp\/v2\/product\/12177\/revisions"}],"predecessor-version":[{"id":12452,"href":"https:\/\/drs-auto.fr\/en\/wp-json\/wp\/v2\/product\/12177\/revisions\/12452"}],"wp:featuredmedia":[{"embeddable":true,"href":"https:\/\/drs-auto.fr\/en\/wp-json\/wp\/v2\/media\/12176"}],"wp:attachment":[{"href":"https:\/\/drs-auto.fr\/en\/wp-json\/wp\/v2\/media?parent=12177"}],"wp:term":[{"taxonomy":"product_cat","embeddable":true,"href":"https:\/\/drs-auto.fr\/en\/wp-json\/wp\/v2\/product_cat?post=12177"},{"taxonomy":"product_tag","embeddable":true,"href":"https:\/\/drs-auto.fr\/en\/wp-json\/wp\/v2\/product_tag?post=12177"}],"curies":[{"name":"wp","href":"https:\/\/api.w.org\/{rel}","templated":true}]}}