
{"id":12171,"date":"2025-02-17T10:24:10","date_gmt":"2025-02-17T09:24:10","guid":{"rendered":"https:\/\/drs-auto.fr\/produit\/module-pour-peugeot-308-3008-5008-9675350380-unite-de-protection-gestionnaire-de-batterie-neuf\/"},"modified":"2025-04-03T14:31:31","modified_gmt":"2025-04-03T12:31:31","slug":"module-pour-peugeot-308-3008-5008-9675350380-unite-de-protection-gestionnaire-de-batterie-neuf","status":"publish","type":"product","link":"https:\/\/drs-auto.fr\/en\/product\/module-pour-peugeot-308-3008-5008-9675350380-unite-de-protection-gestionnaire-de-batterie-neuf\/","title":{"rendered":"Module pour PEUGEOT 308 3008 5008 9675350380 UNIT\u00c9 DE PROTECTION GESTIONNAIRE De Batterie neuf"},"content":{"rendered":"<p>Module pour PEUGEOT 308 3008 5008 9675350380 UNIT\u00c9 DE PROTECTION GESTIONNAIRE De Batterie<\/p>\n<p>R\u00e9f\u00e9rences \u00e9quivalentes: 9675350280, 9675349880, 9675350380<\/p>\n<p>C4 Grand Picasso II &#8211; 2013 onwards &#8211; 1.2 THP, 1.6 VTi, 1.6 THP, 1.6 HDi &amp; BlueHDi &amp; 2.0 BlueHDi<\/p>\n<p>C4 Picasso II &#8211; 2013 onwards &#8211; 1.2 THP, 1.6 VTi, 1.6 THP, 1.6 HDi &amp; BlueHDi &amp; 2.0 BlueHDi<\/p>\n<p>C4 Spacetourer &#8211; 2018 onwards &#8211; 1.2 PureTech, 1.6 THP, 1.5 BlueHDi, 1.6 BlueHDi &amp; 2.0 BlueHDi<\/p>\n<p>C4 Grand Spacetourer &#8211; 2018 onwards &#8211; 1.2 THP, 1.6 VTi, 1.6 THP, 1.6 HDi &amp; BlueHDi &amp; 2.0 BlueHDi<\/p>\n<p>3008 &#8211; 2016 onwards &#8211; 1.2 THP, 1.6 PureTech, 1.6 BlueHDi, 1.5 BlueHDi, 2.0 BlueHDi<\/p>\n<p>308 II &amp; SW II &#8211; 2013 onwards &#8211; 1.2 VTi, 1.2 THP, 1.6 VTi, 1.6 THP, 1.6 GT, 1.6 PureTech, 1.6 GTi, 1.5 BlueHDi, 1.6 HDi, 1.6 BlueHDi, 2.0 BlueHDi, 2.0 GT &amp; BlueHDi<\/p>\n<p>5008 II &#8211; 2016 onwards &#8211; 1.2, 1.6, 1.6 THP, 1.6 PureTech, 1.6 BlueHDi, 1.5 BlueHDi, 2.0 BlueHDi<\/p>","protected":false},"excerpt":{"rendered":"<p>Module pour PEUGEOT 308 3008 5008 9675350380 UNIT\u00c9 DE PROTECTION GESTIONNAIRE De Batterie R\u00e9f\u00e9rences \u00e9quivalentes: 9675350280, 9675349880, 9675350380 C4 Grand<\/p>","protected":false},"featured_media":12168,"comment_status":"open","ping_status":"closed","template":"","meta":{"content-type":""},"product_cat":[111],"product_tag":[],"class_list":{"0":"post-12171","1":"product","2":"type-product","3":"status-publish","4":"has-post-thumbnail","6":"product_cat-accessories","8":"first","9":"instock","10":"shipping-taxable","11":"purchasable","12":"product-type-simple"},"aioseo_notices":[],"jetpack_sharing_enabled":true,"_links":{"self":[{"href":"https:\/\/drs-auto.fr\/en\/wp-json\/wp\/v2\/product\/12171","targetHints":{"allow":["GET"]}}],"collection":[{"href":"https:\/\/drs-auto.fr\/en\/wp-json\/wp\/v2\/product"}],"about":[{"href":"https:\/\/drs-auto.fr\/en\/wp-json\/wp\/v2\/types\/product"}],"replies":[{"embeddable":true,"href":"https:\/\/drs-auto.fr\/en\/wp-json\/wp\/v2\/comments?post=12171"}],"version-history":[{"count":0,"href":"https:\/\/drs-auto.fr\/en\/wp-json\/wp\/v2\/product\/12171\/revisions"}],"wp:featuredmedia":[{"embeddable":true,"href":"https:\/\/drs-auto.fr\/en\/wp-json\/wp\/v2\/media\/12168"}],"wp:attachment":[{"href":"https:\/\/drs-auto.fr\/en\/wp-json\/wp\/v2\/media?parent=12171"}],"wp:term":[{"taxonomy":"product_cat","embeddable":true,"href":"https:\/\/drs-auto.fr\/en\/wp-json\/wp\/v2\/product_cat?post=12171"},{"taxonomy":"product_tag","embeddable":true,"href":"https:\/\/drs-auto.fr\/en\/wp-json\/wp\/v2\/product_tag?post=12171"}],"curies":[{"name":"wp","href":"https:\/\/api.w.org\/{rel}","templated":true}]}}