
{"id":12147,"date":"2025-01-16T19:33:03","date_gmt":"2025-01-16T18:33:03","guid":{"rendered":"https:\/\/drs-auto.fr\/produit\/kit-chaine-plus-tendeur-arbre-a-came-1-5-hdi-chaine-7mm-neuf-et-renforcee\/"},"modified":"2025-01-16T19:33:03","modified_gmt":"2025-01-16T18:33:03","slug":"kit-chaine-plus-tendeur-arbre-a-came-1-5-hdi-chaine-7mm-neuf-et-renforcee","status":"publish","type":"product","link":"https:\/\/drs-auto.fr\/en\/product\/kit-chaine-plus-tendeur-arbre-a-came-1-5-hdi-chaine-7mm-neuf-et-renforcee\/","title":{"rendered":"Kit chaine plus tendeur arbre \u00e0 came 1.5 hdi cha\u00eene 7mm NEUF et renforc\u00e9e"},"content":{"rendered":"<p>Kit tendeur et cha\u00eene arbre \u00e0 came \u00e9chappement et admission en 7mm renforc\u00e9e<\/p>\n<p>R\u00e9f\u00e9rences :<\/p>\n<p>9823954880<br \/>\n9826028980<\/p>\n<p>Moteur 1.5 hdi 100 120 130cv<\/p>\n<p>BlueHDi<br \/>\nBerlingo C3 aircross<br \/>\nC3<br \/>\nC5<br \/>\nC4 Grand Picasso<br \/>\nJumpy<br \/>\nSpace tourer<br \/>\nDS3<br \/>\nDS4<br \/>\nDS5<br \/>\nFord focus<br \/>\nFord Tourneo connect<br \/>\nFord transit<br \/>\nOpel combo<br \/>\nOpel corsa<br \/>\nOpel vivaro<br \/>\nOpel Zafira<br \/>\nPeugeot 2008<br \/>\nPeugeot 208<br \/>\nPeugeot 3008<br \/>\nPeugeot 308<br \/>\nPeugeot 301<br \/>\nPeugeot 5008<br \/>\nPeugeot 508<br \/>\nPeugeot expert<br \/>\nPeugeot partner<br \/>\nPeugeot rifter<br \/>\nPeugeot traveller<\/p>","protected":false},"excerpt":{"rendered":"<p>Kit tendeur et cha\u00eene arbre \u00e0 came \u00e9chappement et admission en 7mm renforc\u00e9e R\u00e9f\u00e9rences : 9823954880 9826028980 Moteur 1.5 hdi<\/p>","protected":false},"featured_media":0,"comment_status":"open","ping_status":"closed","template":"","meta":{"content-type":""},"product_cat":[111],"product_tag":[],"class_list":{"0":"post-12147","1":"product","2":"type-product","3":"status-publish","5":"product_cat-accessories","7":"first","8":"instock","9":"shipping-taxable","10":"purchasable","11":"product-type-simple"},"aioseo_notices":[],"jetpack_sharing_enabled":true,"_links":{"self":[{"href":"https:\/\/drs-auto.fr\/en\/wp-json\/wp\/v2\/product\/12147","targetHints":{"allow":["GET"]}}],"collection":[{"href":"https:\/\/drs-auto.fr\/en\/wp-json\/wp\/v2\/product"}],"about":[{"href":"https:\/\/drs-auto.fr\/en\/wp-json\/wp\/v2\/types\/product"}],"replies":[{"embeddable":true,"href":"https:\/\/drs-auto.fr\/en\/wp-json\/wp\/v2\/comments?post=12147"}],"version-history":[{"count":0,"href":"https:\/\/drs-auto.fr\/en\/wp-json\/wp\/v2\/product\/12147\/revisions"}],"wp:attachment":[{"href":"https:\/\/drs-auto.fr\/en\/wp-json\/wp\/v2\/media?parent=12147"}],"wp:term":[{"taxonomy":"product_cat","embeddable":true,"href":"https:\/\/drs-auto.fr\/en\/wp-json\/wp\/v2\/product_cat?post=12147"},{"taxonomy":"product_tag","embeddable":true,"href":"https:\/\/drs-auto.fr\/en\/wp-json\/wp\/v2\/product_tag?post=12147"}],"curies":[{"name":"wp","href":"https:\/\/api.w.org\/{rel}","templated":true}]}}