
{"id":12110,"date":"2024-12-18T09:22:38","date_gmt":"2024-12-18T08:22:38","guid":{"rendered":"https:\/\/drs-auto.fr\/produit\/kit-16-soupapes-16-linguets-16-poussoirs-chaine-arbre-a-cames-moteur-1-5-hdi-oe-neuf-1638159880-9812647280-en-8mm-modele-renforce\/"},"modified":"2025-10-20T11:13:11","modified_gmt":"2025-10-20T09:13:11","slug":"kit-16-soupapes-16-linguets-16-poussoirs-chaine-arbre-a-cames-moteur-1-5-hdi-oe-neuf-1638159880-9812647280-en-8mm-modele-renforce","status":"publish","type":"product","link":"https:\/\/drs-auto.fr\/en\/product\/kit-16-soupapes-16-linguets-16-poussoirs-chaine-arbre-a-cames-moteur-1-5-hdi-oe-neuf-1638159880-9812647280-en-8mm-modele-renforce\/","title":{"rendered":"KIT 16 Soupapes + 16 linguets + 16 poussoirs  + joint de culasse + TENDEUR CHAINE ARBRE A CAMES MOTEUR 1.5 HDI OE NEUF 1638159880 9812647280 en 8mm"},"content":{"rendered":"<p>KIT CHAINE ARBRE A CAMES MOTEUR 1.5 HDI OE NEUF 1638159880 9812647280 en 8mm adaptable !<\/p>\n<p>Vendu avec tendeur de cha\u00eene arbre \u00e0 came \u00e9chappement et admission ainsi que la demi culasse.<\/p>\n<p>BlueHDi<\/p>\n<p>Berlingo C3 aircross<\/p>\n<p>C3<\/p>\n<p>C5<\/p>\n<p>C4 Grand Picasso<\/p>\n<p>Jumpy<\/p>\n<p>Space tourer<\/p>\n<p>DS3<\/p>\n<p>DS4<\/p>\n<p>DS5<\/p>\n<p>Ford focus<\/p>\n<p>Ford Tourneo connect<\/p>\n<p>Ford transit<\/p>\n<p>Opel combo<\/p>\n<p>Opel corsa<\/p>\n<p>Opel vivaro<\/p>\n<p>Opel Zafira<\/p>\n<p>Peugeot 2008<\/p>\n<p>Peugeot 208<\/p>\n<p>Peugeot 3008<\/p>\n<p>Peugeot 308<\/p>\n<p>Peugeot 301<\/p>\n<p>Peugeot 5008<\/p>\n<p>Peugeot 508<\/p>\n<p>Peugeot expert<\/p>\n<p>Peugeot partner<\/p>\n<p>Peugeot rifter<\/p>\n<p>Peugeot traveller<\/p>","protected":false},"excerpt":{"rendered":"<p>KIT CHAINE ARBRE A CAMES MOTEUR 1.5 HDI OE NEUF 1638159880 9812647280 en 8mm adaptable ! Vendu avec tendeur de<\/p>","protected":false},"featured_media":12109,"comment_status":"open","ping_status":"closed","template":"","meta":{"content-type":""},"product_cat":[111],"product_tag":[],"class_list":{"0":"post-12110","1":"product","2":"type-product","3":"status-publish","4":"has-post-thumbnail","6":"product_cat-accessories","8":"first","9":"instock","10":"sale","11":"shipping-taxable","12":"purchasable","13":"product-type-simple"},"aioseo_notices":[],"jetpack_sharing_enabled":true,"_links":{"self":[{"href":"https:\/\/drs-auto.fr\/en\/wp-json\/wp\/v2\/product\/12110","targetHints":{"allow":["GET"]}}],"collection":[{"href":"https:\/\/drs-auto.fr\/en\/wp-json\/wp\/v2\/product"}],"about":[{"href":"https:\/\/drs-auto.fr\/en\/wp-json\/wp\/v2\/types\/product"}],"replies":[{"embeddable":true,"href":"https:\/\/drs-auto.fr\/en\/wp-json\/wp\/v2\/comments?post=12110"}],"version-history":[{"count":4,"href":"https:\/\/drs-auto.fr\/en\/wp-json\/wp\/v2\/product\/12110\/revisions"}],"predecessor-version":[{"id":12358,"href":"https:\/\/drs-auto.fr\/en\/wp-json\/wp\/v2\/product\/12110\/revisions\/12358"}],"wp:featuredmedia":[{"embeddable":true,"href":"https:\/\/drs-auto.fr\/en\/wp-json\/wp\/v2\/media\/12109"}],"wp:attachment":[{"href":"https:\/\/drs-auto.fr\/en\/wp-json\/wp\/v2\/media?parent=12110"}],"wp:term":[{"taxonomy":"product_cat","embeddable":true,"href":"https:\/\/drs-auto.fr\/en\/wp-json\/wp\/v2\/product_cat?post=12110"},{"taxonomy":"product_tag","embeddable":true,"href":"https:\/\/drs-auto.fr\/en\/wp-json\/wp\/v2\/product_tag?post=12110"}],"curies":[{"name":"wp","href":"https:\/\/api.w.org\/{rel}","templated":true}]}}