
{"id":12075,"date":"2024-11-23T06:06:08","date_gmt":"2024-11-23T05:06:08","guid":{"rendered":"https:\/\/drs-auto.fr\/produit\/pochette-de-joint-complete-pour-1-2-tce-renault-mercedes-nissan\/"},"modified":"2024-11-23T06:06:09","modified_gmt":"2024-11-23T05:06:09","slug":"pochette-de-joint-complete-pour-1-2-tce-renault-mercedes-nissan","status":"publish","type":"product","link":"https:\/\/drs-auto.fr\/en\/product\/pochette-de-joint-complete-pour-1-2-tce-renault-mercedes-nissan\/","title":{"rendered":"Pochette de Joint compl\u00e8te pour 1.2 TCE RENAULT MERCEDES NISSAN"},"content":{"rendered":"<p>Pochette de Joint compl\u00e8te pour 1.2 TCE RENAULT MERCEDES NISSAN<\/p>\n<p>Joint de culasse<\/p>\n<p>Joint de queue de soupape<\/p>\n<p>Joint de collecteur d&rsquo;\u00e9chappement<\/p>\n<p>Joint collecteur admission<\/p>\n<p>Joint admission d&rsquo;air d\u00e9-huileur<\/p>\n<p>Num\u00e9ros OEM comparables<br \/>\nDACIA &#8211; RENAULT OE-10 10 153 03RMERCEDES-BENZ OE-200 016 00 00MERCEDES-BENZ OE-A 200 016 00 00NISSAN OE-10101-00Q2B<\/p>\n<p>AJUSA: 52400400<br \/>\nBGA: HK6397<br \/>\nCORTECO: 83403628<br \/>\nDR.MOTOR AUTOMOTIVE: DRM18208S<br \/>\nELRING: 564.880<br \/>\nREINZ: 02-10256-01<\/p>\n<p>V\u00e9hicules compatibles :<\/p>\n<p>Mots-cl\u00e9s : Renault Clio, Renault Captur, Renault M\u00e9gane, Renault Sc\u00e9nic, Renault Kadjar, moteur TCe, moteur dci, 1.6 Dci , trafic 3 et Renault Espace 5-cha\u00eenes de distribution, remplacement cha\u00eene de distribution, entretien Renault.<\/p>","protected":false},"excerpt":{"rendered":"<p>Pochette de Joint compl\u00e8te pour 1.2 TCE RENAULT MERCEDES NISSAN Joint de culasse Joint de queue de soupape Joint de<\/p>","protected":false},"featured_media":12073,"comment_status":"open","ping_status":"closed","template":"","meta":{"content-type":""},"product_cat":[111],"product_tag":[],"class_list":{"0":"post-12075","1":"product","2":"type-product","3":"status-publish","4":"has-post-thumbnail","6":"product_cat-accessories","8":"first","9":"instock","10":"shipping-taxable","11":"purchasable","12":"product-type-simple"},"aioseo_notices":[],"jetpack_sharing_enabled":true,"_links":{"self":[{"href":"https:\/\/drs-auto.fr\/en\/wp-json\/wp\/v2\/product\/12075","targetHints":{"allow":["GET"]}}],"collection":[{"href":"https:\/\/drs-auto.fr\/en\/wp-json\/wp\/v2\/product"}],"about":[{"href":"https:\/\/drs-auto.fr\/en\/wp-json\/wp\/v2\/types\/product"}],"replies":[{"embeddable":true,"href":"https:\/\/drs-auto.fr\/en\/wp-json\/wp\/v2\/comments?post=12075"}],"version-history":[{"count":0,"href":"https:\/\/drs-auto.fr\/en\/wp-json\/wp\/v2\/product\/12075\/revisions"}],"wp:featuredmedia":[{"embeddable":true,"href":"https:\/\/drs-auto.fr\/en\/wp-json\/wp\/v2\/media\/12073"}],"wp:attachment":[{"href":"https:\/\/drs-auto.fr\/en\/wp-json\/wp\/v2\/media?parent=12075"}],"wp:term":[{"taxonomy":"product_cat","embeddable":true,"href":"https:\/\/drs-auto.fr\/en\/wp-json\/wp\/v2\/product_cat?post=12075"},{"taxonomy":"product_tag","embeddable":true,"href":"https:\/\/drs-auto.fr\/en\/wp-json\/wp\/v2\/product_tag?post=12075"}],"curies":[{"name":"wp","href":"https:\/\/api.w.org\/{rel}","templated":true}]}}