
{"id":12013,"date":"2024-10-14T09:33:48","date_gmt":"2024-10-14T07:33:48","guid":{"rendered":"https:\/\/drs-auto.fr\/produit\/boitier-thermostat-refroidissement-peugeot-1-6-bluehdi-9850364680-9803549480-ref-psa9850364680or\/"},"modified":"2025-02-07T18:01:51","modified_gmt":"2025-02-07T17:01:51","slug":"boitier-thermostat-refroidissement-peugeot-1-6-bluehdi-9850364680-9803549480-ref-psa9850364680or","status":"publish","type":"product","link":"https:\/\/drs-auto.fr\/en\/product\/boitier-thermostat-refroidissement-peugeot-1-6-bluehdi-9850364680-9803549480-ref-psa9850364680or\/","title":{"rendered":"BOITIER THERMOSTAT REFROIDISSEMENT PEUGEOT 1.6 BLUEHDI 9850364680 9803549480 (r\u00e9f. PSA9850364680)"},"content":{"rendered":"<p>Bo\u00eetier Thermostat d&rsquo;eau liquide de refroidissement moteur pour Jumpy Expert C3 C4 DS3 DS4 DS5 2008 208 308 3008 508 5008 Partner<\/p>\n<p>BOITIER THERMOSTAT REFROIDISSEMENT<br \/>\nPour :<\/p>\n<p>PEUGEOT EXPERT \/ TRAVELLER \/ PARTNER \/ RIFTER<br \/>\nPEUGEOT 208 \/ 308 \/ 508<br \/>\nPEUGEOT 2008 \/ 3008 \/ 5008<br \/>\nPi\u00e8ce de r\u00e9f\u00e9rence : 9850364680<\/p>\n<p>R\u00e9f\u00e9rence interne : PSA9850364680OR<\/p>\n<p>Produit neuf<\/p>","protected":false},"excerpt":{"rendered":"<p>Bo\u00eetier Thermostat d&rsquo;eau liquide de refroidissement moteur pour Jumpy Expert C3 C4 DS3 DS4 DS5 2008 208 308 3008 508<\/p>","protected":false},"featured_media":12011,"comment_status":"open","ping_status":"closed","template":"","meta":{"content-type":""},"product_cat":[111],"product_tag":[],"class_list":{"0":"post-12013","1":"product","2":"type-product","3":"status-publish","4":"has-post-thumbnail","6":"product_cat-accessories","8":"first","9":"instock","10":"sale","11":"shipping-taxable","12":"purchasable","13":"product-type-simple"},"aioseo_notices":[],"jetpack_sharing_enabled":true,"_links":{"self":[{"href":"https:\/\/drs-auto.fr\/en\/wp-json\/wp\/v2\/product\/12013","targetHints":{"allow":["GET"]}}],"collection":[{"href":"https:\/\/drs-auto.fr\/en\/wp-json\/wp\/v2\/product"}],"about":[{"href":"https:\/\/drs-auto.fr\/en\/wp-json\/wp\/v2\/types\/product"}],"replies":[{"embeddable":true,"href":"https:\/\/drs-auto.fr\/en\/wp-json\/wp\/v2\/comments?post=12013"}],"version-history":[{"count":1,"href":"https:\/\/drs-auto.fr\/en\/wp-json\/wp\/v2\/product\/12013\/revisions"}],"predecessor-version":[{"id":12143,"href":"https:\/\/drs-auto.fr\/en\/wp-json\/wp\/v2\/product\/12013\/revisions\/12143"}],"wp:featuredmedia":[{"embeddable":true,"href":"https:\/\/drs-auto.fr\/en\/wp-json\/wp\/v2\/media\/12011"}],"wp:attachment":[{"href":"https:\/\/drs-auto.fr\/en\/wp-json\/wp\/v2\/media?parent=12013"}],"wp:term":[{"taxonomy":"product_cat","embeddable":true,"href":"https:\/\/drs-auto.fr\/en\/wp-json\/wp\/v2\/product_cat?post=12013"},{"taxonomy":"product_tag","embeddable":true,"href":"https:\/\/drs-auto.fr\/en\/wp-json\/wp\/v2\/product_tag?post=12013"}],"curies":[{"name":"wp","href":"https:\/\/api.w.org\/{rel}","templated":true}]}}