
{"id":12004,"date":"2024-10-01T15:34:01","date_gmt":"2024-10-01T13:34:01","guid":{"rendered":"https:\/\/drs-auto.fr\/produit\/culbuteur-linguet-1-6-e-hdi-92-112-115-120cv-0903-65\/"},"modified":"2024-10-01T15:34:02","modified_gmt":"2024-10-01T13:34:02","slug":"culbuteur-linguet-1-6-e-hdi-92-112-115-120cv-0903-65","status":"publish","type":"product","link":"https:\/\/drs-auto.fr\/en\/product\/culbuteur-linguet-1-6-e-hdi-92-112-115-120cv-0903-65\/","title":{"rendered":"Culbuteur \/ Linguet 1.6 e-hdi 92 112 115 120cv 0903.65"},"content":{"rendered":"<p>Culbuteur pour motorisation 1.6 e-hdi moteur DV6C<\/p>\n<p>R\u00e9f\u00e9rences<\/p>\n<p>CITRO\u00cbN, FIAT, PEUGEOT 9636848280 et 0903.65<\/p>\n<p>Code Moteur<\/p>\n<p>1.4 HDI, 1.6 HDI, BLUEHDI1.4, 1.6, 1.5 TDCI, MZ-CD, 1.6D, 1.6 TURBO D, D4D<\/p>\n<p>8HR (DV4C), 9HD (DV6C), 9HE (DV6DBM), 9HH (DV6DUM), 9HJ (DV6DTEDM), 9HK (DV6ETEDM), 9HL (DV6C), 9HM (DV6UC), 9HN (DV6ETED), 9HP (DV6DTED), 9HR (DV6C), BHZ (DV1BB), T T1BC T1DA T1DB T3DA T3DB TZJA TZJB 8HP (DV4C), 9HD (DV6CTED), 9HH (DV6DUM)<\/p>\n<p>Emplacement sur le v\u00e9hicule<\/p>\n<p>Moteur<\/p>\n<p>Longueur<\/p>\n<p>410<\/p>\n<p>Direction Conduite<\/p>\n<p>Pour v\u00e9hicules avec direction \u00e0 Droite (RHD)<\/p>\n<p>Pour v\u00e9hicules avec direction \u00e0 Gauche (LHD)<\/p>\n<p>Diam\u00e8tre<\/p>\n<p>37<\/p>\n<p>Marque V\u00e9hicule<\/p>\n<p>CITRO\u00cbN<\/p>\n<p>DS<\/p>\n<p>FIAT<\/p>\n<p>FORD<\/p>\n<p>MAZDA<\/p>\n<p>MITSUBISHI<\/p>\n<p>OPEL<\/p>\n<p>PEUGEOT<\/p>\n<p>TOYOTA<\/p>","protected":false},"excerpt":{"rendered":"<p>Culbuteur pour motorisation 1.6 e-hdi moteur DV6C R\u00e9f\u00e9rences CITRO\u00cbN, FIAT, PEUGEOT 9636848280 et 0903.65 Code Moteur 1.4 HDI, 1.6 HDI,<\/p>","protected":false},"featured_media":12002,"comment_status":"open","ping_status":"closed","template":"","meta":{"content-type":""},"product_cat":[111],"product_tag":[],"class_list":{"0":"post-12004","1":"product","2":"type-product","3":"status-publish","4":"has-post-thumbnail","6":"product_cat-accessories","8":"first","9":"instock","10":"shipping-taxable","11":"purchasable","12":"product-type-simple"},"aioseo_notices":[],"jetpack_sharing_enabled":true,"_links":{"self":[{"href":"https:\/\/drs-auto.fr\/en\/wp-json\/wp\/v2\/product\/12004","targetHints":{"allow":["GET"]}}],"collection":[{"href":"https:\/\/drs-auto.fr\/en\/wp-json\/wp\/v2\/product"}],"about":[{"href":"https:\/\/drs-auto.fr\/en\/wp-json\/wp\/v2\/types\/product"}],"replies":[{"embeddable":true,"href":"https:\/\/drs-auto.fr\/en\/wp-json\/wp\/v2\/comments?post=12004"}],"version-history":[{"count":0,"href":"https:\/\/drs-auto.fr\/en\/wp-json\/wp\/v2\/product\/12004\/revisions"}],"wp:featuredmedia":[{"embeddable":true,"href":"https:\/\/drs-auto.fr\/en\/wp-json\/wp\/v2\/media\/12002"}],"wp:attachment":[{"href":"https:\/\/drs-auto.fr\/en\/wp-json\/wp\/v2\/media?parent=12004"}],"wp:term":[{"taxonomy":"product_cat","embeddable":true,"href":"https:\/\/drs-auto.fr\/en\/wp-json\/wp\/v2\/product_cat?post=12004"},{"taxonomy":"product_tag","embeddable":true,"href":"https:\/\/drs-auto.fr\/en\/wp-json\/wp\/v2\/product_tag?post=12004"}],"curies":[{"name":"wp","href":"https:\/\/api.w.org\/{rel}","templated":true}]}}