
{"id":11985,"date":"2024-09-24T12:23:12","date_gmt":"2024-09-24T10:23:12","guid":{"rendered":"https:\/\/drs-auto.fr\/produit\/turbocompresseur-798128-pour-citroen-jumper-iii-2-2-hdi-110-81-96kw-4h03-9802446680-neuf\/"},"modified":"2024-09-24T12:23:12","modified_gmt":"2024-09-24T10:23:12","slug":"turbocompresseur-798128-pour-citroen-jumper-iii-2-2-hdi-110-81-96kw-4h03-9802446680-neuf","status":"publish","type":"product","link":"https:\/\/drs-auto.fr\/en\/product\/turbocompresseur-798128-pour-citroen-jumper-iii-2-2-hdi-110-81-96kw-4h03-9802446680-neuf\/","title":{"rendered":"Turbocompresseur 798128 pour Citroen Jumper III 2.2 HDi 110\/81\/96Kw 4H03 9802446680 NEUF"},"content":{"rendered":"<p>Turbo compresseur pour 798128 Citroen Jumper III 2.2 HDi 110\/81\/96Kw 4H03 9802446680<\/p>\n<p>Produit 100% neuf<\/p>\n<p>Mod\u00e8le: GTB1749V<\/p>\n<p>Num\u00e9ro de r\u00e9ference:<\/p>\n<p>798128, 798128-5006S, 798128-5004S, 798128-5002S, 798128-0004, 798128-0002<br \/>\nNum\u00e9ro OEM :<\/p>\n<p>9802446680, 9676934380, CU3Q6K682BA, CU3Q6K682AB<\/p>\n<p>Mod\u00e8le du v\u00e9hicule :<\/p>\n<p>Turbo charger for Citroen Jumper III 2.2 HDi 110Kw 150HP 4H03 2011-<br \/>\nTurbo charger for Citroen Jumper III 2.2 HDi 81Kw 110HP 4H03 2011-<br \/>\nTurbo charger for Citroen Jumper III 2.2 HDi 96Kw 130HP 4H03 2011-<br \/>\nTurbo charger for Fiat Ducato III 2.2 HDi 110Kw 150HP 4H03 2011-<br \/>\nTurbo charger for Fiat Ducato III 2.2 HDi 81Kw 110HP 4H03 2011-<br \/>\nTurbo charger for Fiat Ducato III 2.2 HDi 96Kw 130HP 4H03 2011-<br \/>\nTurbo charger for Peugeot Boxer III 2.2 HDi 110Kw 150HP 4H03 2011-<br \/>\nTurbo charger for Peugeot Boxer III 2.2 HDi 81Kw 110HP 4H03 2011-<br \/>\nTurbo charger for Peugeot Boxer III 2.2 HDi 96Kw 130HP 4H03 2011-<\/p>","protected":false},"excerpt":{"rendered":"<p>Turbo compresseur pour 798128 Citroen Jumper III 2.2 HDi 110\/81\/96Kw 4H03 9802446680 Produit 100% neuf Mod\u00e8le: GTB1749V Num\u00e9ro de r\u00e9ference:<\/p>","protected":false},"featured_media":11982,"comment_status":"open","ping_status":"closed","template":"","meta":{"content-type":""},"product_cat":[111],"product_tag":[],"class_list":{"0":"post-11985","1":"product","2":"type-product","3":"status-publish","4":"has-post-thumbnail","6":"product_cat-accessories","8":"first","9":"instock","10":"sale","11":"shipping-taxable","12":"purchasable","13":"product-type-simple"},"aioseo_notices":[],"jetpack_sharing_enabled":true,"_links":{"self":[{"href":"https:\/\/drs-auto.fr\/en\/wp-json\/wp\/v2\/product\/11985","targetHints":{"allow":["GET"]}}],"collection":[{"href":"https:\/\/drs-auto.fr\/en\/wp-json\/wp\/v2\/product"}],"about":[{"href":"https:\/\/drs-auto.fr\/en\/wp-json\/wp\/v2\/types\/product"}],"replies":[{"embeddable":true,"href":"https:\/\/drs-auto.fr\/en\/wp-json\/wp\/v2\/comments?post=11985"}],"version-history":[{"count":0,"href":"https:\/\/drs-auto.fr\/en\/wp-json\/wp\/v2\/product\/11985\/revisions"}],"wp:featuredmedia":[{"embeddable":true,"href":"https:\/\/drs-auto.fr\/en\/wp-json\/wp\/v2\/media\/11982"}],"wp:attachment":[{"href":"https:\/\/drs-auto.fr\/en\/wp-json\/wp\/v2\/media?parent=11985"}],"wp:term":[{"taxonomy":"product_cat","embeddable":true,"href":"https:\/\/drs-auto.fr\/en\/wp-json\/wp\/v2\/product_cat?post=11985"},{"taxonomy":"product_tag","embeddable":true,"href":"https:\/\/drs-auto.fr\/en\/wp-json\/wp\/v2\/product_tag?post=11985"}],"curies":[{"name":"wp","href":"https:\/\/api.w.org\/{rel}","templated":true}]}}