
{"id":11968,"date":"2024-09-11T17:24:27","date_gmt":"2024-09-11T15:24:27","guid":{"rendered":"https:\/\/drs-auto.fr\/produit\/jeu-de-joints-detancheite-tige-de-soupape-reinz-12-17500-01\/"},"modified":"2024-09-11T17:41:19","modified_gmt":"2024-09-11T15:41:19","slug":"jeu-de-joints-detancheite-tige-de-soupape-reinz-12-17500-01","status":"publish","type":"product","link":"https:\/\/drs-auto.fr\/en\/product\/jeu-de-joints-detancheite-tige-de-soupape-reinz-12-17500-01\/","title":{"rendered":"Joint d&rsquo;\u00e9tanch\u00e9it\u00e9, tige de soupape REINZ 1.5 hdi"},"content":{"rendered":"<p>Un joint d&rsquo;\u00e9tanch\u00e9it\u00e9, tige de soupape REINZ 12-17500-01 pour moteur 1.5 blueHDI<\/p>\n<p>100 120 et 130cv<\/p>\n<p>Quantit\u00e9 1<\/p>","protected":false},"excerpt":{"rendered":"<p>Un joint d&rsquo;\u00e9tanch\u00e9it\u00e9, tige de soupape REINZ 12-17500-01 pour moteur 1.5 blueHDI 100 120 et 130cv Quantit\u00e9 1<\/p>","protected":false},"featured_media":11972,"comment_status":"open","ping_status":"closed","template":"","meta":{"content-type":""},"product_cat":[111],"product_tag":[],"class_list":{"0":"post-11968","1":"product","2":"type-product","3":"status-publish","4":"has-post-thumbnail","6":"product_cat-accessories","8":"first","9":"instock","10":"shipping-taxable","11":"purchasable","12":"product-type-simple"},"aioseo_notices":[],"jetpack_sharing_enabled":true,"_links":{"self":[{"href":"https:\/\/drs-auto.fr\/en\/wp-json\/wp\/v2\/product\/11968","targetHints":{"allow":["GET"]}}],"collection":[{"href":"https:\/\/drs-auto.fr\/en\/wp-json\/wp\/v2\/product"}],"about":[{"href":"https:\/\/drs-auto.fr\/en\/wp-json\/wp\/v2\/types\/product"}],"replies":[{"embeddable":true,"href":"https:\/\/drs-auto.fr\/en\/wp-json\/wp\/v2\/comments?post=11968"}],"version-history":[{"count":3,"href":"https:\/\/drs-auto.fr\/en\/wp-json\/wp\/v2\/product\/11968\/revisions"}],"predecessor-version":[{"id":11973,"href":"https:\/\/drs-auto.fr\/en\/wp-json\/wp\/v2\/product\/11968\/revisions\/11973"}],"wp:featuredmedia":[{"embeddable":true,"href":"https:\/\/drs-auto.fr\/en\/wp-json\/wp\/v2\/media\/11972"}],"wp:attachment":[{"href":"https:\/\/drs-auto.fr\/en\/wp-json\/wp\/v2\/media?parent=11968"}],"wp:term":[{"taxonomy":"product_cat","embeddable":true,"href":"https:\/\/drs-auto.fr\/en\/wp-json\/wp\/v2\/product_cat?post=11968"},{"taxonomy":"product_tag","embeddable":true,"href":"https:\/\/drs-auto.fr\/en\/wp-json\/wp\/v2\/product_tag?post=11968"}],"curies":[{"name":"wp","href":"https:\/\/api.w.org\/{rel}","templated":true}]}}