
{"id":11886,"date":"2024-05-30T11:07:49","date_gmt":"2024-05-30T09:07:49","guid":{"rendered":"https:\/\/drs-auto.fr\/produit\/jeu-de-joints-detancheite-tige-de-soupape-moteur-dw10-dw12-2-0-2-2-hdi\/"},"modified":"2024-05-30T11:07:49","modified_gmt":"2024-05-30T09:07:49","slug":"jeu-de-joints-detancheite-tige-de-soupape-moteur-dw10-dw12-2-0-2-2-hdi","status":"publish","type":"product","link":"https:\/\/drs-auto.fr\/en\/product\/jeu-de-joints-detancheite-tige-de-soupape-moteur-dw10-dw12-2-0-2-2-hdi\/","title":{"rendered":"Jeu de joints d&rsquo;\u00e9tanch\u00e9it\u00e9 (tige de soupape) moteur DW10 DW12 2.0 2.2 HDI"},"content":{"rendered":"<p>Jeu de joints d&rsquo;\u00e9tanch\u00e9it\u00e9 (tige de soupape)<\/p>\n<p>Caract\u00e9ristiques du produit<br \/>\nFabricant\tELRING<br \/>\nNum\u00e9ro du fabricant\t 453.750<\/p>\n<p>R\u00e9f\u00e9rences \u00e9quivalentes<br \/>\nTOYOTA:\tSU001-A0165 (16X)<br \/>\nCITROEN:\t0956.63 (16x)<br \/>\nOPEL:\t35 52 968 (16X)<br \/>\nLAND ROVER:\tLR001242 (16x)<br \/>\nMITSUBISHI:\tMN982147 (16X)<br \/>\nGLASER:\tN93131-00<br \/>\nFORD:\t1 427 818 (16x)<br \/>\nFIAT:\t9653389180 (16x)<br \/>\nFORD:\t1 899 723 (16X)<br \/>\nFIAT:\t9400956639 (16x)<br \/>\nELRING:\t453.750<br \/>\nLANCIA:\t9400956639 (16x)<br \/>\nCITROEN:\t0956.58 (16x)<br \/>\nPEUGEOT:\t0956.63 (16x)<br \/>\nPEUGEOT:\t0956.58 (16x)<\/p>\n<p>Motorisations:<\/p>\n<p>224DT 4HK 4HK(DW12MTED4) 4HL(DW12C) 4HN(DW12MTED4) 4HP 4HP(DW12BTED4) 4HR 4HR(DW12BTED4) 4HS(DW12BTED4) 4HT(DW12BTED4) AHE(DW10FD) AHF(DW10FD) AHG(DW10FD) AHH(DW10FC) AHJ(DW10FE) AHK(DW10FE) AHM(DW10FUE) AHN(DW10FUD) AHP(DW10FUC) AHR(DW10FD) AHS(DW10FD) AHT(DW10FC) AHU(DW10FCD) AHU(DW10FD) AHV(DW10FCD) AHV(DW10FD) AHV(DW10FDD) AHW(DW10FC) AHW(DW10FC)13 AHX(DW10FCD) AHX(DW10FD) D20DTH(DW10FC) DW12BTED4 EHW(DW10FCD) EHY(DW10FCC) EHZ(DW10FC) Q4BA Q4WA T7CA T7CC T7CD T7CE T7CF T7CI T7CJ T7CK T7CL T7CN T7DB T7MA T7MB T8CA T8CC T8CD T8CG T8CH T8CI T8CJ T8CL T8DA T8DE T8MA T8MB T9CA T9CB T9CC T9CE UFCA UFCB XRMA XRMB<\/p>","protected":false},"excerpt":{"rendered":"<p>Jeu de joints d&rsquo;\u00e9tanch\u00e9it\u00e9 (tige de soupape) Caract\u00e9ristiques du produit Fabricant ELRING Num\u00e9ro du fabricant 453.750 R\u00e9f\u00e9rences \u00e9quivalentes TOYOTA: SU001-A0165<\/p>","protected":false},"featured_media":11885,"comment_status":"open","ping_status":"closed","template":"","meta":{"content-type":""},"product_cat":[111],"product_tag":[],"class_list":{"0":"post-11886","1":"product","2":"type-product","3":"status-publish","4":"has-post-thumbnail","6":"product_cat-accessories","8":"first","9":"instock","10":"shipping-taxable","11":"purchasable","12":"product-type-simple"},"aioseo_notices":[],"jetpack_sharing_enabled":true,"_links":{"self":[{"href":"https:\/\/drs-auto.fr\/en\/wp-json\/wp\/v2\/product\/11886","targetHints":{"allow":["GET"]}}],"collection":[{"href":"https:\/\/drs-auto.fr\/en\/wp-json\/wp\/v2\/product"}],"about":[{"href":"https:\/\/drs-auto.fr\/en\/wp-json\/wp\/v2\/types\/product"}],"replies":[{"embeddable":true,"href":"https:\/\/drs-auto.fr\/en\/wp-json\/wp\/v2\/comments?post=11886"}],"version-history":[{"count":0,"href":"https:\/\/drs-auto.fr\/en\/wp-json\/wp\/v2\/product\/11886\/revisions"}],"wp:featuredmedia":[{"embeddable":true,"href":"https:\/\/drs-auto.fr\/en\/wp-json\/wp\/v2\/media\/11885"}],"wp:attachment":[{"href":"https:\/\/drs-auto.fr\/en\/wp-json\/wp\/v2\/media?parent=11886"}],"wp:term":[{"taxonomy":"product_cat","embeddable":true,"href":"https:\/\/drs-auto.fr\/en\/wp-json\/wp\/v2\/product_cat?post=11886"},{"taxonomy":"product_tag","embeddable":true,"href":"https:\/\/drs-auto.fr\/en\/wp-json\/wp\/v2\/product_tag?post=11886"}],"curies":[{"name":"wp","href":"https:\/\/api.w.org\/{rel}","templated":true}]}}