
{"id":11868,"date":"2024-05-19T13:10:36","date_gmt":"2024-05-19T11:10:36","guid":{"rendered":"https:\/\/drs-auto.fr\/produit\/lot-de-2-arbres-a-cames-1-5-hdi-100-120-130cv-en-7mm-neuf\/"},"modified":"2024-07-03T16:58:22","modified_gmt":"2024-07-03T14:58:22","slug":"lot-de-2-arbres-a-cames-1-5-hdi-100-120-130cv-en-7mm-neuf","status":"publish","type":"product","link":"https:\/\/drs-auto.fr\/en\/product\/lot-de-2-arbres-a-cames-1-5-hdi-100-120-130cv-en-7mm-neuf\/","title":{"rendered":"Lot de 2 Arbres \u00e0 Cames 1.5 hdi 100 120 130cv en 7mm NEUF"},"content":{"rendered":"<p>Lot de deux arbre \u00e0 came 1.5 hdi NEUF en 7mm (montage d&rsquo;origine)<\/p>\n<p>Vendu avec arbre \u00e0 came \u00e9chappement et admission<\/p>\n<p>R\u00e9f\u00e9rences arbres \u00e0 came :<\/p>\n<p>9825013780<\/p>\n<p>9825017880<\/p>\n<p>Autres r\u00e9f\u00e9rences<\/p>\n<p>9810144180<\/p>\n<p>9819917580<\/p>\n<p>9814152480<\/p>\n<p>9842467480<\/p>\n<p>Kit cha\u00eene en 8mm faut compter 950e<\/p>\n<p>BlueHDi<\/p>\n<p>Berlingo C3 aircross<\/p>\n<p>C3<\/p>\n<p>C5<\/p>\n<p>C4 Grand Picasso<\/p>\n<p>Jumpy<\/p>\n<p>Space tourer<\/p>\n<p>DS3<\/p>\n<p>DS4<\/p>\n<p>DS5<\/p>\n<p>Ford focus<\/p>\n<p>Ford Tourneo connect<\/p>\n<p>Ford transit<\/p>\n<p>Opel combo<\/p>\n<p>Opel corsa<\/p>\n<p>Opel vivaro<\/p>\n<p>Opel Zafira<\/p>\n<p>Peugeot 2008<\/p>\n<p>Peugeot 208<\/p>\n<p>Peugeot 3008<\/p>\n<p>Peugeot 308<\/p>\n<p>Peugeot 301<\/p>\n<p>Peugeot 5008<\/p>\n<p>Peugeot 508<\/p>\n<p>Peugeot expert<\/p>\n<p>Peugeot partner<\/p>\n<p>Peugeot rifter<\/p>\n<p>Peugeot traveller<\/p>","protected":false},"excerpt":{"rendered":"<p>Lot de deux arbre \u00e0 came 1.5 hdi NEUF en 7mm (montage d&rsquo;origine) Vendu avec arbre \u00e0 came \u00e9chappement et<\/p>","protected":false},"featured_media":11867,"comment_status":"open","ping_status":"closed","template":"","meta":{"content-type":""},"product_cat":[111],"product_tag":[],"class_list":{"0":"post-11868","1":"product","2":"type-product","3":"status-publish","4":"has-post-thumbnail","6":"product_cat-accessories","8":"first","9":"instock","10":"sale","11":"shipping-taxable","12":"purchasable","13":"product-type-simple"},"aioseo_notices":[],"jetpack_sharing_enabled":true,"_links":{"self":[{"href":"https:\/\/drs-auto.fr\/en\/wp-json\/wp\/v2\/product\/11868","targetHints":{"allow":["GET"]}}],"collection":[{"href":"https:\/\/drs-auto.fr\/en\/wp-json\/wp\/v2\/product"}],"about":[{"href":"https:\/\/drs-auto.fr\/en\/wp-json\/wp\/v2\/types\/product"}],"replies":[{"embeddable":true,"href":"https:\/\/drs-auto.fr\/en\/wp-json\/wp\/v2\/comments?post=11868"}],"version-history":[{"count":1,"href":"https:\/\/drs-auto.fr\/en\/wp-json\/wp\/v2\/product\/11868\/revisions"}],"predecessor-version":[{"id":11934,"href":"https:\/\/drs-auto.fr\/en\/wp-json\/wp\/v2\/product\/11868\/revisions\/11934"}],"wp:featuredmedia":[{"embeddable":true,"href":"https:\/\/drs-auto.fr\/en\/wp-json\/wp\/v2\/media\/11867"}],"wp:attachment":[{"href":"https:\/\/drs-auto.fr\/en\/wp-json\/wp\/v2\/media?parent=11868"}],"wp:term":[{"taxonomy":"product_cat","embeddable":true,"href":"https:\/\/drs-auto.fr\/en\/wp-json\/wp\/v2\/product_cat?post=11868"},{"taxonomy":"product_tag","embeddable":true,"href":"https:\/\/drs-auto.fr\/en\/wp-json\/wp\/v2\/product_tag?post=11868"}],"curies":[{"name":"wp","href":"https:\/\/api.w.org\/{rel}","templated":true}]}}