
{"id":11861,"date":"2024-05-14T16:05:58","date_gmt":"2024-05-14T14:05:58","guid":{"rendered":"https:\/\/drs-auto.fr\/produit\/turbo-megane-3-scenic-3-laguna-3-espace-5-qashqai-2-trafic-1-6-dci-90-130-cv-54389700001-echange-standard\/"},"modified":"2024-05-14T16:05:58","modified_gmt":"2024-05-14T14:05:58","slug":"turbo-megane-3-scenic-3-laguna-3-espace-5-qashqai-2-trafic-1-6-dci-90-130-cv-54389700001-echange-standard","status":"publish","type":"product","link":"https:\/\/drs-auto.fr\/en\/product\/turbo-megane-3-scenic-3-laguna-3-espace-5-qashqai-2-trafic-1-6-dci-90-130-cv-54389700001-echange-standard\/","title":{"rendered":"Turbo Megane 3 Scenic 3 Laguna 3 Espace 5 Qashqai +2 Trafic 1.6 DCi 90-130 cv 54389700001 \u00e9change standard"},"content":{"rendered":"<p>Turbo compresseur compatible avec tous les mod\u00e8les ci-dessous \u00e0 partir de l&rsquo;ann\u00e9e 2011<\/p>\n<p>Le prix inclut la caution de 90euros.<\/p>\n<p>R\u00e9f\u00e9rences :<\/p>\n<p>54389700005, 54389700017, 54389700018<\/p>\n<p>4423118, 4423323, 95517933, 95518292, 95521394, 95524764, 95524765, 95525495, 95599886, 144110219R, 144110972R, 144111292R, 144119252R, 1441100Q2J, 1441100Q3D, 1441100Q4F, 144117969R, 14411-5874R, 144117969, 14411-7969R, 144115874R, 14411-5874R, 144116683R, 144111360R, 144116683R, 144114225R, 821067824, 6260900480, 144110670R, 144114822R, 2100843, A6260900400, 1441100Q5J, 144119672R, 6260900400, 626090040080, 626090048080<\/p>\n<p>54389700005, 5438-970-0005, 54389700000, 54389700001, 5438-970-0001, 54389700017, 5438-970-0017, 54389700018, 5438-970-0018, 54389880005, 5438-988-0005, 54389880000, 54389880001, 5438-988-0001, 54389880018, 5438-988-0018, 54389900005, 5438-990-0005, 54389900000, 54389900001, 5438-990-0001, 54389900017, 5438-990-0017, 54389900017, 5438-990-0017, BV38- 4, 1870KYE340.18AVBXC, BV384, , 54389700007, 54389880007, 54389900007, 5438-970-0007, 5438-988-0007, 5438-990-0007, 5438-970-0000, 5438-988-0000, 5438-988-0017, 54389880017, 54389700019, 5438-970-0019, 54389900019, 5438-990-0019, 54389880019, 5438-988-0019<\/p>\n<p>R\u00e9f\u00e9rences moteurs :<\/p>\n<p>R9M-410, R9M-409, R9M-413, R9M-414, R9M409, R9M413, R9M414, R9M410, R9M-402, R9M402, R9M-408, R9M408, R9M-404, R9M-405, R9M-406, R9M404, R9M405, R9M406, 626.951, OM626.951, 622.951, OM622.951<\/p>\n<p>Nissan<\/p>\n<p>Pulsar 1.6 Dci 130 cv<\/p>\n<p>Qashqai 1.6 Dci 130 cv<\/p>\n<p>Qashqai Phase 2 (J10e) 1.6 Dci Dpf 2wd 130 cv<\/p>\n<p>Qashqai Phase 2 (J10e) 1.6 Dci Dpf 4wd 130 cv<\/p>\n<p>Qashqai+2 Phase 2 (Jj10e) 1.6 Dci Dpf 2wd 130 cv<\/p>\n<p>Qashqai+2 Phase 2 (Jj10e) 1.6 Dci Dpf 4wd 130 cv<\/p>\n<p>X-Trail 1.6 Dci 130 cv<\/p>\n<p>Primastar 1.6 Dci 130 cv<\/p>\n<p>Renault<\/p>\n<p>Espace V \/ Espace 5 1.6 Dci 16v 130 cv<\/p>\n<p>Espace V \/ Espace 5 1.6 Dci 16v 131 cv<\/p>\n<p>Grand Scenic III \/ Grand Scenic 3 Phase 2 1.6 Dci Fap Energy Eco2 130 cv<\/p>\n<p>Grand Scenic III \/ Grand Scenic 3 Phase 2 1.6 Dci Fap 16v S&amp;S Eco2 131 cv<\/p>\n<p>Grand Scenic III \/ Grand Scenic 3 1.6 Dci Fap Eco2 130 cv<\/p>\n<p>Kadjar 1.6 Dci 130 cv<\/p>\n<p>M\u00e9gane III \/ Megane 3 Coup\u00e9-Cabriolet 1.6 Dci Fap Eco2 130 cv<\/p>\n<p>M\u00e9gane III \/ Megane 3 Phase 2 1.6 Dci Fap S&amp;S Eco2 130 cv<\/p>\n<p>M\u00e9gane III \/ Megane 3 Phase 2 Coup\u00e9 1.6 Dci Fap S&amp;S Eco2 130 cv<\/p>\n<p>M\u00e9gane III \/ Megane 3 Phase 2 Estate 1.6 Dci Fap S&amp;S Eco2 130 cv<\/p>\n<p>M\u00e9gane III \/ Megane 3 Phase 3 1.6 Dci S&amp;S Eco2 130 cv<\/p>\n<p>M\u00e9gane III \/ Megane 3 Phase 3 Coup\u00e9 1.6 Dci Fap S&amp;S Eco2 130 cv<\/p>\n<p>M\u00e9gane III \/ Megane 3 Phase 3 Coup\u00e9 Cabriolet 1.6 Dci Eco2 130 cv<\/p>\n<p>M\u00e9gane III \/ Megane 3 Phase 3 Estate 1.6 Dci S&amp;S Eco2 130 cv<\/p>\n<p>Scenic III \/ Scenic 3 1.6 Dci Fap Eco2 130 cv<\/p>\n<p>Scenic III \/ Scenic 3 Phase 2 1.6 Dci Fap Eco2 S&amp;S 130 cv<\/p>\n<p>Scenic III \/ Scenic 3 Phase 2 1.6 Dci Fap Eco2 S&amp;S 131 cv<\/p>\n<p>Scenic III \/ Scenic 3 Phase 2 Xmod 1.6 Dci Fap 16v S&amp;S Eco2 130 cv<\/p>\n<p>Talisman 1.6 Dci 130 cv<\/p>\n<p>Trafic 1.6 Dci 130 cv<\/p>\n<p>Opel<\/p>\n<p>Vivaro B Fourgon 1.6 CDTI L1H1 2700 16V 90 cv<\/p>\n<p>Vivaro 1.6 Cdti 130 cv<\/p>\n<p>Fiat<\/p>\n<p>Talento 1.6 Dci<\/p>\n<p>Mercedes<\/p>\n<p>Vito (W447)<\/p>\n<p>Classe C (W205)(S205)<\/p>","protected":false},"excerpt":{"rendered":"<p>Turbo compresseur compatible avec tous les mod\u00e8les ci-dessous \u00e0 partir de l&rsquo;ann\u00e9e 2011 Le prix inclut la caution de 90euros.<\/p>","protected":false},"featured_media":11860,"comment_status":"open","ping_status":"closed","template":"","meta":{"content-type":""},"product_cat":[111],"product_tag":[],"class_list":{"0":"post-11861","1":"product","2":"type-product","3":"status-publish","4":"has-post-thumbnail","6":"product_cat-accessories","8":"first","9":"instock","10":"shipping-taxable","11":"purchasable","12":"product-type-simple"},"aioseo_notices":[],"jetpack_sharing_enabled":true,"_links":{"self":[{"href":"https:\/\/drs-auto.fr\/en\/wp-json\/wp\/v2\/product\/11861","targetHints":{"allow":["GET"]}}],"collection":[{"href":"https:\/\/drs-auto.fr\/en\/wp-json\/wp\/v2\/product"}],"about":[{"href":"https:\/\/drs-auto.fr\/en\/wp-json\/wp\/v2\/types\/product"}],"replies":[{"embeddable":true,"href":"https:\/\/drs-auto.fr\/en\/wp-json\/wp\/v2\/comments?post=11861"}],"version-history":[{"count":0,"href":"https:\/\/drs-auto.fr\/en\/wp-json\/wp\/v2\/product\/11861\/revisions"}],"wp:featuredmedia":[{"embeddable":true,"href":"https:\/\/drs-auto.fr\/en\/wp-json\/wp\/v2\/media\/11860"}],"wp:attachment":[{"href":"https:\/\/drs-auto.fr\/en\/wp-json\/wp\/v2\/media?parent=11861"}],"wp:term":[{"taxonomy":"product_cat","embeddable":true,"href":"https:\/\/drs-auto.fr\/en\/wp-json\/wp\/v2\/product_cat?post=11861"},{"taxonomy":"product_tag","embeddable":true,"href":"https:\/\/drs-auto.fr\/en\/wp-json\/wp\/v2\/product_tag?post=11861"}],"curies":[{"name":"wp","href":"https:\/\/api.w.org\/{rel}","templated":true}]}}