
{"id":11852,"date":"2024-05-13T13:27:25","date_gmt":"2024-05-13T11:27:25","guid":{"rendered":"https:\/\/drs-auto.fr\/produit\/peugeot-1-6-e-hdi-8v-dv6c-lot-complet-de-8-soupapes-dentree-et-dechappement\/"},"modified":"2024-05-13T13:27:50","modified_gmt":"2024-05-13T11:27:50","slug":"peugeot-1-6-e-hdi-8v-dv6c-lot-complet-de-8-soupapes-dentree-et-dechappement","status":"publish","type":"product","link":"https:\/\/drs-auto.fr\/en\/product\/peugeot-1-6-e-hdi-8v-dv6c-lot-complet-de-8-soupapes-dentree-et-dechappement\/","title":{"rendered":"Peugeot 1.6 e-HDi 8v DV6C Lot complet de 8 soupapes d&rsquo;entr\u00e9e et d&rsquo;\u00e9chappement"},"content":{"rendered":"<p>Peugeot 1.6 HDi 8v DV6C et DV4C Lot de 8 soupapes \u00e9chappement et admission | 0949.F5 &amp; 0948.F7<\/p>\n<p>Arbre \u00e0 came culbuteur et poussoirs \u00e9galement disponibles<\/p>\n<p>Peugeot 1.6 HDi 8v<br \/>\n4 x soupapes \u00e9chappement &amp; 4 x soupapes admission<\/p>\n<p>Modeles 207, 208, 308, 301, 408, 508, 2008, 3008, 5008, Expert &amp; Partner<\/p>\n<p>Codes moteur: 9HC (DV6C), 9HD (DV6CTED), 9HF (DV6DTED), 9HH (DV6DUM), 9HJ (DV6DTEDM), 9HK (DV6ETEDM), 9HL (DV6C), 9HM (DV6UC), 9HP (DV6DTED), 9HR (DV6C), BHW (DV6FE), BHX (DV6FC), BHY (DV6FD), BHZ (DV6FC)<\/p>\n<p>OEM Numbers 0949.F5 &amp; 0948.F7<\/p>\n<p>Exhaust &#8211; 27.6mm &#8211; Valve Head | 5.5mm Valve Diameter | Length 95.5mm<br \/>\nInlet &#8211; 30.15mm &#8211; Valve Head | 5.5mm Valve Diameter | Length 95.6mm<\/p>","protected":false},"excerpt":{"rendered":"<p>Peugeot 1.6 HDi 8v DV6C et DV4C Lot de 8 soupapes \u00e9chappement et admission | 0949.F5 &amp; 0948.F7 Arbre \u00e0<\/p>","protected":false},"featured_media":11853,"comment_status":"open","ping_status":"closed","template":"","meta":{"content-type":""},"product_cat":[111],"product_tag":[],"class_list":{"0":"post-11852","1":"product","2":"type-product","3":"status-publish","4":"has-post-thumbnail","6":"product_cat-accessories","8":"first","9":"instock","10":"shipping-taxable","11":"purchasable","12":"product-type-simple"},"aioseo_notices":[],"jetpack_sharing_enabled":true,"_links":{"self":[{"href":"https:\/\/drs-auto.fr\/en\/wp-json\/wp\/v2\/product\/11852","targetHints":{"allow":["GET"]}}],"collection":[{"href":"https:\/\/drs-auto.fr\/en\/wp-json\/wp\/v2\/product"}],"about":[{"href":"https:\/\/drs-auto.fr\/en\/wp-json\/wp\/v2\/types\/product"}],"replies":[{"embeddable":true,"href":"https:\/\/drs-auto.fr\/en\/wp-json\/wp\/v2\/comments?post=11852"}],"version-history":[{"count":0,"href":"https:\/\/drs-auto.fr\/en\/wp-json\/wp\/v2\/product\/11852\/revisions"}],"wp:featuredmedia":[{"embeddable":true,"href":"https:\/\/drs-auto.fr\/en\/wp-json\/wp\/v2\/media\/11853"}],"wp:attachment":[{"href":"https:\/\/drs-auto.fr\/en\/wp-json\/wp\/v2\/media?parent=11852"}],"wp:term":[{"taxonomy":"product_cat","embeddable":true,"href":"https:\/\/drs-auto.fr\/en\/wp-json\/wp\/v2\/product_cat?post=11852"},{"taxonomy":"product_tag","embeddable":true,"href":"https:\/\/drs-auto.fr\/en\/wp-json\/wp\/v2\/product_tag?post=11852"}],"curies":[{"name":"wp","href":"https:\/\/api.w.org\/{rel}","templated":true}]}}