
{"id":11842,"date":"2024-05-04T20:48:33","date_gmt":"2024-05-04T18:48:33","guid":{"rendered":"https:\/\/drs-auto.fr\/produit\/kit-chaine-1-5-hdi-dv5-ref-9830147280-9830146880-8mm-neuf\/"},"modified":"2024-11-07T19:23:59","modified_gmt":"2024-11-07T18:23:59","slug":"kit-chaine-1-5-hdi-dv5-ref-9830147280-9830146880-8mm-neuf","status":"publish","type":"product","link":"https:\/\/drs-auto.fr\/en\/product\/kit-chaine-1-5-hdi-dv5-ref-9830147280-9830146880-8mm-neuf\/","title":{"rendered":"Kit chaine 1.5 HDi dv5 r\u00e9f 9830147280 \/9830146880 8mm NEUF"},"content":{"rendered":"<p>Kit chaine 1.5 HDi dv5 r\u00e9f 9830147280 \/9830146880 8mm NEUF<\/p>\n<p>\u26a0\ufe0f Pour kit chaine de distribution au pas de 8 mm<\/p>\n<p>Produits neufs<br \/>\nR\u00e9f\u00e9rence interne : PSA1638159880OR<\/p>\n<p>PRODUITS NEUFS<\/p>\n<p>moteur \u00e9quipe plus d\u2019une trentaine de mod\u00e8les des marques du groupe PSA, ainsi que les utilitaires fabriqu\u00e9s pour le compte de Toyota. Tous les v\u00e9hicules fabriqu\u00e9s depuis le 31 d\u00e9cembre 2019 peuvent \u00eatre touch\u00e9s par ce d\u00e9faut de fabrication :<\/p>\n<p>Citro\u00ebn. C3 III, C3 Aircross, C4 III, C4 Cactus, C4 Spacetourer, C5 Aircross, Berlingo III, Berlingo III Van, Traveller et Jumpy.DS. DS 3 Crossback, DS 4 II et DS 7 Crossback.Opel. Corsa, Mokka, Crossland, Grandland, Combo, Combo Cargo, Zafira et Vivaro.Peugeot. 208 II, 2008 II, 308 II et III, 508 II, 3008 II, 5008 II, Rifter, Partner et Expert.Toyota. Proace City, Proace City Verso, Proace et Proace Verso.<\/p>\n<p>PEUGE0T :<br \/>\n208 1.5 HDI &#8211; Moteur DV5RD<br \/>\n308 1.5 HDI &#8211; Moteur DV5RD<br \/>\n508 1.5 HDI &#8211; Moteur DV5RD<br \/>\n2008 1.5 HDI &#8211; Moteur DV5RD<br \/>\n3008 1.5 HDI &#8211; Moteur DV5RD<br \/>\n5008 1.5 HDI &#8211; Moteur DV5RD<br \/>\nEXPERT 1.5 HDI &#8211; Moteur DV5RD<br \/>\nPARTNER 1.5 HDI &#8211; Moteur DV5RD<br \/>\nRIFTER 1.5 HDI &#8211; Moteur DV5RD<br \/>\nTRAVELLER 1.5 HDI &#8211; Moteur DV5RD<\/p>\n<p>CITROEN :<br \/>\nBERLINGO 1.5 HDI &#8211; Moteur DV5RD<br \/>\nC3 1.5 HDI &#8211; Moteur DV5RD<br \/>\nC4 1.5 HDI &#8211; Moteur DV5RD<br \/>\nC5 1.5 HDI &#8211; Moteur DV5RD<br \/>\nSPACETOURER 1.5 HDI &#8211; Moteur DV5RD<br \/>\nDS3 1.5 HDI &#8211; Moteur DV5RD<br \/>\nDS4 1.5 HDI &#8211; Moteur DV5RD<br \/>\nDS5 1.5 HDI &#8211; Moteur DV5RD<\/p>","protected":false},"excerpt":{"rendered":"<p>Kit chaine 1.5 HDi dv5 r\u00e9f 9830147280 \/9830146880 8mm NEUF \u26a0\ufe0f Pour kit chaine de distribution au pas de 8<\/p>","protected":false},"featured_media":11841,"comment_status":"open","ping_status":"closed","template":"","meta":{"content-type":""},"product_cat":[111],"product_tag":[],"class_list":{"0":"post-11842","1":"product","2":"type-product","3":"status-publish","4":"has-post-thumbnail","6":"product_cat-accessories","8":"first","9":"instock","10":"sale","11":"shipping-taxable","12":"purchasable","13":"product-type-simple"},"aioseo_notices":[],"jetpack_sharing_enabled":true,"_links":{"self":[{"href":"https:\/\/drs-auto.fr\/en\/wp-json\/wp\/v2\/product\/11842","targetHints":{"allow":["GET"]}}],"collection":[{"href":"https:\/\/drs-auto.fr\/en\/wp-json\/wp\/v2\/product"}],"about":[{"href":"https:\/\/drs-auto.fr\/en\/wp-json\/wp\/v2\/types\/product"}],"replies":[{"embeddable":true,"href":"https:\/\/drs-auto.fr\/en\/wp-json\/wp\/v2\/comments?post=11842"}],"version-history":[{"count":0,"href":"https:\/\/drs-auto.fr\/en\/wp-json\/wp\/v2\/product\/11842\/revisions"}],"wp:featuredmedia":[{"embeddable":true,"href":"https:\/\/drs-auto.fr\/en\/wp-json\/wp\/v2\/media\/11841"}],"wp:attachment":[{"href":"https:\/\/drs-auto.fr\/en\/wp-json\/wp\/v2\/media?parent=11842"}],"wp:term":[{"taxonomy":"product_cat","embeddable":true,"href":"https:\/\/drs-auto.fr\/en\/wp-json\/wp\/v2\/product_cat?post=11842"},{"taxonomy":"product_tag","embeddable":true,"href":"https:\/\/drs-auto.fr\/en\/wp-json\/wp\/v2\/product_tag?post=11842"}],"curies":[{"name":"wp","href":"https:\/\/api.w.org\/{rel}","templated":true}]}}