
{"id":11813,"date":"2024-04-27T17:50:18","date_gmt":"2024-04-27T15:50:18","guid":{"rendered":"https:\/\/drs-auto.fr\/produit\/tendeur-et-chaine-darbre-a-came-citroen-c4-c5-aircross-peugeot-3008-5008-1-5-bluehdi-100-120-130cv-8mm\/"},"modified":"2024-11-22T21:59:23","modified_gmt":"2024-11-22T20:59:23","slug":"tendeur-et-chaine-darbre-a-came-citroen-c4-c5-aircross-peugeot-3008-5008-1-5-bluehdi-100-120-130cv-8mm","status":"publish","type":"product","link":"https:\/\/drs-auto.fr\/en\/product\/tendeur-et-chaine-darbre-a-came-citroen-c4-c5-aircross-peugeot-3008-5008-1-5-bluehdi-100-120-130cv-8mm\/","title":{"rendered":"Tendeur et Cha\u00eene d&rsquo;arbre \u00e0 came Citro\u00ebn C4 C5 Aircross Peugeot 3008 5008 1.5 BlueHDI 100 120 130cv 8mm"},"content":{"rendered":"<p>Tendeur et Cha\u00eene d&rsquo;arbre \u00e0 came Citro\u00ebn C4 C5 Aircross Peugeot 3008 5008 1.5 BlueHDI 100 120 130cv 8mm<\/p>\n<p>Tendeur ET Cha\u00eene de Distribution<\/p>\n<p>Montage cha\u00eene de 8mm uniquement<\/p>\n<p>\u00c9tat: Neuf<br \/>\nNum\u00e9ro de Pi\u00e8ce:<\/p>\n<p>TENDEUR<\/p>\n<p>9830147280<\/p>\n<p>CHAINE DE DISTRIBUTION<\/p>\n<p>9830146880<\/p>\n<p>Affectations:<\/p>\n<p>CITROEN<br \/>\nBERLINGO IV 18- 1.5 BlueHDI<br \/>\nC3 AIRCROSS 17- 1.5 BlueHDI<br \/>\nC3 III 16 &#8211; 1.5 BlueHDI<br \/>\nC4 III 20- 1.5 BlueHDI<br \/>\nC-ELYSEE 12-21 1.5 BlueHDI<br \/>\nC4 X 23- 1.5 BlueHDI<br \/>\nC5 AIRCROSS 17- 1.5 BlueHDI<br \/>\nJUMPY IV 16- 1.5 BlueHDI<br \/>\nSPACETOURER 16- 1.5 BlueHDI<\/p>\n<p>OPEL<br \/>\nASTRA L VI 21- 1.5 D<br \/>\nCOMBO E IV 18- 1.5 D<br \/>\nCORSA F VI 19- 1.5 D<br \/>\nCROSSLAND X 17- 1.5 D<br \/>\nMOKKA B 20- 1.5 D<br \/>\nVIVARO C 19- 1.5 D<br \/>\nZAFIRA D 19- 1.5 D<\/p>\n<p>PEUGEOT<br \/>\n2008 13-19 1.5 BlueHDI<br \/>\n2008 II 19- 1.5 BlueHDI<br \/>\n208 II 19- 1.5 BlueHDI<br \/>\n3008 II 16- 1.5 BlueHDI<br \/>\n301 13- 1.5 BlueHDI<br \/>\n308 II 13-21 1.5 BlueHDI<br \/>\n308 III 21- 1.5 BlueHDI<br \/>\n5008 II 17 &#8211; 1.5 BlueHDI<br \/>\n508 II 18- 1.5 BlueHDI<br \/>\nEXPERT IV 16- 1.5 BlueHDI<br \/>\nPARTNER IV 18- 1.5 BlueHDI<br \/>\nRIFTER 18- 1.5 BlueHDI<br \/>\nTRAVELLER 16- 1.5 BlueHDI<\/p>\n<p>&nbsp;<\/p>","protected":false},"excerpt":{"rendered":"<p>Tendeur et Cha\u00eene d&rsquo;arbre \u00e0 came Citro\u00ebn C4 C5 Aircross Peugeot 3008 5008 1.5 BlueHDI 100 120 130cv 8mm Tendeur<\/p>","protected":false},"featured_media":11811,"comment_status":"open","ping_status":"closed","template":"","meta":{"content-type":""},"product_cat":[125,138],"product_tag":[],"class_list":{"0":"post-11813","1":"product","2":"type-product","3":"status-publish","4":"has-post-thumbnail","6":"product_cat-haut-moteur","7":"product_cat-tendeur-chaine-de-distribution","9":"first","10":"instock","11":"shipping-taxable","12":"purchasable","13":"product-type-simple"},"aioseo_notices":[],"jetpack_sharing_enabled":true,"_links":{"self":[{"href":"https:\/\/drs-auto.fr\/en\/wp-json\/wp\/v2\/product\/11813","targetHints":{"allow":["GET"]}}],"collection":[{"href":"https:\/\/drs-auto.fr\/en\/wp-json\/wp\/v2\/product"}],"about":[{"href":"https:\/\/drs-auto.fr\/en\/wp-json\/wp\/v2\/types\/product"}],"replies":[{"embeddable":true,"href":"https:\/\/drs-auto.fr\/en\/wp-json\/wp\/v2\/comments?post=11813"}],"version-history":[{"count":1,"href":"https:\/\/drs-auto.fr\/en\/wp-json\/wp\/v2\/product\/11813\/revisions"}],"predecessor-version":[{"id":11823,"href":"https:\/\/drs-auto.fr\/en\/wp-json\/wp\/v2\/product\/11813\/revisions\/11823"}],"wp:featuredmedia":[{"embeddable":true,"href":"https:\/\/drs-auto.fr\/en\/wp-json\/wp\/v2\/media\/11811"}],"wp:attachment":[{"href":"https:\/\/drs-auto.fr\/en\/wp-json\/wp\/v2\/media?parent=11813"}],"wp:term":[{"taxonomy":"product_cat","embeddable":true,"href":"https:\/\/drs-auto.fr\/en\/wp-json\/wp\/v2\/product_cat?post=11813"},{"taxonomy":"product_tag","embeddable":true,"href":"https:\/\/drs-auto.fr\/en\/wp-json\/wp\/v2\/product_tag?post=11813"}],"curies":[{"name":"wp","href":"https:\/\/api.w.org\/{rel}","templated":true}]}}