
{"id":11754,"date":"2024-04-24T10:31:35","date_gmt":"2024-04-24T08:31:35","guid":{"rendered":"https:\/\/drs-auto.fr\/produit\/kit-chaine-distribution-dv5-1-5-bluehdi-75-100-110-120-130cv-peugeot-citroen-ford-opel-neuf\/"},"modified":"2025-05-31T08:51:07","modified_gmt":"2025-05-31T06:51:07","slug":"kit-chaine-distribution-dv5-1-5-bluehdi-75-100-110-120-130cv-peugeot-citroen-ford-opel-neuf","status":"publish","type":"product","link":"https:\/\/drs-auto.fr\/en\/product\/kit-chaine-distribution-dv5-1-5-bluehdi-75-100-110-120-130cv-peugeot-citroen-ford-opel-neuf\/","title":{"rendered":"Kit chaine distribution DV5-1.5 BlueHDi 75 100 110 120 130cv Peugeot Citro\u00ebn Ford Opel NEUF"},"content":{"rendered":"<p>ATTENTION model premi\u00e8re version avec chaine \u00e9paisseur de 7 mm<\/p>\n<p>R\u00e9f\u00e9rences 9826028980 et 9823954880<\/p>\n<p>Kit arbre \u00e0 came 1.5 hdi cha\u00eene 7mm<\/p>\n<p>Montage possible, devis par t\u00e9l\u00e9phone<\/p>\n<p>Vendu avec tendeur et cha\u00eene arbre \u00e0 came<\/p>\n<p>BlueHDi<br \/>\nBerlingo C3 aircross<br \/>\nC3<br \/>\nC5<br \/>\nC4 Grand Picasso<br \/>\nJumpy<br \/>\nSpace tourer<br \/>\nDS3<br \/>\nDS4<br \/>\nDS5<br \/>\nFord focus<br \/>\nFord Tourneo connect<br \/>\nFord transit<br \/>\nOpel combo<br \/>\nOpel corsa<br \/>\nOpel vivaro<br \/>\nOpel Zafira<br \/>\nPeugeot 2008<br \/>\nPeugeot 208<br \/>\nPeugeot 3008<br \/>\nPeugeot 308<br \/>\nPeugeot 301<br \/>\nPeugeot 5008<br \/>\nPeugeot 508<br \/>\nPeugeot expert<br \/>\nPeugeot partner<br \/>\nPeugeot rifter<br \/>\nPeugeot traveller<\/p>\n<p>Ce kit chaine de distribution est compatible avec les types moteurs:<\/p>\n<p>CITRO\u00cbN YHR (DV5RUCD)<br \/>\nCITRO\u00cbN YHS (DV5RCE)<br \/>\nCITRO\u00cbN YHT (DV5RCF)<br \/>\nCITRO\u00cbN YHV (DV5RUC)<br \/>\nCITRO\u00cbN YHW (DV5RE)<br \/>\nCITRO\u00cbN YHX (DV5RC)<br \/>\nCITRO\u00cbN YHY (DV5RD)<br \/>\nCITRO\u00cbN YHZ (DV5RC)<br \/>\nDS YHS (DV5RCE)<br \/>\nDS YHY (DV5RD)<br \/>\nDS YHZ (DV5RC)<br \/>\nFORD BEDC<br \/>\nFORD BEGA<br \/>\nFORD Z2DA<br \/>\nFORD Z2GA<br \/>\nFORD Z2JA<br \/>\nFORD ZTDA<br \/>\nFORD ZTDB<br \/>\nFORD ZTGA<br \/>\nFORD ZTJA<br \/>\nFORD ZTJC<br \/>\nOPEL D 15 DT (DV5RD)<br \/>\nOPEL D 15 DT (DV5RUCD)<br \/>\nOPEL D 15 DTH (DV5RC)<br \/>\nOPEL D 15 DTH (DV5RUC)<br \/>\nOPEL D 15 DTL (DV5RE)<br \/>\nOPEL F 15 DT (DV5RCE)<br \/>\nOPEL F 15 DTH (DV5RC)<br \/>\nOPEL YHZ (DV5RC)<br \/>\nPEUGEOT YHR (DV5RUCD)<br \/>\nPEUGEOT YHS (DV5RCE)<br \/>\nPEUGEOT YHT (DV5RCF)<br \/>\nPEUGEOT YHV (DV5RUC)<br \/>\nPEUGEOT YHW (DV5RE)<br \/>\nPEUGEOT YHX (DV5RC)<br \/>\nPEUGEOT YHY (DV5RD)<br \/>\nPEUGEOT YHZ (DV5RC)<br \/>\nTOYOTA 5WZ-HV (DV5RUC)<br \/>\nTOYOTA 5WZ-TV (DV5RUCD)<br \/>\nTOYOTA DV5RC<br \/>\nTOYOTA DV5RD<br \/>\nTOYOTA DV5RE<br \/>\nVAUXHALL D 15 DT (DV5RCF)<br \/>\nVAUXHALL D 15 DT (DV5RD)<br \/>\nVAUXHALL D 15 DT (DV5RUCD)<br \/>\nVAUXHALL D 15 DTH (DV5RC)<br \/>\nVAUXHALL D 15 DTH (DV5RUC)<br \/>\nVAUXHALL D 15 DTL (DV5RE)<br \/>\nVAUXHALL F 15 DT (DV5RCE)<br \/>\nVAUXHALL YHZ (DV5RC)<\/p>","protected":false},"excerpt":{"rendered":"<p>ATTENTION model premi\u00e8re version avec chaine \u00e9paisseur de 7 mm R\u00e9f\u00e9rences 9826028980 et 9823954880 Kit arbre \u00e0 came 1.5 hdi<\/p>","protected":false},"featured_media":12270,"comment_status":"open","ping_status":"closed","template":"","meta":{"content-type":""},"product_cat":[126,125],"product_tag":[],"class_list":{"0":"post-11754","1":"product","2":"type-product","3":"status-publish","4":"has-post-thumbnail","6":"product_cat-arbre-a-came","7":"product_cat-haut-moteur","9":"first","10":"instock","11":"shipping-taxable","12":"purchasable","13":"product-type-simple"},"aioseo_notices":[],"jetpack_sharing_enabled":true,"_links":{"self":[{"href":"https:\/\/drs-auto.fr\/en\/wp-json\/wp\/v2\/product\/11754","targetHints":{"allow":["GET"]}}],"collection":[{"href":"https:\/\/drs-auto.fr\/en\/wp-json\/wp\/v2\/product"}],"about":[{"href":"https:\/\/drs-auto.fr\/en\/wp-json\/wp\/v2\/types\/product"}],"replies":[{"embeddable":true,"href":"https:\/\/drs-auto.fr\/en\/wp-json\/wp\/v2\/comments?post=11754"}],"version-history":[{"count":2,"href":"https:\/\/drs-auto.fr\/en\/wp-json\/wp\/v2\/product\/11754\/revisions"}],"predecessor-version":[{"id":12271,"href":"https:\/\/drs-auto.fr\/en\/wp-json\/wp\/v2\/product\/11754\/revisions\/12271"}],"wp:featuredmedia":[{"embeddable":true,"href":"https:\/\/drs-auto.fr\/en\/wp-json\/wp\/v2\/media\/12270"}],"wp:attachment":[{"href":"https:\/\/drs-auto.fr\/en\/wp-json\/wp\/v2\/media?parent=11754"}],"wp:term":[{"taxonomy":"product_cat","embeddable":true,"href":"https:\/\/drs-auto.fr\/en\/wp-json\/wp\/v2\/product_cat?post=11754"},{"taxonomy":"product_tag","embeddable":true,"href":"https:\/\/drs-auto.fr\/en\/wp-json\/wp\/v2\/product_tag?post=11754"}],"curies":[{"name":"wp","href":"https:\/\/api.w.org\/{rel}","templated":true}]}}