
{"id":11735,"date":"2024-03-27T09:07:43","date_gmt":"2024-03-27T08:07:43","guid":{"rendered":"https:\/\/drs-auto.fr\/produit\/consigne-turbo\/"},"modified":"2024-03-27T09:09:31","modified_gmt":"2024-03-27T08:09:31","slug":"consigne-turbo","status":"publish","type":"product","link":"https:\/\/drs-auto.fr\/en\/product\/consigne-turbo\/","title":{"rendered":"Consigne Turbo"},"content":{"rendered":"<p>Option 1 :<br \/>\nAchat du turbocompresseur avec caution : nous envoyons imm\u00e9diatement le produit , la caution est restitu\u00e9e d\u00e8s que nous recevons votre turbocompresseur usag\u00e9.<\/p>\n<p>Option 2 :<br \/>\nAchat du turbocompresseur sans caution : apr\u00e8s avoir re\u00e7u votre turbocompresseur usag\u00e9, nous envoyons imm\u00e9diatement le nouveau produit<\/p>","protected":false},"excerpt":{"rendered":"<p>Option 1 : Achat du turbocompresseur avec caution : nous envoyons imm\u00e9diatement le produit , la caution est restitu\u00e9e d\u00e8s<\/p>","protected":false},"featured_media":11734,"comment_status":"open","ping_status":"closed","template":"","meta":{"content-type":""},"product_cat":[111],"product_tag":[],"class_list":{"0":"post-11735","1":"product","2":"type-product","3":"status-publish","4":"has-post-thumbnail","6":"product_cat-accessories","8":"first","9":"instock","10":"virtual","11":"purchasable","12":"product-type-simple"},"aioseo_notices":[],"jetpack_sharing_enabled":true,"_links":{"self":[{"href":"https:\/\/drs-auto.fr\/en\/wp-json\/wp\/v2\/product\/11735","targetHints":{"allow":["GET"]}}],"collection":[{"href":"https:\/\/drs-auto.fr\/en\/wp-json\/wp\/v2\/product"}],"about":[{"href":"https:\/\/drs-auto.fr\/en\/wp-json\/wp\/v2\/types\/product"}],"replies":[{"embeddable":true,"href":"https:\/\/drs-auto.fr\/en\/wp-json\/wp\/v2\/comments?post=11735"}],"version-history":[{"count":1,"href":"https:\/\/drs-auto.fr\/en\/wp-json\/wp\/v2\/product\/11735\/revisions"}],"predecessor-version":[{"id":11737,"href":"https:\/\/drs-auto.fr\/en\/wp-json\/wp\/v2\/product\/11735\/revisions\/11737"}],"wp:featuredmedia":[{"embeddable":true,"href":"https:\/\/drs-auto.fr\/en\/wp-json\/wp\/v2\/media\/11734"}],"wp:attachment":[{"href":"https:\/\/drs-auto.fr\/en\/wp-json\/wp\/v2\/media?parent=11735"}],"wp:term":[{"taxonomy":"product_cat","embeddable":true,"href":"https:\/\/drs-auto.fr\/en\/wp-json\/wp\/v2\/product_cat?post=11735"},{"taxonomy":"product_tag","embeddable":true,"href":"https:\/\/drs-auto.fr\/en\/wp-json\/wp\/v2\/product_tag?post=11735"}],"curies":[{"name":"wp","href":"https:\/\/api.w.org\/{rel}","templated":true}]}}