
{"id":11733,"date":"2024-03-27T09:05:10","date_gmt":"2024-03-27T08:05:10","guid":{"rendered":"https:\/\/drs-auto.fr\/produit\/turbo-peugeot-citroen-1-5-bluehdi-100-102-cv-49172-03100\/"},"modified":"2025-03-15T15:24:37","modified_gmt":"2025-03-15T14:24:37","slug":"turbo-peugeot-citroen-1-5-bluehdi-100-102-cv-49172-03100","status":"publish","type":"product","link":"https:\/\/drs-auto.fr\/en\/product\/turbo-peugeot-citroen-1-5-bluehdi-100-102-cv-49172-03100\/","title":{"rendered":"Turbocompresseur PEUGEOT CITROEN FORD OPEL DS 1.5 hdi 100cv 102cv 49172-03100"},"content":{"rendered":"<p>Turbo pour PEUGEOT CITROEN TOYOTA 1.5 BlueHDi 99 100 102 CV 49172-03100 \u00c0 partir de 05\/2018 &#8211;<\/p>\n<p>Caract\u00e9ristiques techniques<\/p>\n<p>Codes moteur<\/p>\n<p>YHY (DV5RD)<\/p>\n<p>Motorisation<\/p>\n<p>1.5 BlueHDi<\/p>\n<p>Puissance<\/p>\n<p>100 &amp; 102 CV (75 KW)<\/p>\n<p>Cylindr\u00e9e<\/p>\n<p>1499 cm3<\/p>\n<p>Norme Euro 1<\/p>\n<p>Euro 6<\/p>\n<p>Energie<\/p>\n<p>Diesel<\/p>\n<p>OEM<\/p>\n<p>9813245480, 1631887280, 425047621649<\/p>\n<p>V\u00e9hicules compatibles<\/p>\n<p>CITRO\u00cbN Berlingo 1.5 BlueHDi 102 CV (75 KW) 06\/2018 &#8211;<\/p>\n<p>CITRO\u00cbN Berlingo 1.5 BlueHDi 76 CV (56 KW) 06\/2018 &#8211;<\/p>\n<p>CITRO\u00cbN C-Elys\u00e9e 1.5 BlueHDi 102 CV (75 KW) 05\/2018 &#8211;<\/p>\n<p>CITRO\u00cbN C3 Aircross 1.5 BlueHDi 99 CV (73 KW) 08\/2018 &#8211;<\/p>\n<p>CITRO\u00cbN C3 1.5 BlueHDi 102 CV (75 KW) 05\/2018 &#8211;<\/p>\n<p>CITRO\u00cbN C4 Cactus 1.5 BlueHDi 99 CV (73 KW) 06\/2018 &#8211;<\/p>\n<p>PEUGEOT 2008 1.5 BlueHDi 102 CV (75 KW) 05\/2018 &#8211;<\/p>\n<p>PEUGEOT 208 1.5 BlueHDi 102 CV (75 KW) 05\/2018 &#8211; 12\/2019<\/p>\n<p>PEUGEOT 301 1.5 BlueHDi 102 CV (75 KW) 05\/2018 &#8211;<\/p>\n<p>PEUGEOT 308 1.5 BlueHDi 102 CV (75 KW) 04\/2018 &#8211; 06\/2021<\/p>\n<p>PEUGEOT Rifter 1.5 BlueHDi 102 CV (75 KW) 09\/2018 &#8211;<\/p>\n<p>Option 1 :<br \/>\nAchat du turbocompresseur avec caution : nous envoyons imm\u00e9diatement le produit , la caution est restitu\u00e9e d\u00e8s que nous recevons votre turbocompresseur usag\u00e9.<\/p>\n<p>Option 2 :<br \/>\nAchat du turbocompresseur sans caution : apr\u00e8s avoir re\u00e7u votre turbocompresseur usag\u00e9, nous envoyons imm\u00e9diatement le nouveau produit<\/p>","protected":false},"excerpt":{"rendered":"<p>Turbo pour PEUGEOT CITROEN TOYOTA 1.5 BlueHDi 99 100 102 CV 49172-03100 \u00c0 partir de 05\/2018 &#8211; Caract\u00e9ristiques techniques Codes<\/p>","protected":false},"featured_media":11731,"comment_status":"open","ping_status":"closed","template":"","meta":{"content-type":""},"product_cat":[137],"product_tag":[],"class_list":{"0":"post-11733","1":"product","2":"type-product","3":"status-publish","4":"has-post-thumbnail","6":"product_cat-turbo-compresseur","8":"first","9":"instock","10":"sale","11":"shipping-taxable","12":"purchasable","13":"product-type-simple"},"aioseo_notices":[],"jetpack_sharing_enabled":true,"_links":{"self":[{"href":"https:\/\/drs-auto.fr\/en\/wp-json\/wp\/v2\/product\/11733","targetHints":{"allow":["GET"]}}],"collection":[{"href":"https:\/\/drs-auto.fr\/en\/wp-json\/wp\/v2\/product"}],"about":[{"href":"https:\/\/drs-auto.fr\/en\/wp-json\/wp\/v2\/types\/product"}],"replies":[{"embeddable":true,"href":"https:\/\/drs-auto.fr\/en\/wp-json\/wp\/v2\/comments?post=11733"}],"version-history":[{"count":3,"href":"https:\/\/drs-auto.fr\/en\/wp-json\/wp\/v2\/product\/11733\/revisions"}],"predecessor-version":[{"id":12071,"href":"https:\/\/drs-auto.fr\/en\/wp-json\/wp\/v2\/product\/11733\/revisions\/12071"}],"wp:featuredmedia":[{"embeddable":true,"href":"https:\/\/drs-auto.fr\/en\/wp-json\/wp\/v2\/media\/11731"}],"wp:attachment":[{"href":"https:\/\/drs-auto.fr\/en\/wp-json\/wp\/v2\/media?parent=11733"}],"wp:term":[{"taxonomy":"product_cat","embeddable":true,"href":"https:\/\/drs-auto.fr\/en\/wp-json\/wp\/v2\/product_cat?post=11733"},{"taxonomy":"product_tag","embeddable":true,"href":"https:\/\/drs-auto.fr\/en\/wp-json\/wp\/v2\/product_tag?post=11733"}],"curies":[{"name":"wp","href":"https:\/\/api.w.org\/{rel}","templated":true}]}}