
{"id":11688,"date":"2024-02-08T11:12:43","date_gmt":"2024-02-08T10:12:43","guid":{"rendered":"https:\/\/drs-auto.fr\/produit\/kit-chaine-distribution-dv5-pour-1-5-opel-peugeot-citroen-ford-toyota-vauxhall-7mm\/"},"modified":"2024-12-16T14:04:23","modified_gmt":"2024-12-16T13:04:23","slug":"kit-chaine-distribution-dv5-pour-1-5-opel-peugeot-citroen-ford-toyota-vauxhall-7mm","status":"publish","type":"product","link":"https:\/\/drs-auto.fr\/en\/product\/kit-chaine-distribution-dv5-pour-1-5-opel-peugeot-citroen-ford-toyota-vauxhall-7mm\/","title":{"rendered":"Kit chaine distribution DV5 pour 1.5 Opel Peugeot Citroen Ford Toyota Vauxhall 7mm"},"content":{"rendered":"<p>ATTENTION model premi\u00e8re version avec chaine \u00e9paisseur de 7 mm<\/p>\n<p>Les r\u00e9f\u00e9rences sont visibles sur les bo\u00eetes. Voir photo<\/p>\n<p>9826028980<br \/>\n9823954880<\/p>\n<p>Ce kit chaine de distribution est compatible avec les types moteurs:<\/p>\n<p>CITRO\u00cbN             YHR (DV5RUCD)<br \/>\nCITRO\u00cbN             YHS (DV5RCE) <\/p>\n<p>CITRO\u00cbN             YHT (DV5RCF) <\/p>\n<p>CITRO\u00cbN             YHV (DV5RUC)<\/p>\n<p>CITRO\u00cbN             YHW (DV5RE)  <\/p>\n<p>CITRO\u00cbN             YHX (DV5RC)   <\/p>\n<p>CITRO\u00cbN             YHY (DV5RD)   <\/p>\n<p>CITRO\u00cbN             YHZ (DV5RC)    <\/p>\n<p>DS                          YHS (DV5RCE) <\/p>\n<p>DS                          YHY (DV5RD)   <\/p>\n<p>DS                          YHZ (DV5RC)    <\/p>\n<p>FORD                    BEDC   <\/p>\n<p>FORD                    BEGA  <\/p>\n<p>FORD                    Z2DA<\/p>\n<p>FORD                    Z2GA   <\/p>\n<p>FORD                    Z2JA    <\/p>\n<p>FORD                    ZTDA   <\/p>\n<p>FORD                    ZTDB   <\/p>\n<p>FORD                    ZTGA   <\/p>\n<p>FORD                    ZTJA    <\/p>\n<p>FORD                    ZTJC     <\/p>\n<p>OPEL                     D 15 DT (DV5RD)            <\/p>\n<p>OPEL                     D 15 DT (DV5RUCD)      <\/p>\n<p>OPEL                     D 15 DTH (DV5RC)         <\/p>\n<p>OPEL                     D 15 DTH (DV5RUC)      <\/p>\n<p>OPEL                     D 15 DTL (DV5RE)          <\/p>\n<p>OPEL                     F 15 DT (DV5RCE)          <\/p>\n<p>OPEL                     F 15 DTH (DV5RC)          <\/p>\n<p>OPEL                     YHZ (DV5RC)    <\/p>\n<p>PEUGEOT            YHR (DV5RUCD)             <\/p>\n<p>PEUGEOT            YHS (DV5RCE) <\/p>\n<p>PEUGEOT            YHT (DV5RCF) <\/p>\n<p>PEUGEOT            YHV (DV5RUC)<\/p>\n<p>PEUGEOT            YHW (DV5RE)  <\/p>\n<p>PEUGEOT            YHX (DV5RC)   <\/p>\n<p>PEUGEOT            YHY (DV5RD)   <\/p>\n<p>PEUGEOT            YHZ (DV5RC)    <\/p>\n<p>TOYOTA               5WZ-HV (DV5RUC)       <\/p>\n<p>TOYOTA               5WZ-TV (DV5RUCD)     <\/p>\n<p>TOYOTA               DV5RC<\/p>\n<p>TOYOTA               DV5RD<\/p>\n<p>TOYOTA               DV5RE<\/p>\n<p>VAUXHALL         D 15 DT (DV5RCF)          <\/p>\n<p>VAUXHALL         D 15 DT (DV5RD)            <\/p>\n<p>VAUXHALL         D 15 DT (DV5RUCD)      <\/p>\n<p>VAUXHALL         D 15 DTH (DV5RC)         <\/p>\n<p>VAUXHALL         D 15 DTH (DV5RUC)      <\/p>\n<p>VAUXHALL         D 15 DTL (DV5RE)          <\/p>\n<p>VAUXHALL         F 15 DT (DV5RCE)          <\/p>\n<p>VAUXHALL         YHZ (DV5RC)<\/p>","protected":false},"excerpt":{"rendered":"<p>ATTENTION model premi\u00e8re version avec chaine \u00e9paisseur de 7 mm Les r\u00e9f\u00e9rences sont visibles sur les bo\u00eetes. Voir photo 9826028980<\/p>","protected":false},"featured_media":12103,"comment_status":"open","ping_status":"closed","template":"","meta":{"content-type":""},"product_cat":[111],"product_tag":[],"class_list":{"0":"post-11688","1":"product","2":"type-product","3":"status-publish","4":"has-post-thumbnail","6":"product_cat-accessories","8":"first","9":"instock","10":"sale","11":"shipping-taxable","12":"purchasable","13":"product-type-simple"},"aioseo_notices":[],"jetpack_sharing_enabled":true,"_links":{"self":[{"href":"https:\/\/drs-auto.fr\/en\/wp-json\/wp\/v2\/product\/11688","targetHints":{"allow":["GET"]}}],"collection":[{"href":"https:\/\/drs-auto.fr\/en\/wp-json\/wp\/v2\/product"}],"about":[{"href":"https:\/\/drs-auto.fr\/en\/wp-json\/wp\/v2\/types\/product"}],"replies":[{"embeddable":true,"href":"https:\/\/drs-auto.fr\/en\/wp-json\/wp\/v2\/comments?post=11688"}],"version-history":[{"count":1,"href":"https:\/\/drs-auto.fr\/en\/wp-json\/wp\/v2\/product\/11688\/revisions"}],"predecessor-version":[{"id":12104,"href":"https:\/\/drs-auto.fr\/en\/wp-json\/wp\/v2\/product\/11688\/revisions\/12104"}],"wp:featuredmedia":[{"embeddable":true,"href":"https:\/\/drs-auto.fr\/en\/wp-json\/wp\/v2\/media\/12103"}],"wp:attachment":[{"href":"https:\/\/drs-auto.fr\/en\/wp-json\/wp\/v2\/media?parent=11688"}],"wp:term":[{"taxonomy":"product_cat","embeddable":true,"href":"https:\/\/drs-auto.fr\/en\/wp-json\/wp\/v2\/product_cat?post=11688"},{"taxonomy":"product_tag","embeddable":true,"href":"https:\/\/drs-auto.fr\/en\/wp-json\/wp\/v2\/product_tag?post=11688"}],"curies":[{"name":"wp","href":"https:\/\/api.w.org\/{rel}","templated":true}]}}