
{"id":11682,"date":"2024-02-05T10:56:34","date_gmt":"2024-02-05T09:56:34","guid":{"rendered":"https:\/\/drs-auto.fr\/produit\/turbo-kia-sorento-2-5-crdi-140cv-733952-5001s-neuf\/"},"modified":"2024-02-16T13:34:40","modified_gmt":"2024-02-16T12:34:40","slug":"turbo-kia-sorento-2-5-crdi-140cv-733952-5001s-neuf","status":"publish","type":"product","link":"https:\/\/drs-auto.fr\/en\/product\/turbo-kia-sorento-2-5-crdi-140cv-733952-5001s-neuf\/","title":{"rendered":"Turbo Kia Sorento 2.5 CRDI 140CV (733952-5001S) neuf"},"content":{"rendered":"<p>Turbo Kia Sorento 2.5 CRDI 140CV  (733952-5001S)<\/p>\n<p>V\u00e9hicules compatibles<br \/>\nKIA<br \/>\nKIA Sorento 2.5 CRDI 140 CV<br \/>\nR\u00e9f\u00e9rences compatibles<br \/>\nRef. 28200-4A101<br \/>\nRef. 733952-0001<br \/>\nRef. 733952-5001S<\/p>","protected":false},"excerpt":{"rendered":"<p>Turbo Kia Sorento 2.5 CRDI 140CV (733952-5001S) V\u00e9hicules compatibles KIA KIA Sorento 2.5 CRDI 140 CV R\u00e9f\u00e9rences compatibles Ref. 28200-4A101<\/p>","protected":false},"featured_media":11681,"comment_status":"open","ping_status":"closed","template":"","meta":{"content-type":""},"product_cat":[111],"product_tag":[],"class_list":{"0":"post-11682","1":"product","2":"type-product","3":"status-publish","4":"has-post-thumbnail","6":"product_cat-accessories","8":"first","9":"outofstock","10":"sale","11":"shipping-taxable","12":"purchasable","13":"product-type-simple"},"aioseo_notices":[],"jetpack_sharing_enabled":true,"_links":{"self":[{"href":"https:\/\/drs-auto.fr\/en\/wp-json\/wp\/v2\/product\/11682","targetHints":{"allow":["GET"]}}],"collection":[{"href":"https:\/\/drs-auto.fr\/en\/wp-json\/wp\/v2\/product"}],"about":[{"href":"https:\/\/drs-auto.fr\/en\/wp-json\/wp\/v2\/types\/product"}],"replies":[{"embeddable":true,"href":"https:\/\/drs-auto.fr\/en\/wp-json\/wp\/v2\/comments?post=11682"}],"version-history":[{"count":0,"href":"https:\/\/drs-auto.fr\/en\/wp-json\/wp\/v2\/product\/11682\/revisions"}],"wp:featuredmedia":[{"embeddable":true,"href":"https:\/\/drs-auto.fr\/en\/wp-json\/wp\/v2\/media\/11681"}],"wp:attachment":[{"href":"https:\/\/drs-auto.fr\/en\/wp-json\/wp\/v2\/media?parent=11682"}],"wp:term":[{"taxonomy":"product_cat","embeddable":true,"href":"https:\/\/drs-auto.fr\/en\/wp-json\/wp\/v2\/product_cat?post=11682"},{"taxonomy":"product_tag","embeddable":true,"href":"https:\/\/drs-auto.fr\/en\/wp-json\/wp\/v2\/product_tag?post=11682"}],"curies":[{"name":"wp","href":"https:\/\/api.w.org\/{rel}","templated":true}]}}