
{"id":11679,"date":"2024-01-21T21:39:40","date_gmt":"2024-01-21T20:39:40","guid":{"rendered":"https:\/\/drs-auto.fr\/produit\/kit-chaine-arbre-a-cames-moteur-1-5-hdi-oe-neuf-1638159880-9812647280-chaine-8mm-marque-psa\/"},"modified":"2026-01-29T20:37:38","modified_gmt":"2026-01-29T19:37:38","slug":"kit-chaine-arbre-a-cames-moteur-1-5-hdi-oe-neuf-1638159880-9812647280-chaine-8mm-marque-psa","status":"publish","type":"product","link":"https:\/\/drs-auto.fr\/en\/product\/kit-chaine-arbre-a-cames-moteur-1-5-hdi-oe-neuf-1638159880-9812647280-chaine-8mm-marque-psa\/","title":{"rendered":"KIT CHAINE ARBRE A CAMES MOTEUR 1.5 HDI OE NEUF 1697054780 9812647280 Cha\u00eene 8mm origine PSA"},"content":{"rendered":"<p>KIT CHAINE ARBRE A CAMES MOTEUR 1.5 HDI OE NEUF 1638159880 9812647280 en 8mm<\/p>\n<p>Vendu avec tendeur de cha\u00eene arbre \u00e0 came \u00e9chappement et admission ainsi que la demi culasse.<\/p>\n<p>BlueHDi<\/p>\n<p>Berlingo C3 aircross<\/p>\n<p>C3<\/p>\n<p>C5<\/p>\n<p>C4 Grand Picasso<\/p>\n<p>Jumpy<\/p>\n<p>Space tourer<\/p>\n<p>DS3<\/p>\n<p>DS4<\/p>\n<p>DS5<\/p>\n<p>Ford focus<\/p>\n<p>Ford Tourneo connect<\/p>\n<p>Ford transit<\/p>\n<p>Opel combo<\/p>\n<p>Opel corsa<\/p>\n<p>Opel vivaro<\/p>\n<p>Opel Zafira<\/p>\n<p>Peugeot 2008<\/p>\n<p>Peugeot 208<\/p>\n<p>Peugeot 3008<\/p>\n<p>Peugeot 308<\/p>\n<p>Peugeot 301<\/p>\n<p>Peugeot 5008<\/p>\n<p>Peugeot 508<\/p>\n<p>Peugeot expert<\/p>\n<p>Peugeot partner<\/p>\n<p>Peugeot rifter<\/p>\n<p>Peugeot traveller<\/p>","protected":false},"excerpt":{"rendered":"<p>KIT CHAINE ARBRE A CAMES MOTEUR 1.5 HDI OE NEUF 1638159880 9812647280 en 8mm Vendu avec tendeur de cha\u00eene arbre<\/p>","protected":false},"featured_media":12205,"comment_status":"open","ping_status":"closed","template":"","meta":{"content-type":""},"product_cat":[111,126,125],"product_tag":[],"class_list":{"0":"post-11679","1":"product","2":"type-product","3":"status-publish","4":"has-post-thumbnail","6":"product_cat-accessories","7":"product_cat-arbre-a-came","8":"product_cat-haut-moteur","10":"first","11":"onbackorder","12":"sale","13":"shipping-taxable","14":"purchasable","15":"product-type-simple"},"aioseo_notices":[],"jetpack_sharing_enabled":true,"_links":{"self":[{"href":"https:\/\/drs-auto.fr\/en\/wp-json\/wp\/v2\/product\/11679","targetHints":{"allow":["GET"]}}],"collection":[{"href":"https:\/\/drs-auto.fr\/en\/wp-json\/wp\/v2\/product"}],"about":[{"href":"https:\/\/drs-auto.fr\/en\/wp-json\/wp\/v2\/types\/product"}],"replies":[{"embeddable":true,"href":"https:\/\/drs-auto.fr\/en\/wp-json\/wp\/v2\/comments?post=11679"}],"version-history":[{"count":5,"href":"https:\/\/drs-auto.fr\/en\/wp-json\/wp\/v2\/product\/11679\/revisions"}],"predecessor-version":[{"id":12098,"href":"https:\/\/drs-auto.fr\/en\/wp-json\/wp\/v2\/product\/11679\/revisions\/12098"}],"wp:featuredmedia":[{"embeddable":true,"href":"https:\/\/drs-auto.fr\/en\/wp-json\/wp\/v2\/media\/12205"}],"wp:attachment":[{"href":"https:\/\/drs-auto.fr\/en\/wp-json\/wp\/v2\/media?parent=11679"}],"wp:term":[{"taxonomy":"product_cat","embeddable":true,"href":"https:\/\/drs-auto.fr\/en\/wp-json\/wp\/v2\/product_cat?post=11679"},{"taxonomy":"product_tag","embeddable":true,"href":"https:\/\/drs-auto.fr\/en\/wp-json\/wp\/v2\/product_tag?post=11679"}],"curies":[{"name":"wp","href":"https:\/\/api.w.org\/{rel}","templated":true}]}}