
{"id":11670,"date":"2024-01-09T22:41:24","date_gmt":"2024-01-09T21:41:24","guid":{"rendered":"https:\/\/drs-auto.fr\/produit\/soupape-dadmission-1-5-hdi-100-120-130cv-9814152480depuis-2018-1-5-bluehdi\/"},"modified":"2024-01-09T22:41:24","modified_gmt":"2024-01-09T21:41:24","slug":"soupape-dadmission-1-5-hdi-100-120-130cv-9814152480depuis-2018-1-5-bluehdi","status":"publish","type":"product","link":"https:\/\/drs-auto.fr\/en\/product\/soupape-dadmission-1-5-hdi-100-120-130cv-9814152480depuis-2018-1-5-bluehdi\/","title":{"rendered":"SOUPAPE D&rsquo;ADMISSION 1.5 HDI 100 120 130cv 9814152480\ndepuis 2018 1.5 BlueHDi"},"content":{"rendered":"<p>SOUPAPE D&rsquo;ADMISSION 1.5 HDI 100 120 130cv<\/p>\n<p>C\u00f4t\u00e9 d&rsquo;assemblage:<br \/>\nC\u00f4t\u00e9 d&rsquo;admission<\/p>\n<p>R\u00e9f\u00e9rences :<\/p>\n<p>9814152480, 3553632, 9811144580<\/p>\n<p>Angle du si\u00e8ge de soupape:<br \/>\n45<\/p>\n<p>Longueur [mm]:<br \/>\n95,4<\/p>\n<p>Mat\u00e9riel:<br \/>\nAcier au silicium-chrome<\/p>\n<p>Article compl\u00e9mentaire \/ Info compl\u00e9mentaire 2:<br \/>\nTige de soupape chrom\u00e9e<\/p>\n<p>V\u00e9hicules compatibles :<\/p>\n<p>Berlingo (ER_, EC_) (06\/2018 &#8211; &#8230;)<br \/>\nBerlingo Camionnette\/Monospace (K9) (06\/2018 &#8211; &#8230;)<br \/>\nC-Elysee (DD_) (11\/2012 &#8211; &#8230;)<br \/>\nC3 III (SX) (07\/2016 &#8211; &#8230;)<br \/>\nC3 Aircross II (2R_, 2C_) (06\/2017 &#8211; &#8230;)<br \/>\nC4 III (BA_, BB_, BC_) (10\/2020 &#8211; &#8230;)<br \/>\nC4 Spacetourer (3D_) (04\/2018 &#8211; &#8230;)<br \/>\nGrand C4 Spacetourer (3A_, 3E_) (04\/2018 &#8211; &#8230;)<br \/>\nC4 Cactus (09\/2014 &#8211; &#8230;)<br \/>\nC5 Aircross (A_) (11\/2018 &#8211; &#8230;)<br \/>\nSpacetourer Autobus\/Autocar (V_) (04\/2016 &#8211; &#8230;)<br \/>\nJumpy III Autobus\/Autocar (V_) (04\/2016 &#8211; &#8230;)<br \/>\nJumpy III Camionnette (V_) (04\/2016 &#8211; &#8230;)<br \/>\nC3 III Van (SX_, SY_) (07\/2016 &#8211; &#8230;)<br \/>\nC3 Aircross II Van (2C_, 2R_) (06\/2017 &#8211; &#8230;)<br \/>\nC4 Cactus Van (0B_, 0P_) (09\/2014 &#8211; &#8230;)<br \/>\nC4 Spacetourer Van (3D_) (04\/2018 &#8211; &#8230;)<br \/>\nGrand C4 Spacetourer Van (3A_, 3E_) (04\/2018 &#8211; &#8230;)<\/p>\n<p>DS 3 \/ DS 3 Crossback (UR_, UC_, UJ_) (10\/2018 &#8211; &#8230;)<br \/>\nDS 7 Crossback (J4_, JR_, JC_) (09\/2017 &#8211; &#8230;)<br \/>\nCombo E Tour \/ Life (K9) (06\/2018 &#8211; &#8230;)<br \/>\nCombo Camionnette\/Monospace (K9) (06\/2018 &#8211; &#8230;)<br \/>\nCrossland X \/ Crossland (P17, P2QO) (03\/2017 &#8211; &#8230;)<br \/>\nGrandland \/ Grandland X (A18, P1UO) (06\/2017 &#8211; &#8230;)<br \/>\nZafira Life Autobus\/Autocar (K0) (03\/2019 &#8211; &#8230;)<br \/>\nVivaro C Autobus\/Autocar (K0) (03\/2019 &#8211; &#8230;)<br \/>\nVivaro C Camionnette (K0) (03\/2019 &#8211; &#8230;)<br \/>\nCorsa F (P2JO) (07\/2019 &#8211; &#8230;)<br \/>\nCorsa F Camionnette &#8211; 3\/5 Portes (07\/2019 &#8211; &#8230;)<br \/>\nCrossland X Van (03\/2017 &#8211; &#8230;)<br \/>\nGrandland X Van (06\/2017 &#8211; &#8230;)<\/p>\n<p>208 I (CA_, CC_) (03\/2012 &#8211; 03\/2020)<br \/>\n208 II (UB_, UP_, UW_, UJ_) (06\/2019 &#8211; &#8230;)<br \/>\n208 Camionnette &#8211; 3\/5 Portes (CR_) (02\/2013 &#8211; 12\/2019)<br \/>\n301 (11\/2012 &#8211; &#8230;)<br \/>\n308 II (LB_, LP_, LW_, LH_, L3_) (09\/2013 &#8211; 06\/2021)<br \/>\n308 SW II (LC_, LJ_, LR_, LX_, L4_) (03\/2014 &#8211; 06\/2021)<br \/>\n308 SW II Camionnette\/Break (LC_) (04\/2014 &#8211; &#8230;)<br \/>\n308 Camionnette &#8211; 3\/5 Portes (LB_) (03\/2015 &#8211; &#8230;)<br \/>\n508 II (FB_, FH_, F3_) (09\/2018 &#8211; &#8230;)<br \/>\n508 SW II (FC_, FJ_, F4_) (09\/2018 &#8211; &#8230;)<br \/>\n2008 I (CU_) (03\/2013 &#8211; &#8230;)<br \/>\n2008 I Van (CU_) (03\/2013 &#8211; &#8230;)<br \/>\n2008 II (UD_, US_, UY_, UK_) (08\/2019 &#8211; &#8230;)<br \/>\n3008 SUV (MC_, MR_, MJ_, M4_) (05\/2016 &#8211; &#8230;)<br \/>\n5008 II (MC_, MJ_, MR_, M4_) (12\/2016 &#8211; &#8230;)<br \/>\nExpert Autobus\/Autocar (V_) (04\/2016 &#8211; &#8230;)<br \/>\nTraveller Autobus\/Autocar (V_) (04\/2016 &#8211; &#8230;)<br \/>\nExpert Camionnette (V_) (04\/2016 &#8211; &#8230;)<br \/>\nPartner Camionnette\/Monospace (K9) (09\/2018 &#8211; &#8230;)<br \/>\nRifter (09\/2018 &#8211; &#8230;)<\/p>\n<p>Proace Camionnette (MDZ_) (02\/2016 &#8211; &#8230;)<br \/>\nProace Verso Autobus\/Autocar (MPY_) (02\/2016 &#8211; &#8230;)<br \/>\nProace Autobus\/Autocar (MDZ_) (02\/2016 &#8211; &#8230;)<\/p>\n<p>Grandland X \/ Grandland (A18) (06\/2017 &#8211; &#8230;)<\/p>","protected":false},"excerpt":{"rendered":"<p>SOUPAPE D&rsquo;ADMISSION 1.5 HDI 100 120 130cv C\u00f4t\u00e9 d&rsquo;assemblage: C\u00f4t\u00e9 d&rsquo;admission R\u00e9f\u00e9rences : 9814152480, 3553632, 9811144580 Angle du si\u00e8ge de<\/p>","protected":false},"featured_media":11669,"comment_status":"open","ping_status":"closed","template":"","meta":{"content-type":""},"product_cat":[111],"product_tag":[],"class_list":{"0":"post-11670","1":"product","2":"type-product","3":"status-publish","4":"has-post-thumbnail","6":"product_cat-accessories","8":"first","9":"instock","10":"sale","11":"shipping-taxable","12":"purchasable","13":"product-type-simple"},"aioseo_notices":[],"jetpack_sharing_enabled":true,"_links":{"self":[{"href":"https:\/\/drs-auto.fr\/en\/wp-json\/wp\/v2\/product\/11670","targetHints":{"allow":["GET"]}}],"collection":[{"href":"https:\/\/drs-auto.fr\/en\/wp-json\/wp\/v2\/product"}],"about":[{"href":"https:\/\/drs-auto.fr\/en\/wp-json\/wp\/v2\/types\/product"}],"replies":[{"embeddable":true,"href":"https:\/\/drs-auto.fr\/en\/wp-json\/wp\/v2\/comments?post=11670"}],"version-history":[{"count":0,"href":"https:\/\/drs-auto.fr\/en\/wp-json\/wp\/v2\/product\/11670\/revisions"}],"wp:featuredmedia":[{"embeddable":true,"href":"https:\/\/drs-auto.fr\/en\/wp-json\/wp\/v2\/media\/11669"}],"wp:attachment":[{"href":"https:\/\/drs-auto.fr\/en\/wp-json\/wp\/v2\/media?parent=11670"}],"wp:term":[{"taxonomy":"product_cat","embeddable":true,"href":"https:\/\/drs-auto.fr\/en\/wp-json\/wp\/v2\/product_cat?post=11670"},{"taxonomy":"product_tag","embeddable":true,"href":"https:\/\/drs-auto.fr\/en\/wp-json\/wp\/v2\/product_tag?post=11670"}],"curies":[{"name":"wp","href":"https:\/\/api.w.org\/{rel}","templated":true}]}}