
{"id":11667,"date":"2024-01-09T22:34:15","date_gmt":"2024-01-09T21:34:15","guid":{"rendered":"https:\/\/drs-auto.fr\/produit\/soupape-dechappement-1-5-hdi-100-120-130cv-9814152380\/"},"modified":"2024-02-08T11:26:31","modified_gmt":"2024-02-08T10:26:31","slug":"soupape-dechappement-1-5-hdi-100-120-130cv-9814152380","status":"publish","type":"product","link":"https:\/\/drs-auto.fr\/en\/product\/soupape-dechappement-1-5-hdi-100-120-130cv-9814152380\/","title":{"rendered":"SOUPAPE D&rsquo;\u00c9CHAPPEMENT 1.5 HDI 100 120 130cv 9842467480\ndepuis 2018 1.5 BlueHDi"},"content":{"rendered":"<p>Soupape moteur DV5RC<\/p>\n<p>C\u00f4t\u00e9 d&rsquo;assemblage<\/p>\n<p>C\u00f4t\u00e9 d&rsquo;\u00e9chappement<\/p>\n<p>Article compl\u00e9mentaire \/ info compl\u00e9mentaire 2<\/p>\n<p>Tige de soupape chrom\u00e9e<\/p>\n<p>Diam\u00e8tre de tige de soupape<\/p>\n<p>5,5 mm<\/p>\n<p>Angle du si\u00e8ge de soupape<\/p>\n<p>45 \u00b0<\/p>\n<p>Mat\u00e9riel<\/p>\n<p>Acier de nickel-mangan\u00e8s-chrome<\/p>\n<p>Diam\u00e8tre de la t\u00eate de soupape<\/p>\n<p>22 mm<\/p>\n<p>Unit\u00e9 d\u2019emballage<\/p>\n<p>1<\/p>\n<p>Longueur [mm]<\/p>\n<p>94.8 mm<\/p>\n<p>Num\u00e9ro OEM<\/p>\n<p>9842467480, 9814152380, 9838084780, 3553641 &#8230;<\/p>\n<p>Num\u00e9ro EAN<\/p>\n<p>8592779032242<\/p>\n<p>V\u00e9hicules compatibles :<\/p>\n<p>Berlingo (ER_, EC_) (06\/2018 &#8211; &#8230;)<\/p>\n<p>Berlingo Camionnette\/Monospace (K9) (06\/2018 &#8211; &#8230;)<\/p>\n<p>C-Elysee (DD_) (11\/2012 &#8211; &#8230;)<\/p>\n<p>C3 III (SX) (07\/2016 &#8211; &#8230;)<\/p>\n<p>C3 Aircross II (2R_, 2C_) (06\/2017 &#8211; &#8230;)<\/p>\n<p>C4 III (BA_, BB_, BC_) (10\/2020 &#8211; &#8230;)<\/p>\n<p>C4 Spacetourer (3D_) (04\/2018 &#8211; &#8230;)<\/p>\n<p>Grand C4 Spacetourer (3A_, 3E_) (04\/2018 &#8211; &#8230;)<\/p>\n<p>C4 Cactus (09\/2014 &#8211; &#8230;)<\/p>\n<p>C5 Aircross (A_) (11\/2018 &#8211; &#8230;)<\/p>\n<p>Spacetourer Autobus\/Autocar (V_) (04\/2016 &#8211; &#8230;)<\/p>\n<p>Jumpy III Autobus\/Autocar (V_) (04\/2016 &#8211; &#8230;)<\/p>\n<p>Jumpy III Camionnette (V_) (04\/2016 &#8211; &#8230;)<\/p>\n<p>C3 III Van (SX_, SY_) (07\/2016 &#8211; &#8230;)<\/p>\n<p>C3 Aircross II Van (2C_, 2R_) (06\/2017 &#8211; &#8230;)<\/p>\n<p>C4 Cactus Van (0B_, 0P_) (09\/2014 &#8211; &#8230;)<\/p>\n<p>C4 Spacetourer Van (3D_) (04\/2018 &#8211; &#8230;)<\/p>\n<p>Grand C4 Spacetourer Van (3A_, 3E_) (04\/2018 &#8211; &#8230;)<\/p>\n<div class=\"d-flex flex-column model-serie__item\" data-controller=\"load-content\" data-load-content-url-value=\"\/ajax\/spare-parts\/compatibility\/1602127\/model-serie\/39130\" style=\"flex-direction:column!important;margin:5px0px;font-family:Graphik,Arial,sans-serif;font-size:14.84px;font-style:normal;font-weight:400;letter-spacing:normal;text-transform:none;text-align:left\">\n<div class=\"d-flex w-100 c-pointer order-1\">load-content#load\u00a0\u00bb data-bs-toggle=\u00a0\u00bbcollapse\u00a0\u00bb data-bs-target=\u00a0\u00bb#model-serie-39130&Prime; style=\u00a0\u00bbbox-sizing:border-box; display:flex!important; width:301.156px; order:1!important; cursor:pointer;\u00a0\u00bb&gt;<\/p>\n<div>DS 3 \/ DS 3 Crossback (UR_, UC_, UJ_) (10\/2018 &#8211; &#8230;)<\/div>\n<\/div>\n<\/div>\n<div class=\"d-flex flex-column model-serie__item\" data-controller=\"load-content\" data-load-content-url-value=\"\/ajax\/spare-parts\/compatibility\/1602127\/model-serie\/38245\" style=\"flex-direction:column!important;margin:5px0px;padding-top:5px;font-family:Graphik,Arial,sans-serif;font-size:14.84px;font-style:normal;font-weight:400;letter-spacing:normal;text-transform:none;text-align:left\">\n<div class=\"d-flex w-100 c-pointer order-1\">load-content#load\u00a0\u00bb data-bs-toggle=\u00a0\u00bbcollapse\u00a0\u00bb data-bs-target=\u00a0\u00bb#model-serie-38245&Prime; style=\u00a0\u00bbbox-sizing:border-box; display:flex!important; width:301.156px; order:1!important; cursor:pointer;\u00a0\u00bb&gt;<\/p>\n<div>DS 7 Crossback (J4_, JR_, JC_) (09\/2017 &#8211; &#8230;)<\/p>\n<p>Combo E Tour \/ Life (K9) (06\/2018 &#8211; &#8230;)<\/p>\n<p>Combo Camionnette\/Monospace (K9) (06\/2018 &#8211; &#8230;)<\/p>\n<p>Crossland X \/ Crossland (P17, P2QO) (03\/2017 &#8211; &#8230;)<\/p>\n<p>Grandland \/ Grandland X (A18, P1UO) (06\/2017 &#8211; &#8230;)<\/p>\n<p>Zafira Life Autobus\/Autocar (K0) (03\/2019 &#8211; &#8230;)<\/p>\n<p>Vivaro C Autobus\/Autocar (K0) (03\/2019 &#8211; &#8230;)<\/p>\n<p>Vivaro C Camionnette (K0) (03\/2019 &#8211; &#8230;)<\/p>\n<p>Corsa F (P2JO) (07\/2019 &#8211; &#8230;)<\/p>\n<p>Corsa F Camionnette &#8211; 3\/5 Portes (07\/2019 &#8211; &#8230;)<\/p>\n<p>Crossland X Van (03\/2017 &#8211; &#8230;)<\/p>\n<p>Grandland X Van (06\/2017 &#8211; &#8230;)<\/p>\n<p>208 I (CA_, CC_) (03\/2012 &#8211; 03\/2020)<\/p>\n<p>208 II (UB_, UP_, UW_, UJ_) (06\/2019 &#8211; &#8230;)<\/p>\n<p>208 Camionnette &#8211; 3\/5 Portes (CR_) (02\/2013 &#8211; 12\/2019)<\/p>\n<p>301 (11\/2012 &#8211; &#8230;)<\/p>\n<p>308 II (LB_, LP_, LW_, LH_, L3_) (09\/2013 &#8211; 06\/2021)<\/p>\n<p>308 SW II (LC_, LJ_, LR_, LX_, L4_) (03\/2014 &#8211; 06\/2021)<\/p>\n<p>308 SW II Camionnette\/Break (LC_) (04\/2014 &#8211; &#8230;)<\/p>\n<p>308 Camionnette &#8211; 3\/5 Portes (LB_) (03\/2015 &#8211; &#8230;)<\/p>\n<p>508 II (FB_, FH_, F3_) (09\/2018 &#8211; &#8230;)<\/p>\n<p>508 SW II (FC_, FJ_, F4_) (09\/2018 &#8211; &#8230;)<\/p>\n<p>2008 I (CU_) (03\/2013 &#8211; &#8230;)<\/p>\n<p>2008 I Van (CU_) (03\/2013 &#8211; &#8230;)<\/p>\n<p>2008 II (UD_, US_, UY_, UK_) (08\/2019 &#8211; &#8230;)<\/p>\n<p>3008 SUV (MC_, MR_, MJ_, M4_) (05\/2016 &#8211; &#8230;)<\/p>\n<p>5008 II (MC_, MJ_, MR_, M4_) (12\/2016 &#8211; &#8230;)<\/p>\n<p>Expert Autobus\/Autocar (V_) (04\/2016 &#8211; &#8230;)<\/p>\n<p>Traveller Autobus\/Autocar (V_) (04\/2016 &#8211; &#8230;)<\/p>\n<p>Expert Camionnette (V_) (04\/2016 &#8211; &#8230;)<\/p>\n<p>Partner Camionnette\/Monospace (K9) (09\/2018 &#8211; &#8230;)<\/p>\n<p>Rifter (09\/2018 &#8211; &#8230;)<\/p>\n<p>Proace Camionnette (MDZ_) (02\/2016 &#8211; &#8230;)<\/p>\n<p>Proace Verso Autobus\/Autocar (MPY_) (02\/2016 &#8211; &#8230;)<\/p>\n<p>Proace Autobus\/Autocar (MDZ_) (02\/2016 &#8211; &#8230;)<\/p>\n<p>Grandland X \/ Grandland (A18) (06\/2017 &#8211; &#8230;)<\/p><\/div>\n<\/div>\n<\/div>","protected":false},"excerpt":{"rendered":"<p>Soupape moteur DV5RC C\u00f4t\u00e9 d&rsquo;assemblage C\u00f4t\u00e9 d&rsquo;\u00e9chappement Article compl\u00e9mentaire \/ info compl\u00e9mentaire 2 Tige de soupape chrom\u00e9e Diam\u00e8tre de tige<\/p>","protected":false},"featured_media":11665,"comment_status":"open","ping_status":"closed","template":"","meta":{"content-type":""},"product_cat":[111],"product_tag":[],"class_list":{"0":"post-11667","1":"product","2":"type-product","3":"status-publish","4":"has-post-thumbnail","6":"product_cat-accessories","8":"first","9":"instock","10":"sale","11":"shipping-taxable","12":"purchasable","13":"product-type-simple"},"aioseo_notices":[],"jetpack_sharing_enabled":true,"_links":{"self":[{"href":"https:\/\/drs-auto.fr\/en\/wp-json\/wp\/v2\/product\/11667","targetHints":{"allow":["GET"]}}],"collection":[{"href":"https:\/\/drs-auto.fr\/en\/wp-json\/wp\/v2\/product"}],"about":[{"href":"https:\/\/drs-auto.fr\/en\/wp-json\/wp\/v2\/types\/product"}],"replies":[{"embeddable":true,"href":"https:\/\/drs-auto.fr\/en\/wp-json\/wp\/v2\/comments?post=11667"}],"version-history":[{"count":2,"href":"https:\/\/drs-auto.fr\/en\/wp-json\/wp\/v2\/product\/11667\/revisions"}],"predecessor-version":[{"id":11689,"href":"https:\/\/drs-auto.fr\/en\/wp-json\/wp\/v2\/product\/11667\/revisions\/11689"}],"wp:featuredmedia":[{"embeddable":true,"href":"https:\/\/drs-auto.fr\/en\/wp-json\/wp\/v2\/media\/11665"}],"wp:attachment":[{"href":"https:\/\/drs-auto.fr\/en\/wp-json\/wp\/v2\/media?parent=11667"}],"wp:term":[{"taxonomy":"product_cat","embeddable":true,"href":"https:\/\/drs-auto.fr\/en\/wp-json\/wp\/v2\/product_cat?post=11667"},{"taxonomy":"product_tag","embeddable":true,"href":"https:\/\/drs-auto.fr\/en\/wp-json\/wp\/v2\/product_tag?post=11667"}],"curies":[{"name":"wp","href":"https:\/\/api.w.org\/{rel}","templated":true}]}}