
{"id":11663,"date":"2024-01-09T22:08:45","date_gmt":"2024-01-09T21:08:45","guid":{"rendered":"https:\/\/drs-auto.fr\/produit\/kit-arbre-a-cames-8-linguets-8-poussoirs-0801cy-14-hdi-tdci-citroen-peugeot-ford-0801-cy-1386533\/"},"modified":"2024-04-25T21:37:16","modified_gmt":"2024-04-25T19:37:16","slug":"kit-arbre-a-cames-8-linguets-8-poussoirs-0801cy-14-hdi-tdci-citroen-peugeot-ford-0801-cy-1386533","status":"publish","type":"product","link":"https:\/\/drs-auto.fr\/en\/product\/kit-arbre-a-cames-8-linguets-8-poussoirs-0801cy-14-hdi-tdci-citroen-peugeot-ford-0801-cy-1386533\/","title":{"rendered":"Kit Arbre \u00c0 Cames + 8 linguets + 8 poussoirs 0801CY 1,4 HDI TDCi Citroen Peugeot Ford 0801.CY 1386533"},"content":{"rendered":"<p>Kit arbre \u00e0 came contenant un arbre \u00e0 came neuf, 8 culbuteurs et 8 poussoirs<\/p>\n<p>Cylindr\u00e9e : 1,4 HDI<br \/>\nType de moteur : 8HX | 8HZ | 8HS | 8HT | F6JA | F6JB<br \/>\nR\u00e9f\u00e9rence fabriquant : 21710M<br \/>\nR\u00e9f\u00e9rence d&rsquo;origine : 0801CY &#8211; 1386533 &#8211; 2S6Q6250AD<\/p>\n<p>Marque : FORD | MAZDA | TOYOTA | VOLVO<br \/>\nR\u00e9f\u00e9rence fabriquant : RA06914 AHL189<br \/>\nR\u00e9f\u00e9rence d&rsquo;origine : 1145958 | 2S6Q6564AA | 31330183 | 2S6Q6564AA | SU00100557 | SU00100557 | Y40112130 |Y40112130 | 9636848280 | 90365 | 1145958 | 2S6Q6564AA | Y40112130 | SU00100557 | 31330183<\/p>\n<p>094289 | 1212979 | 1319249 | 8670047 | 6680500180 | 11332247722 | 11332249817 |11337548690 | 11337605330 | 11337805974 | 0004572V001000000 | 222314A001 | ERR7233 | LGR100480 | LGR100480L | 6650500025 | 9464396380 | 11331707712 | 11337512116 | 022109423C | 022109423D | 05175440AA | 06J109423A | 094242 | 094252 | 094253<\/p>\n<p>&#8211; Citro\u00ebn Xsara 1,4 HDI 68CV 8HX<br \/>\n&#8211; Ford Fiesta V 1,4 TDCI 68CV F6JA<br \/>\n&#8211; Ford Fiesta V 1,4 TDCI 68CV F6JB<br \/>\n&#8211; Ford Fiesta VI 1,4 TDCI 68CV F6JB<br \/>\n&#8211; Ford Fiesta VI 1,4 TDCI 70CV KVJA<br \/>\n&#8211; Ford Fusion 1,4 TDCI 68CV F6JA<br \/>\n&#8211; Ford Fusion 1,4 TDCI 68CV F6JB<br \/>\n&#8211; Mazda 2 1,4 CD 68CV F6JB<br \/>\n&#8211; Mazda 2 1,4 CD 68CV F6JA<br \/>\n&#8211; Mazda 2 1,4 CD 68CV Y404<br \/>\n&#8211; Peugeot 206 1,4 HDI 68CV 8HX<br \/>\n&#8211; Peugeot 206 1,4 HDI 69CV 8HX<br \/>\n&#8211; Peugeot 206 1,4 HDI 68CV 8HZ<br \/>\n&#8211; Peugeot 207 1,4 HDI 68CV 8HR<br \/>\n&#8211; Peugeot 207 1,4 HDI 68CV 8HZ<br \/>\n&#8211; Peugeot 208 1,4 HDI 68CV 8HR<br \/>\n&#8211; Peugeot 307 1,4 HDI 68CV 8HZ<br \/>\n&#8211; Peugeot 307 1,4 HDI 68CV 8HX<br \/>\n&#8211; Peugeot 1007 1,4 HDI 68CV 8HX<br \/>\n&#8211; Peugeot 1007 1,4 HDI 68CV 8HZ<br \/>\n&#8211; Peugeot 2008 1,4 HDI 68CV 8HR<br \/>\n&#8211; Peugeot 2008 1,6 HDI 92CV 9HP<br \/>\n&#8211; Peugeot 3008 1,6 HDI 112CV 9HR<br \/>\n&#8211; Peugeot 5008 1,6 HDI 112CV 9HR<br \/>\n&#8211; Peugeot 206+ 1,4 HDI 68CV 8HX<br \/>\n&#8211; Peugeot 206+ 1,4 HDI 68CV 8HZ<\/p>","protected":false},"excerpt":{"rendered":"<p>Kit arbre \u00e0 came contenant un arbre \u00e0 came neuf, 8 culbuteurs et 8 poussoirs Cylindr\u00e9e : 1,4 HDI Type<\/p>","protected":false},"featured_media":11662,"comment_status":"open","ping_status":"closed","template":"","meta":{"content-type":""},"product_cat":[111,126,125],"product_tag":[],"class_list":{"0":"post-11663","1":"product","2":"type-product","3":"status-publish","4":"has-post-thumbnail","6":"product_cat-accessories","7":"product_cat-arbre-a-came","8":"product_cat-haut-moteur","10":"first","11":"instock","12":"sale","13":"shipping-taxable","14":"purchasable","15":"product-type-simple"},"aioseo_notices":[],"jetpack_sharing_enabled":true,"_links":{"self":[{"href":"https:\/\/drs-auto.fr\/en\/wp-json\/wp\/v2\/product\/11663","targetHints":{"allow":["GET"]}}],"collection":[{"href":"https:\/\/drs-auto.fr\/en\/wp-json\/wp\/v2\/product"}],"about":[{"href":"https:\/\/drs-auto.fr\/en\/wp-json\/wp\/v2\/types\/product"}],"replies":[{"embeddable":true,"href":"https:\/\/drs-auto.fr\/en\/wp-json\/wp\/v2\/comments?post=11663"}],"version-history":[{"count":1,"href":"https:\/\/drs-auto.fr\/en\/wp-json\/wp\/v2\/product\/11663\/revisions"}],"predecessor-version":[{"id":11784,"href":"https:\/\/drs-auto.fr\/en\/wp-json\/wp\/v2\/product\/11663\/revisions\/11784"}],"wp:featuredmedia":[{"embeddable":true,"href":"https:\/\/drs-auto.fr\/en\/wp-json\/wp\/v2\/media\/11662"}],"wp:attachment":[{"href":"https:\/\/drs-auto.fr\/en\/wp-json\/wp\/v2\/media?parent=11663"}],"wp:term":[{"taxonomy":"product_cat","embeddable":true,"href":"https:\/\/drs-auto.fr\/en\/wp-json\/wp\/v2\/product_cat?post=11663"},{"taxonomy":"product_tag","embeddable":true,"href":"https:\/\/drs-auto.fr\/en\/wp-json\/wp\/v2\/product_tag?post=11663"}],"curies":[{"name":"wp","href":"https:\/\/api.w.org\/{rel}","templated":true}]}}