
{"id":11207,"date":"2023-10-10T20:24:21","date_gmt":"2023-10-10T18:24:21","guid":{"rendered":"https:\/\/drs-auto.fr\/?post_type=product&#038;p=11207"},"modified":"2024-04-25T21:37:16","modified_gmt":"2024-04-25T19:37:16","slug":"lot-arbre-a-came-2-0-et-2-2-blue-hdi-120-130-150-16-linguets-16-poussoirs-peugeot-citroen","status":"publish","type":"product","link":"https:\/\/drs-auto.fr\/en\/product\/lot-arbre-a-came-2-0-et-2-2-blue-hdi-120-130-150-16-linguets-16-poussoirs-peugeot-citroen\/","title":{"rendered":"Lot Arbre \u00e0 came 2.0 et 2.2 blue hdi 120 130 150 + 16 linguets + 16 poussoirs Peugeot Citroen"},"content":{"rendered":"<p>Lot Arbre \u00e0 came 2.0 et 2.2 blue hdi 120 130 150 + 16 linguets + 16 poussoirs Peugeot Citroen<\/p>\n<p>Prix: 580euros<\/p>\n<p>Arbre \u00e0 came 2.0 hdi moteur \u00e9chappement et admission AHX AHW neuf pour Peugeot Citro\u00ebn<\/p>\n<p>Prix au d\u00e9tail :<\/p>\n<p>C\u00f4t\u00e9 d&rsquo;\u00e9chappement ou C\u00f4te admission 170e\/pc<\/p>\n<p>Linguet 15e\/pc<\/p>\n<p>Poussoir 12e\/pc<\/p>\n<p>R\u00c9F\u00c9RENCES CONSTRUCTEURS:<\/p>\n<p>0801EZ<\/p>\n<p>0903H1<\/p>\n<p>0903.H1<\/p>\n<p>CITRO\u00cbN<\/p>\n<p>9804424280<\/p>\n<p>DS<\/p>\n<p>9804424280<\/p>\n<p>FORD<\/p>\n<p>1871343<\/p>\n<p>FORD<\/p>\n<p>D7SQ6A273BA<\/p>\n<p>PEUGEOT<\/p>\n<p>9804424280<\/p>\n<p>CITRO\u00cbN\/PEUGEOT<\/p>\n<p>9804424180<\/p>\n<p>FORD<\/p>\n<p>1871342<\/p>\n<p>FORD<\/p>\n<p>D7SQ6A270BA<\/p>\n<p>FORD galaxy<\/p>\n<p>308 407 607 C8 807 DS3 DS4 DS5 2008 3008 5008<\/p>","protected":false},"excerpt":{"rendered":"<p>Lot Arbre \u00e0 came 2.0 et 2.2 blue hdi 120 130 150 + 16 linguets + 16 poussoirs Peugeot Citroen<\/p>","protected":false},"featured_media":11237,"comment_status":"open","ping_status":"closed","template":"","meta":{"content-type":""},"product_cat":[126,125,144],"product_tag":[],"class_list":{"0":"post-11207","1":"product","2":"type-product","3":"status-publish","4":"has-post-thumbnail","6":"product_cat-arbre-a-came","7":"product_cat-haut-moteur","8":"product_cat-non-classe","10":"first","11":"instock","12":"sale","13":"shipping-taxable","14":"purchasable","15":"product-type-simple"},"aioseo_notices":[],"jetpack_sharing_enabled":true,"_links":{"self":[{"href":"https:\/\/drs-auto.fr\/en\/wp-json\/wp\/v2\/product\/11207","targetHints":{"allow":["GET"]}}],"collection":[{"href":"https:\/\/drs-auto.fr\/en\/wp-json\/wp\/v2\/product"}],"about":[{"href":"https:\/\/drs-auto.fr\/en\/wp-json\/wp\/v2\/types\/product"}],"replies":[{"embeddable":true,"href":"https:\/\/drs-auto.fr\/en\/wp-json\/wp\/v2\/comments?post=11207"}],"version-history":[{"count":1,"href":"https:\/\/drs-auto.fr\/en\/wp-json\/wp\/v2\/product\/11207\/revisions"}],"predecessor-version":[{"id":11238,"href":"https:\/\/drs-auto.fr\/en\/wp-json\/wp\/v2\/product\/11207\/revisions\/11238"}],"wp:featuredmedia":[{"embeddable":true,"href":"https:\/\/drs-auto.fr\/en\/wp-json\/wp\/v2\/media\/11237"}],"wp:attachment":[{"href":"https:\/\/drs-auto.fr\/en\/wp-json\/wp\/v2\/media?parent=11207"}],"wp:term":[{"taxonomy":"product_cat","embeddable":true,"href":"https:\/\/drs-auto.fr\/en\/wp-json\/wp\/v2\/product_cat?post=11207"},{"taxonomy":"product_tag","embeddable":true,"href":"https:\/\/drs-auto.fr\/en\/wp-json\/wp\/v2\/product_tag?post=11207"}],"curies":[{"name":"wp","href":"https:\/\/api.w.org\/{rel}","templated":true}]}}