
{"id":11206,"date":"2023-10-10T20:24:21","date_gmt":"2023-10-10T18:24:21","guid":{"rendered":"https:\/\/drs-auto.fr\/?post_type=product&#038;p=11206"},"modified":"2023-10-10T20:24:32","modified_gmt":"2023-10-10T18:24:32","slug":"turbo-alfa-romeo-mito-1-3-d-95-cv-55212341-55216672-55221160-71724439-71794959-860164-860550-95516200-54359700027","status":"publish","type":"product","link":"https:\/\/drs-auto.fr\/en\/product\/turbo-alfa-romeo-mito-1-3-d-95-cv-55212341-55216672-55221160-71724439-71794959-860164-860550-95516200-54359700027\/","title":{"rendered":"Turbo Alfa Romeo Mito 1.3 D 95 CV, 55212341, 55216672, 55221160, 71724439, 71794959, 860164, 860550, 95516200, 54359700027"},"content":{"rendered":"<p>Turbo Alfa Romeo Mito 1.3 D 95 CV, 55212341, 55216672, 55221160, 71724439, 71794959, 860164, 860550, 95516200, 54359700027<\/p>\n<p>R\u00e9f\u00e9rences<\/p>\n<p>R\u00e9f\u00e9rence origine : 55216672, 55221160, 55225439, 860164, 71724439, 55212341<br \/>\nR\u00e9f\u00e9rence fabriquant : 5435-970-0027, 5435-988-0027, 5435-971-0027, 54359700027, 54359880027, 54359710027<br \/>\nAffectation v\u00e9hicules<\/p>\n<p>Marque du v\u00e9hicule : ALFA ROMEO, FIAT, LANCIA, OPEL<br \/>\nMod\u00e8le du v\u00e9hicule : ALFA ROMEO &#8211; MITO; FIAT &#8211; DOBLO CAMION PLATE-FORME\/CH\u00c2SSIS, DOBLO CAMIONNETTE\/BREAK, FIORINO CAMIONNETTE\/BREAK, PUNTO EVO, QUBO; LANCIA &#8211; MUSA; OPEL &#8211; ASTRA J A TROIS VOLUMES, COMBO CAMIONNETTE\/BREAK, COMBO TOUR, CORSA D, CORSA D VAN, MERIVA B MONOSPACE<br \/>\nCylindr\u00e9e : 1.3 Multijet, 1.3 D Multijet, 1.3 CDTi<br \/>\nPuissance : 75, 90, 95<br \/>\nV\u00e9hicules compatibles<\/p>\n<p>ALFA ROMEO MITO 1.3 Multijet 1248 ccm, 70 KW, 95 PS 2009\/10-2019\/12<br \/>\nFIAT DOBLO CAMION PLATE-FORME\/CH\u00c2SSIS 1.3 D Multijet 1248 ccm, 66 KW, 90 PS 2010\/02-2019\/12<br \/>\nFIAT DOBLO CAMIONNETTE\/BREAK 1.3 D Multijet 1248 ccm, 66 KW, 90 PS 2010\/02-2019\/12<br \/>\nFIAT DOBLO CAMIONNETTE\/BREAK 1.3 D Multijet 1248 ccm, 55 KW, 75 PS 2013\/11-2019\/12<br \/>\nFIAT FIORINO CAMIONNETTE\/BREAK 1.3 D Multijet 1248 ccm, 70 KW, 95 PS 2009\/07-2019\/12<br \/>\nFIAT PUNTO EVO 1.3 D Multijet 1248 ccm, 70 KW, 95 PS 2009\/10-2012\/02<br \/>\nFIAT QUBO 1.3 D Multijet 1248 ccm, 70 KW, 95 PS 2010\/07-2019\/12<br \/>\nLANCIA MUSA 1.3 D Multijet 1248 ccm, 70 KW, 95 PS 2009\/03-2012\/09<br \/>\nOPEL ASTRA J A TROIS VOLUMES 1.3 CDTi 1248 ccm, 70 KW, 95 PS 2012\/06-2015\/12<br \/>\nOPEL COMBO CAMIONNETTE\/BREAK 1.3 CDTi 1248 ccm, 66 KW, 90 PS 2012\/02-2019\/12<br \/>\nOPEL COMBO TOUR 1.3 CDTi 1248 ccm, 66 KW, 90 PS 2012\/02-2019\/12<br \/>\nOPEL CORSA D 1.3 CDTi 1248 ccm, 70 KW, 95 PS 2009\/06-2014\/08<br \/>\nOPEL CORSA D VAN 1.3 CDTi 1248 ccm, 70 KW, 95 PS 2010\/06-2014\/08<br \/>\nOPEL MERIVA B MONOSPACE 1.3 CDTi 1248 ccm, 70 KW, 95 PS 2010\/06-2014\/11<\/p>","protected":false},"excerpt":{"rendered":"<p>Turbo Alfa Romeo Mito 1.3 D 95 CV, 55212341, 55216672, 55221160, 71724439, 71794959, 860164, 860550, 95516200, 54359700027 R\u00e9f\u00e9rences R\u00e9f\u00e9rence origine<\/p>","protected":false},"featured_media":11235,"comment_status":"open","ping_status":"closed","template":"","meta":{"content-type":""},"product_cat":[144],"product_tag":[],"class_list":{"0":"post-11206","1":"product","2":"type-product","3":"status-publish","4":"has-post-thumbnail","6":"product_cat-non-classe","8":"first","9":"instock","10":"sale","11":"shipping-taxable","12":"purchasable","13":"product-type-simple"},"aioseo_notices":[],"jetpack_sharing_enabled":true,"_links":{"self":[{"href":"https:\/\/drs-auto.fr\/en\/wp-json\/wp\/v2\/product\/11206","targetHints":{"allow":["GET"]}}],"collection":[{"href":"https:\/\/drs-auto.fr\/en\/wp-json\/wp\/v2\/product"}],"about":[{"href":"https:\/\/drs-auto.fr\/en\/wp-json\/wp\/v2\/types\/product"}],"replies":[{"embeddable":true,"href":"https:\/\/drs-auto.fr\/en\/wp-json\/wp\/v2\/comments?post=11206"}],"version-history":[{"count":1,"href":"https:\/\/drs-auto.fr\/en\/wp-json\/wp\/v2\/product\/11206\/revisions"}],"predecessor-version":[{"id":11236,"href":"https:\/\/drs-auto.fr\/en\/wp-json\/wp\/v2\/product\/11206\/revisions\/11236"}],"wp:featuredmedia":[{"embeddable":true,"href":"https:\/\/drs-auto.fr\/en\/wp-json\/wp\/v2\/media\/11235"}],"wp:attachment":[{"href":"https:\/\/drs-auto.fr\/en\/wp-json\/wp\/v2\/media?parent=11206"}],"wp:term":[{"taxonomy":"product_cat","embeddable":true,"href":"https:\/\/drs-auto.fr\/en\/wp-json\/wp\/v2\/product_cat?post=11206"},{"taxonomy":"product_tag","embeddable":true,"href":"https:\/\/drs-auto.fr\/en\/wp-json\/wp\/v2\/product_tag?post=11206"}],"curies":[{"name":"wp","href":"https:\/\/api.w.org\/{rel}","templated":true}]}}