
{"id":11205,"date":"2023-10-10T20:24:20","date_gmt":"2023-10-10T18:24:20","guid":{"rendered":"https:\/\/drs-auto.fr\/?post_type=product&#038;p=11205"},"modified":"2023-10-10T20:24:32","modified_gmt":"2023-10-10T18:24:32","slug":"chra-cartouche-pour-volkswagen-721021","status":"publish","type":"product","link":"https:\/\/drs-auto.fr\/en\/product\/chra-cartouche-pour-volkswagen-721021\/","title":{"rendered":"CHRA Cartouche pour Volkswagen  721021"},"content":{"rendered":"<p>CHRA Cartouche pour VW | 721021-8, 721021-0001, 721021-0002, 721021-0003<\/p>\n<p>R\u00e9f\u00e9rence origine : 038253016D, 038253016G, 038253019G, 03G253016R, 038253016GV, 038253016GX<br \/>\nR\u00e9f\u00e9rence fabriquant : 705650-0001, 716213-0001, 721021-5006S, 721021-1, 721021-2, 721021-3, 721021-4, 721021-5, 721021-6, 721021-8, 721021-0001, 721021-0002, 721021-0003, 721021-0004, 721021-0005, 721021-0006, 742614-0001, 742614-0002, 742614-0003<br \/>\nAffectation v\u00e9hicules<\/p>\n<p>Marque du v\u00e9hicule : SEAT, VW<br \/>\nMod\u00e8le du v\u00e9hicule : SEAT &#8211; LEON, TOLEDO II; VW &#8211; BORA, GOLF IV<br \/>\nCylindr\u00e9e : 1.9 TDI<br \/>\nPuissance : 150<br \/>\nV\u00e9hicules compatibles<\/p>\n<p>SEAT LEON 1.9 TDI 1896 ccm, 110 KW, 150 PS 2000\/09-2006\/06<br \/>\nSEAT TOLEDO II 1.9 TDI 1896 ccm, 110 KW, 150 PS 2000\/10-2004\/07<br \/>\nVW BORA 1.9 TDI 1896 ccm, 110 KW, 150 PS 2000\/05-2005\/05<br \/>\nVW GOLF IV 1.9 TDI 1896 ccm, 110 KW, 150 PS 2000\/05-2005\/06<\/p>","protected":false},"excerpt":{"rendered":"<p>CHRA Cartouche pour VW | 721021-8, 721021-0001, 721021-0002, 721021-0003 R\u00e9f\u00e9rence origine : 038253016D, 038253016G, 038253019G, 03G253016R, 038253016GV, 038253016GX R\u00e9f\u00e9rence fabriquant<\/p>","protected":false},"featured_media":11231,"comment_status":"open","ping_status":"closed","template":"","meta":{"content-type":""},"product_cat":[144],"product_tag":[],"class_list":{"0":"post-11205","1":"product","2":"type-product","3":"status-publish","4":"has-post-thumbnail","6":"product_cat-non-classe","8":"first","9":"instock","10":"shipping-taxable","11":"purchasable","12":"product-type-simple"},"aioseo_notices":[],"jetpack_sharing_enabled":true,"_links":{"self":[{"href":"https:\/\/drs-auto.fr\/en\/wp-json\/wp\/v2\/product\/11205","targetHints":{"allow":["GET"]}}],"collection":[{"href":"https:\/\/drs-auto.fr\/en\/wp-json\/wp\/v2\/product"}],"about":[{"href":"https:\/\/drs-auto.fr\/en\/wp-json\/wp\/v2\/types\/product"}],"replies":[{"embeddable":true,"href":"https:\/\/drs-auto.fr\/en\/wp-json\/wp\/v2\/comments?post=11205"}],"version-history":[{"count":1,"href":"https:\/\/drs-auto.fr\/en\/wp-json\/wp\/v2\/product\/11205\/revisions"}],"predecessor-version":[{"id":11234,"href":"https:\/\/drs-auto.fr\/en\/wp-json\/wp\/v2\/product\/11205\/revisions\/11234"}],"wp:featuredmedia":[{"embeddable":true,"href":"https:\/\/drs-auto.fr\/en\/wp-json\/wp\/v2\/media\/11231"}],"wp:attachment":[{"href":"https:\/\/drs-auto.fr\/en\/wp-json\/wp\/v2\/media?parent=11205"}],"wp:term":[{"taxonomy":"product_cat","embeddable":true,"href":"https:\/\/drs-auto.fr\/en\/wp-json\/wp\/v2\/product_cat?post=11205"},{"taxonomy":"product_tag","embeddable":true,"href":"https:\/\/drs-auto.fr\/en\/wp-json\/wp\/v2\/product_tag?post=11205"}],"curies":[{"name":"wp","href":"https:\/\/api.w.org\/{rel}","templated":true}]}}