
{"id":11202,"date":"2023-10-10T20:24:20","date_gmt":"2023-10-10T18:24:20","guid":{"rendered":"https:\/\/drs-auto.fr\/?post_type=product&#038;p=11202"},"modified":"2025-06-21T09:05:02","modified_gmt":"2025-06-21T07:05:02","slug":"lot-arbre-a-came-2-0-blue-hdi-150-et-180cv-et-2-2-blue-hdi-110-130cv-echappement-et-admission-neuf","status":"publish","type":"product","link":"https:\/\/drs-auto.fr\/en\/product\/lot-arbre-a-came-2-0-blue-hdi-150-et-180cv-et-2-2-blue-hdi-110-130cv-echappement-et-admission-neuf\/","title":{"rendered":"Lot Arbre \u00e0 came 2.0 blue hdi 150 et 180cv et 2.2 blue hdi 110 130cv \u00e9chappement et admission NEUF"},"content":{"rendered":"<p>Lot Arbre \u00e0 came 2.0 blue hdi 150 et 180cv et 2.2 blue hdi 110 130cv \u00e9chappement et admission NEUF<\/p>\n<p>Arbre \u00e0 came 2.0 hdi moteur AHX AHW<\/p>\n<p>Et mod\u00e8le 2.2 hdi 110 et 130cv \u00e0 partir de 2015<\/p>\n<p>C\u00f4t\u00e9 d&rsquo;\u00e9chappement ou C\u00f4te admission<\/p>\n<p>R\u00c9F\u00c9RENCES CONSTRUCTEURS:<\/p>\n<p>0801EZ<\/p>\n<p>0903H1<\/p>\n<p>0903.H1<\/p>\n<p>CITRO\u00cbN<\/p>\n<p>9804424280<\/p>\n<p>DS<\/p>\n<p>9804424280<\/p>\n<p>FORD<\/p>\n<p>1871343<\/p>\n<p>FORD<\/p>\n<p>D7SQ6A273BA<\/p>\n<p>PEUGEOT<\/p>\n<p>9804424280<\/p>\n<p>CITRO\u00cbN\/PEUGEOT<\/p>\n<p>9804424180<\/p>\n<p>FORD<\/p>\n<p>1871342<\/p>\n<p>FORD<\/p>\n<p>D7SQ6A270BA<\/p>\n<p>FORD galaxy<\/p>\n<p>308 407 607 C8 807 DS3 DS4 DS5 2008 3008 5008<\/p>","protected":false},"excerpt":{"rendered":"<p>Lot Arbre \u00e0 came 2.0 blue hdi 150 et 180cv et 2.2 blue hdi 110 130cv \u00e9chappement et admission NEUF<\/p>","protected":false},"featured_media":11224,"comment_status":"open","ping_status":"closed","template":"","meta":{"content-type":""},"product_cat":[126,125,144],"product_tag":[],"class_list":{"0":"post-11202","1":"product","2":"type-product","3":"status-publish","4":"has-post-thumbnail","6":"product_cat-arbre-a-came","7":"product_cat-haut-moteur","8":"product_cat-non-classe","10":"first","11":"instock","12":"sale","13":"shipping-taxable","14":"purchasable","15":"product-type-simple"},"aioseo_notices":[],"jetpack_sharing_enabled":true,"_links":{"self":[{"href":"https:\/\/drs-auto.fr\/en\/wp-json\/wp\/v2\/product\/11202","targetHints":{"allow":["GET"]}}],"collection":[{"href":"https:\/\/drs-auto.fr\/en\/wp-json\/wp\/v2\/product"}],"about":[{"href":"https:\/\/drs-auto.fr\/en\/wp-json\/wp\/v2\/types\/product"}],"replies":[{"embeddable":true,"href":"https:\/\/drs-auto.fr\/en\/wp-json\/wp\/v2\/comments?post=11202"}],"version-history":[{"count":2,"href":"https:\/\/drs-auto.fr\/en\/wp-json\/wp\/v2\/product\/11202\/revisions"}],"predecessor-version":[{"id":12027,"href":"https:\/\/drs-auto.fr\/en\/wp-json\/wp\/v2\/product\/11202\/revisions\/12027"}],"wp:featuredmedia":[{"embeddable":true,"href":"https:\/\/drs-auto.fr\/en\/wp-json\/wp\/v2\/media\/11224"}],"wp:attachment":[{"href":"https:\/\/drs-auto.fr\/en\/wp-json\/wp\/v2\/media?parent=11202"}],"wp:term":[{"taxonomy":"product_cat","embeddable":true,"href":"https:\/\/drs-auto.fr\/en\/wp-json\/wp\/v2\/product_cat?post=11202"},{"taxonomy":"product_tag","embeddable":true,"href":"https:\/\/drs-auto.fr\/en\/wp-json\/wp\/v2\/product_tag?post=11202"}],"curies":[{"name":"wp","href":"https:\/\/api.w.org\/{rel}","templated":true}]}}