
{"id":11201,"date":"2023-10-10T20:24:20","date_gmt":"2023-10-10T18:24:20","guid":{"rendered":"https:\/\/drs-auto.fr\/?post_type=product&#038;p=11201"},"modified":"2023-10-10T20:24:27","modified_gmt":"2023-10-10T18:24:27","slug":"boutons-leve-vitres-complet-mercedes-w204-w212-s204-neuf","status":"publish","type":"product","link":"https:\/\/drs-auto.fr\/en\/product\/boutons-leve-vitres-complet-mercedes-w204-w212-s204-neuf\/","title":{"rendered":"Boutons l\u00e8ve vitres complet Mercedes W204 W212 S204 NEUF"},"content":{"rendered":"<p><span style=\"font-family:sans-serif;font-size:medium;font-style:normal;font-weight:400;letter-spacing:normal;text-transform:none;float:none;text-align:left\">Bouton de l\u00e8ve vitre avant gauche MERCEDES W204 W212 GLK X204<\/span><\/p>\n<p><span style=\"font-family:sans-serif;font-size:medium;font-style:normal;font-weight:400;letter-spacing:normal;text-transform:none;float:none;text-align:left\">connexions nombres de fils : 3 BROCHES<\/span><br \/>\n<span style=\"font-family:sans-serif;font-size:medium;font-style:normal;font-weight:400;letter-spacing:normal;text-transform:none;float:none;text-align:left\">C\u00f4t\u00e9 d&rsquo;assemblage : avant gauche = avant conducteur<\/span><\/p>\n<p><span style=\"font-family:sans-serif;font-size:medium;font-style:normal;font-weight:400;letter-spacing:normal;text-transform:none;float:none;text-align:left\">R\u00e9troviseur ext\u00e9rieur\/int\u00e9rieur: pour le r\u00e9glage \u00e9lectrique des r\u00e9troviseurs<\/span><\/p>\n<p><span style=\"font-family:sans-serif;font-size:medium;font-style:normal;font-weight:400;letter-spacing:normal;text-transform:none;float:none;text-align:left\">Commutateur Interrupteur Contacteur Bouton l\u00e8ve vitre \u00e9lectrique<\/span><\/p>\n<p>Affectations v\u00e9hicules :<\/p>\n<p>Mercedes W204 W212 S204 2049055302<br \/>\nMercedes C 230 2008- 2012<br \/>\nMercedes C 250 2008- 2012<br \/>\nMercedes C 280 2008- 2012<br \/>\nMercedes C 300 2008-2012<br \/>\nMercedes C 350 2008-2012<br \/>\nMercedes C 63 AMG 2008-2012<br \/>\nMercedes E 350 2010-2012<br \/>\nMercedes E 350 Coupe 2010-2011<br \/>\nMercedes E 500 2010-2011<br \/>\nMercedes E 550 2010-2012<br \/>\nMercedes E 63 AMG 2010-2011<br \/>\nMercedes GLK 350 2009-2012<\/p>\n<p>MERCEDES CLASSE C W204 \u00e0 partir de 2007-<br \/>\nMERCEDES CLASSE E W212 \u00e0 partir de 2009-<br \/>\nMERCEDES GLK X204 \u00e0 partir de 2008-<\/p>\n<p><span style=\"font-family:sans-serif;font-size:medium;font-style:normal;font-weight:400;letter-spacing:normal;text-transform:none;float:none;text-align:left\">R\u00e9f\u00e9rence constructeur oem :<\/span><\/p>\n<p><span style=\"font-family:sans-serif;font-size:medium;font-style:normal;font-weight:400;letter-spacing:normal;text-transform:none;float:none;text-align:left\">CASCO CWR76035AS<\/span><br \/>\n<span style=\"font-family:sans-serif;font-size:medium;font-style:normal;font-weight:400;letter-spacing:normal;text-transform:none;float:none;text-align:left\">FISPA 5.145085A2<\/span><br \/>\n<span style=\"font-family:sans-serif;font-size:medium;font-style:normal;font-weight:400;letter-spacing:normal;text-transform:none;float:none;text-align:left\">HOFFER 2106077<\/span><br \/>\n<span style=\"font-family:sans-serif;font-size:medium;font-style:normal;font-weight:400;letter-spacing:normal;text-transform:none;float:none;text-align:left\">MEAT &amp; DORIA 26077<\/span><br \/>\n<span style=\"font-family:sans-serif;font-size:medium;font-style:normal;font-weight:400;letter-spacing:normal;text-transform:none;float:none;text-align:left\">MERCEDES 2048700151<\/span><br \/>\n<span style=\"font-family:sans-serif;font-size:medium;font-style:normal;font-weight:400;letter-spacing:normal;text-transform:none;float:none;text-align:left\">MERCEDES-BENZ 20487034589107<\/span><br \/>\n<span style=\"font-family:sans-serif;font-size:medium;font-style:normal;font-weight:400;letter-spacing:normal;text-transform:none;float:none;text-align:left\">MERCEDES-BENZ 2049055302<\/span><br \/>\n<span style=\"font-family:sans-serif;font-size:medium;font-style:normal;font-weight:400;letter-spacing:normal;text-transform:none;float:none;text-align:left\">MERCEDES-BENZ 20490553029107<\/span><br \/>\n<span style=\"font-family:sans-serif;font-size:medium;font-style:normal;font-weight:400;letter-spacing:normal;text-transform:none;float:none;text-align:left\">MERCEDES-BENZ 21282082109107<\/span><br \/>\n<span style=\"font-family:sans-serif;font-size:medium;font-style:normal;font-weight:400;letter-spacing:normal;text-transform:none;float:none;text-align:left\">MERCEDES-BENZ A2048700151<\/span><br \/>\n<span style=\"font-family:sans-serif;font-size:medium;font-style:normal;font-weight:400;letter-spacing:normal;text-transform:none;float:none;text-align:left\">MERCEDES-BENZ A20487034589107<\/span><br \/>\n<span style=\"font-family:sans-serif;font-size:medium;font-style:normal;font-weight:400;letter-spacing:normal;text-transform:none;float:none;text-align:left\">MERCEDES-BENZ A2049055302<\/span><br \/>\n<span style=\"font-family:sans-serif;font-size:medium;font-style:normal;font-weight:400;letter-spacing:normal;text-transform:none;float:none;text-align:left\">MERCEDES-BENZ A20490553029107<\/span><br \/>\n<span style=\"font-family:sans-serif;font-size:medium;font-style:normal;font-weight:400;letter-spacing:normal;text-transform:none;float:none;text-align:left\">MERCEDES-BENZ A21282082109107<\/span><br \/>\n<span style=\"font-family:sans-serif;font-size:medium;font-style:normal;font-weight:400;letter-spacing:normal;text-transform:none;float:none;text-align:left\">MI.R.A. 53\/4260<\/span><br \/>\n<span style=\"font-family:sans-serif;font-size:medium;font-style:normal;font-weight:400;letter-spacing:normal;text-transform:none;float:none;text-align:left\">SANDO SWR76035.0<\/span><br \/>\n<span style=\"font-family:sans-serif;font-size:medium;font-style:normal;font-weight:400;letter-spacing:normal;text-transform:none;float:none;text-align:left\">SIDAT 5145085A2<\/span><br \/>\n<span style=\"font-family:sans-serif;font-size:medium;font-style:normal;font-weight:400;letter-spacing:normal;text-transform:none;float:none;text-align:left\">WE PARTS 462060103<\/span><\/p>","protected":false},"excerpt":{"rendered":"<p>Bouton de l\u00e8ve vitre avant gauche MERCEDES W204 W212 GLK X204 connexions nombres de fils : 3 BROCHES C\u00f4t\u00e9 d&rsquo;assemblage<\/p>","protected":false},"featured_media":11222,"comment_status":"open","ping_status":"closed","template":"","meta":{"content-type":""},"product_cat":[144],"product_tag":[],"class_list":{"0":"post-11201","1":"product","2":"type-product","3":"status-publish","4":"has-post-thumbnail","6":"product_cat-non-classe","8":"first","9":"instock","10":"shipping-taxable","11":"purchasable","12":"product-type-simple"},"aioseo_notices":[],"jetpack_sharing_enabled":true,"_links":{"self":[{"href":"https:\/\/drs-auto.fr\/en\/wp-json\/wp\/v2\/product\/11201","targetHints":{"allow":["GET"]}}],"collection":[{"href":"https:\/\/drs-auto.fr\/en\/wp-json\/wp\/v2\/product"}],"about":[{"href":"https:\/\/drs-auto.fr\/en\/wp-json\/wp\/v2\/types\/product"}],"replies":[{"embeddable":true,"href":"https:\/\/drs-auto.fr\/en\/wp-json\/wp\/v2\/comments?post=11201"}],"version-history":[{"count":1,"href":"https:\/\/drs-auto.fr\/en\/wp-json\/wp\/v2\/product\/11201\/revisions"}],"predecessor-version":[{"id":11223,"href":"https:\/\/drs-auto.fr\/en\/wp-json\/wp\/v2\/product\/11201\/revisions\/11223"}],"wp:featuredmedia":[{"embeddable":true,"href":"https:\/\/drs-auto.fr\/en\/wp-json\/wp\/v2\/media\/11222"}],"wp:attachment":[{"href":"https:\/\/drs-auto.fr\/en\/wp-json\/wp\/v2\/media?parent=11201"}],"wp:term":[{"taxonomy":"product_cat","embeddable":true,"href":"https:\/\/drs-auto.fr\/en\/wp-json\/wp\/v2\/product_cat?post=11201"},{"taxonomy":"product_tag","embeddable":true,"href":"https:\/\/drs-auto.fr\/en\/wp-json\/wp\/v2\/product_tag?post=11201"}],"curies":[{"name":"wp","href":"https:\/\/api.w.org\/{rel}","templated":true}]}}