
{"id":11198,"date":"2023-10-10T20:24:20","date_gmt":"2023-10-10T18:24:20","guid":{"rendered":"https:\/\/drs-auto.fr\/?post_type=product&#038;p=11198"},"modified":"2024-05-13T13:23:51","modified_gmt":"2024-05-13T11:23:51","slug":"soupape-dadmission-peugeot-citroen-1-6-et-1-4-e-hdi-moteur-dv4c-dv6c","status":"publish","type":"product","link":"https:\/\/drs-auto.fr\/en\/product\/soupape-dadmission-peugeot-citroen-1-6-et-1-4-e-hdi-moteur-dv4c-dv6c\/","title":{"rendered":"Soupape d&rsquo;admission Peugeot Citroen 1.6 et 1.4 e-hdi moteur DV4C DV6C"},"content":{"rendered":"<p>Soupape admission 0948f7<\/p>\n<p>Pour : Citroen Peugeot Mod\u00e8le Renforc\u00e9<\/p>\n<p>Mod\u00e8le : Berlingo, C5 &amp; Xsara<\/p>\n<p>Date de fabrication : 09\/2011 \u00e0 aujourd&rsquo;hui<\/p>\n<p>Taille du moteur : 1.6 HDI 1560cc moteur \u00e0 8 soupapes<\/p>\n<p>1.4 HDI moteur \u00e0 8 soupapes<\/p>\n<p>Codes moteur: 8 H (DV4C), 9CV (DV6DTED), 9HR (DV6C), 9HK (DV6ETEDM), ERWAN (DV6FD), BHZ (DV6FC), 9HM (DV6UC), 9HF (DV6DTED), 9HL (DV6C)<\/p>\n<p>Motorisation:<\/p>\n<p>1.4 BlueHDi 68<\/p>\n<p>1.6 BlueHDi 120<\/p>\n<p>1.6 BlueHDi 115<\/p>\n<p>1.6 HDi 110<\/p>\n<p>1.6 HDi 90<\/p>\n<p>1.6 HDi 115<\/p>\n<p>1.6 HDi\/BlueHDi 115<\/p>\n<p>1.6 HDi 92<\/p>\n<p>1.6 HDi\/BlueHDi 75<\/p>\n<p>Num\u00e9ro de pi\u00e8ce OEM : 0801.FC<\/p>\n<p>24 mois\/2 ans de garantie<\/p>\n<p>V\u00e9hicules compatibles:<\/p>\n<p>Berlingo<\/p>\n<p>C-Elysee<\/p>\n<p>C3 II<\/p>\n<p>C3 Picasso<\/p>\n<p>C4 Cactus<\/p>\n<p>C4 Grand Picasso II<\/p>\n<p>DS3<\/p>\n<p>DS4<\/p>\n<p>DS5<\/p>\n<p>C5<\/p>\n<p>Jumpy<\/p>\n<p>partner<\/p>\n<p>508<\/p>\n<p>308<\/p>\n<p>207<\/p>\n<p>3008<\/p>\n<p>2008<\/p>\n<p>5008<\/p>","protected":false},"excerpt":{"rendered":"<p>Soupape admission 0948f7 Pour : Citroen Peugeot Mod\u00e8le Renforc\u00e9 Mod\u00e8le : Berlingo, C5 &amp; Xsara Date de fabrication : 09\/2011<\/p>","protected":false},"featured_media":11216,"comment_status":"open","ping_status":"closed","template":"","meta":{"content-type":""},"product_cat":[144],"product_tag":[],"class_list":{"0":"post-11198","1":"product","2":"type-product","3":"status-publish","4":"has-post-thumbnail","6":"product_cat-non-classe","8":"first","9":"instock","10":"shipping-taxable","11":"purchasable","12":"product-type-simple"},"aioseo_notices":[],"jetpack_sharing_enabled":true,"_links":{"self":[{"href":"https:\/\/drs-auto.fr\/en\/wp-json\/wp\/v2\/product\/11198","targetHints":{"allow":["GET"]}}],"collection":[{"href":"https:\/\/drs-auto.fr\/en\/wp-json\/wp\/v2\/product"}],"about":[{"href":"https:\/\/drs-auto.fr\/en\/wp-json\/wp\/v2\/types\/product"}],"replies":[{"embeddable":true,"href":"https:\/\/drs-auto.fr\/en\/wp-json\/wp\/v2\/comments?post=11198"}],"version-history":[{"count":1,"href":"https:\/\/drs-auto.fr\/en\/wp-json\/wp\/v2\/product\/11198\/revisions"}],"predecessor-version":[{"id":11217,"href":"https:\/\/drs-auto.fr\/en\/wp-json\/wp\/v2\/product\/11198\/revisions\/11217"}],"wp:featuredmedia":[{"embeddable":true,"href":"https:\/\/drs-auto.fr\/en\/wp-json\/wp\/v2\/media\/11216"}],"wp:attachment":[{"href":"https:\/\/drs-auto.fr\/en\/wp-json\/wp\/v2\/media?parent=11198"}],"wp:term":[{"taxonomy":"product_cat","embeddable":true,"href":"https:\/\/drs-auto.fr\/en\/wp-json\/wp\/v2\/product_cat?post=11198"},{"taxonomy":"product_tag","embeddable":true,"href":"https:\/\/drs-auto.fr\/en\/wp-json\/wp\/v2\/product_tag?post=11198"}],"curies":[{"name":"wp","href":"https:\/\/api.w.org\/{rel}","templated":true}]}}