
{"id":11194,"date":"2023-10-10T20:24:19","date_gmt":"2023-10-10T18:24:19","guid":{"rendered":"https:\/\/drs-auto.fr\/?post_type=product&#038;p=11194"},"modified":"2024-04-25T21:37:16","modified_gmt":"2024-04-25T19:37:16","slug":"arbre-a-came-2-0-hdi-150-et-180cv-cote-echappement-moteur-rhh-et-rhe-0801ez","status":"publish","type":"product","link":"https:\/\/drs-auto.fr\/en\/product\/arbre-a-came-2-0-hdi-150-et-180cv-cote-echappement-moteur-rhh-et-rhe-0801ez\/","title":{"rendered":"Arbre \u00e0 came 2.0 hdi 150 et 180cv c\u00f4te \u00e9chappement moteur RHH et RHE 0801EZ"},"content":{"rendered":"<p>Arbre \u00e0 came 2.0 hdi moteur RHB, RHC, RHE, RHH, DW10CTED4<\/p>\n<p>C\u00f4t\u00e9 d&rsquo;\u00e9chappement<\/p>\n<p>R\u00c9F\u00c9RENCES CONSTRUCTEURS:<\/p>\n<p>0801EZ<\/p>\n<p>0903H1<\/p>\n<p>0903.H1<\/p>\n<p>CITRO\u00cbN<\/p>\n<p>9804424280<\/p>\n<p>DS<\/p>\n<p>9804424280<\/p>\n<p>FORD<\/p>\n<p>1871343<\/p>\n<p>FORD<\/p>\n<p>D7SQ6A273BA<\/p>\n<p>PEUGEOT<\/p>\n<p>9804424280<\/p>\n<p>CITRO\u00cbN\/PEUGEOT<\/p>\n<p>9804424180<\/p>\n<p>FORD<\/p>\n<p>1871342<\/p>\n<p>FORD<\/p>\n<p>D7SQ6A270BA<\/p>\n<p>FORD galaxy<\/p>\n<p>308 407 607 C8 807 DS3 DS4 DS5 2008 3008 5008 jumpy Jumper<\/p>","protected":false},"excerpt":{"rendered":"<p>Arbre \u00e0 came 2.0 hdi moteur RHB, RHC, RHE, RHH, DW10CTED4 C\u00f4t\u00e9 d&rsquo;\u00e9chappement R\u00c9F\u00c9RENCES CONSTRUCTEURS: 0801EZ 0903H1 0903.H1 CITRO\u00cbN 9804424280<\/p>","protected":false},"featured_media":11208,"comment_status":"open","ping_status":"closed","template":"","meta":{"content-type":""},"product_cat":[126,125,144],"product_tag":[],"class_list":{"0":"post-11194","1":"product","2":"type-product","3":"status-publish","4":"has-post-thumbnail","6":"product_cat-arbre-a-came","7":"product_cat-haut-moteur","8":"product_cat-non-classe","10":"first","11":"instock","12":"sale","13":"shipping-taxable","14":"purchasable","15":"product-type-simple"},"aioseo_notices":[],"jetpack_sharing_enabled":true,"_links":{"self":[{"href":"https:\/\/drs-auto.fr\/en\/wp-json\/wp\/v2\/product\/11194","targetHints":{"allow":["GET"]}}],"collection":[{"href":"https:\/\/drs-auto.fr\/en\/wp-json\/wp\/v2\/product"}],"about":[{"href":"https:\/\/drs-auto.fr\/en\/wp-json\/wp\/v2\/types\/product"}],"replies":[{"embeddable":true,"href":"https:\/\/drs-auto.fr\/en\/wp-json\/wp\/v2\/comments?post=11194"}],"version-history":[{"count":1,"href":"https:\/\/drs-auto.fr\/en\/wp-json\/wp\/v2\/product\/11194\/revisions"}],"predecessor-version":[{"id":11209,"href":"https:\/\/drs-auto.fr\/en\/wp-json\/wp\/v2\/product\/11194\/revisions\/11209"}],"wp:featuredmedia":[{"embeddable":true,"href":"https:\/\/drs-auto.fr\/en\/wp-json\/wp\/v2\/media\/11208"}],"wp:attachment":[{"href":"https:\/\/drs-auto.fr\/en\/wp-json\/wp\/v2\/media?parent=11194"}],"wp:term":[{"taxonomy":"product_cat","embeddable":true,"href":"https:\/\/drs-auto.fr\/en\/wp-json\/wp\/v2\/product_cat?post=11194"},{"taxonomy":"product_tag","embeddable":true,"href":"https:\/\/drs-auto.fr\/en\/wp-json\/wp\/v2\/product_tag?post=11194"}],"curies":[{"name":"wp","href":"https:\/\/api.w.org\/{rel}","templated":true}]}}