
{"id":11154,"date":"2023-10-10T20:24:03","date_gmt":"2023-10-10T18:24:03","guid":{"rendered":"https:\/\/drs-auto.fr\/?post_type=product&#038;p=11154"},"modified":"2023-10-10T20:24:18","modified_gmt":"2023-10-10T18:24:18","slug":"bmw-lot-de-4-linguets-culbuteurs-pour-moteur-bmw-b37-b47-b57-m57-n47-n57","status":"publish","type":"product","link":"https:\/\/drs-auto.fr\/en\/product\/bmw-lot-de-4-linguets-culbuteurs-pour-moteur-bmw-b37-b47-b57-m57-n47-n57\/","title":{"rendered":"Bmw lot de 4 linguets\/culbuteurs pour moteur bmw b37 b47 b57 m57 n47 n57"},"content":{"rendered":"<p>LOT DE 4 Culbuteur, Linguet, Basculeur en acier neuf pour moteurs BMW.<\/p>\n<p>Emplacement : CULASSE MOTEUR<\/p>\n<p>Pi\u00e8ce neuve<\/p>\n<p>CARACT\u00c9RISTIQUES TECHNIQUES :<br \/>\nPOUR TYPES MOTEURS :<br \/>\nB37C15A, B37D15A, B47C20A, B47C20B, B47D20A, B47D20B, B57D30A, B57D30B, B57D30C, M57D30(306D3), N47D16A, N47D20A, N47D20B, N47D20C, N47D20D, N57D30A, N57D30B, N57D30C<\/p>\n<p>B37 C15 A, B37 D15 A, B47 C20 A, B47 C20 B, B47 D20 A, B47 D20 B, B57 D30 A, B57 D30 B, B57 D30 C, M57 D30 (306D3), N47 D16 A, N47 D20 A, N47 D20 B, N47 D20 C, N47 D20 D, N57 D30 A, N57 D30 B, N57 D30 C<br \/>\nR\u00c9F\u00c9RENCES CONSTRUCTEURS (N\u00b0 OEM) \u00c0 TITRE INDICATIF :<br \/>\nBMW : 11 33 7 797 710, 11 33 7 812 893, 11 33 8 576 634, 11337797710, 11337812893, 11338576634, 7 797 710, 7 812 893, 7797710, 7812893, 8 576 634, 8576634<br \/>\nLEXUS : 13801-WA011, 13801WA011<br \/>\nMINI : 11 33 7 797 710, 11 33 7 812 893, 11 33 8 576 634, 11337797710, 11337812893, 11338576634, 7 812 893, 7812893, 8 576 634, 8576634<br \/>\nTOYOTA : 13801-WA011, 13801WA011<br \/>\nR\u00c9F\u00c9RENCES \u00c9QUIPEMENTIERS (\u00c0 TITRE INDICATIF) :<br \/>\nBBR AUTOMOTIVE : 001-10-30276<br \/>\nFAI AUTOPARTS : R974S<br \/>\nFEBI BILSTEIN : 30132<br \/>\nINA : 422 0246 10<br \/>\nMAXGEAR : 17-0143<br \/>\nMEC-DIESEL : 170440<br \/>\nRIDEX : 561R0040<br \/>\nSTARK : SKRAV-1730039<br \/>\nSTORM : 299970<br \/>\nSWAG : 20 93 0132<br \/>\nTOPRAN : 502 922<\/p>","protected":false},"excerpt":{"rendered":"<p>LOT DE 4 Culbuteur, Linguet, Basculeur en acier neuf pour moteurs BMW. Emplacement : CULASSE MOTEUR Pi\u00e8ce neuve CARACT\u00c9RISTIQUES TECHNIQUES<\/p>","protected":false},"featured_media":11192,"comment_status":"open","ping_status":"closed","template":"","meta":{"content-type":""},"product_cat":[144],"product_tag":[],"class_list":{"0":"post-11154","1":"product","2":"type-product","3":"status-publish","4":"has-post-thumbnail","6":"product_cat-non-classe","8":"first","9":"instock","10":"sale","11":"shipping-taxable","12":"purchasable","13":"product-type-simple"},"aioseo_notices":[],"jetpack_sharing_enabled":true,"_links":{"self":[{"href":"https:\/\/drs-auto.fr\/en\/wp-json\/wp\/v2\/product\/11154","targetHints":{"allow":["GET"]}}],"collection":[{"href":"https:\/\/drs-auto.fr\/en\/wp-json\/wp\/v2\/product"}],"about":[{"href":"https:\/\/drs-auto.fr\/en\/wp-json\/wp\/v2\/types\/product"}],"replies":[{"embeddable":true,"href":"https:\/\/drs-auto.fr\/en\/wp-json\/wp\/v2\/comments?post=11154"}],"version-history":[{"count":1,"href":"https:\/\/drs-auto.fr\/en\/wp-json\/wp\/v2\/product\/11154\/revisions"}],"predecessor-version":[{"id":11193,"href":"https:\/\/drs-auto.fr\/en\/wp-json\/wp\/v2\/product\/11154\/revisions\/11193"}],"wp:featuredmedia":[{"embeddable":true,"href":"https:\/\/drs-auto.fr\/en\/wp-json\/wp\/v2\/media\/11192"}],"wp:attachment":[{"href":"https:\/\/drs-auto.fr\/en\/wp-json\/wp\/v2\/media?parent=11154"}],"wp:term":[{"taxonomy":"product_cat","embeddable":true,"href":"https:\/\/drs-auto.fr\/en\/wp-json\/wp\/v2\/product_cat?post=11154"},{"taxonomy":"product_tag","embeddable":true,"href":"https:\/\/drs-auto.fr\/en\/wp-json\/wp\/v2\/product_tag?post=11154"}],"curies":[{"name":"wp","href":"https:\/\/api.w.org\/{rel}","templated":true}]}}