
{"id":11153,"date":"2023-10-10T20:24:03","date_gmt":"2023-10-10T18:24:03","guid":{"rendered":"https:\/\/drs-auto.fr\/?post_type=product&#038;p=11153"},"modified":"2024-05-06T19:29:46","modified_gmt":"2024-05-06T17:29:46","slug":"arbre-a-cames-moteur-1-9-tdi-038109101r-038109309a-038109309b-038109309c-ajm-anu-arl-blt-bpx-bru","status":"publish","type":"product","link":"https:\/\/drs-auto.fr\/en\/product\/arbre-a-cames-moteur-1-9-tdi-038109101r-038109309a-038109309b-038109309c-ajm-anu-arl-blt-bpx-bru\/","title":{"rendered":"Arbre \u00e0 cames moteur 1.9 2.0 TDI 038109101R 038109101AH 038109309A 038109309B 038109309C AJM ANU ARL BLT BPX BRU LS"},"content":{"rendered":"<p>Arbre \u00e0 cames moteur 1.9 TDI 038109101R 038109309A 038109309B 038109309C AJM ANU ARL BLT BPX BRU<\/p>\n<p>Num\u00e9ros de pi\u00e8ce OEM:<br \/>\n038109101R<br \/>\n038109309A<br \/>\n038109309B<br \/>\n038109309C<br \/>\nMoteur:<br \/>\nAJM, ANU, ARL, ASZ, ATD, ATJ, AUY, AVB, AVF, AWX, AXB<br \/>\nAXC, AXR, BJB, BKC, BLS, BLT, BPX, BRU, BSW, BUK, BXE, BXF<\/p>\n<p>Convient aux mod\u00e8les suivants:<br \/>\n1,9 PD TDI<br \/>\nCompatible avec VW Bora \/ Compatible avec Caddy \/ Compatible avec Sharan \/ Compatible avec Polo \/ Compatible avec Golf \/ Compatible avec Je-tta<br \/>\nCompatible avec VW Multivan \/ Compatible avec New Beetle \/ Compatible avec Transporter \/ Compatible avec Touran<br \/>\nCompatible avec Seat Alhambra \/ Compatible avec Altea \/ Compatible avec Cordoba \/ Compatible avec Leon \/ Compatible avec Toledo \/ Compatible avec Ibiza<br \/>\nCompatible avec Audi A3 \/ A4 \/ A6<br \/>\nCompatible avec Ford Galaxy WGR<br \/>\nCompatible avec Skoda Superb \/ Compatible avec Roomster \/ Compatible avec Fabia \/ Compatible avec Octavia<\/p>","protected":false},"excerpt":{"rendered":"<p>Arbre \u00e0 cames moteur 1.9 TDI 038109101R 038109309A 038109309B 038109309C AJM ANU ARL BLT BPX BRU Num\u00e9ros de pi\u00e8ce OEM:<\/p>","protected":false},"featured_media":11190,"comment_status":"open","ping_status":"closed","template":"","meta":{"content-type":""},"product_cat":[126,125,144],"product_tag":[],"class_list":{"0":"post-11153","1":"product","2":"type-product","3":"status-publish","4":"has-post-thumbnail","6":"product_cat-arbre-a-came","7":"product_cat-haut-moteur","8":"product_cat-non-classe","10":"first","11":"instock","12":"sale","13":"shipping-taxable","14":"purchasable","15":"product-type-simple"},"aioseo_notices":[],"jetpack_sharing_enabled":true,"_links":{"self":[{"href":"https:\/\/drs-auto.fr\/en\/wp-json\/wp\/v2\/product\/11153","targetHints":{"allow":["GET"]}}],"collection":[{"href":"https:\/\/drs-auto.fr\/en\/wp-json\/wp\/v2\/product"}],"about":[{"href":"https:\/\/drs-auto.fr\/en\/wp-json\/wp\/v2\/types\/product"}],"replies":[{"embeddable":true,"href":"https:\/\/drs-auto.fr\/en\/wp-json\/wp\/v2\/comments?post=11153"}],"version-history":[{"count":3,"href":"https:\/\/drs-auto.fr\/en\/wp-json\/wp\/v2\/product\/11153\/revisions"}],"predecessor-version":[{"id":11848,"href":"https:\/\/drs-auto.fr\/en\/wp-json\/wp\/v2\/product\/11153\/revisions\/11848"}],"wp:featuredmedia":[{"embeddable":true,"href":"https:\/\/drs-auto.fr\/en\/wp-json\/wp\/v2\/media\/11190"}],"wp:attachment":[{"href":"https:\/\/drs-auto.fr\/en\/wp-json\/wp\/v2\/media?parent=11153"}],"wp:term":[{"taxonomy":"product_cat","embeddable":true,"href":"https:\/\/drs-auto.fr\/en\/wp-json\/wp\/v2\/product_cat?post=11153"},{"taxonomy":"product_tag","embeddable":true,"href":"https:\/\/drs-auto.fr\/en\/wp-json\/wp\/v2\/product_tag?post=11153"}],"curies":[{"name":"wp","href":"https:\/\/api.w.org\/{rel}","templated":true}]}}