
{"id":11151,"date":"2023-10-10T20:24:03","date_gmt":"2023-10-10T18:24:03","guid":{"rendered":"https:\/\/drs-auto.fr\/?post_type=product&#038;p=11151"},"modified":"2023-10-10T20:24:16","modified_gmt":"2023-10-10T18:24:16","slug":"linguet-1-4-1-6-bluehdi-0903-65","status":"publish","type":"product","link":"https:\/\/drs-auto.fr\/en\/product\/linguet-1-4-1-6-bluehdi-0903-65\/","title":{"rendered":"Linguet 1.4 1.6 BlueHDi 0903.65"},"content":{"rendered":"<p>Caract\u00e9ristiques moteurs:<\/p>\n<p>8HR (DV4C), 9HD (DV6C), 9HE (DV6DBM), 9HH (DV6DUM), 9HJ (DV6DTEDM), 9HK (DV6ETEDM), 9HL (DV6C), 9HM (DV6UC), 9HN (DV6ETED), 9HP (DV6DTED), 9HR (DV6C), BHZ (DV1BB), T T1BC, T1DA, T1DB, T3DA, T3DB, TZJA, TZJB, 8HP (DV4C), 9HD (DV6CTED), 9HH (DV6DUM)<\/p>\n<p>R\u00e9f\u00e9rences constructeur:<\/p>\n<p>CITRO\u00cbN\t0903 65<br \/>\nDS\t0903 65<br \/>\nFORD\t2S6Q6564AA 1 145 958<br \/>\nMAZDA\tY401 12 130<br \/>\nPEUGEOT\t0903 65<br \/>\nTOYOTA\tSU001 00557<br \/>\nVOLVO\t31330183<\/p>\n<p>R\u00e9f\u00e9rences \u00e9quivalentes:<\/p>\n<p>AE\tFOL228<br \/>\nASHIKA\t17TY002<br \/>\nASHUKI by Palidium\tM380-03<br \/>\nAUTEX\t955166<br \/>\nAUTOMEGA\t130084210<br \/>\nBGA\tRA1464<br \/>\nBLUE PRINT\tADF126102C ADM56114<br \/>\nBSG\tBSG 30-122-025<br \/>\nCPB\t502047<br \/>\nET ENGINETEAM\tVV0050<br \/>\nFAI AutoParts\tR173S<br \/>\nFEBI BILSTEIN\t36422<br \/>\nFRECCIA\tRA06-914<br \/>\nIMEX\tIMX FOR1145958<br \/>\nINA\t422 0018 10<br \/>\nIPD\t45-4161<br \/>\nIPSA\tRA001500<br \/>\nJAPANPARTS\tBZ-TY002<br \/>\nJAPKO\t7TY002<br \/>\nKOLBENSCHMIDT\t50006172<br \/>\nMAXGEAR\t17-0071<br \/>\nPEMEBLA\tJAPBZ-TY002<br \/>\nRUVILLE\t235921<br \/>\nSWAG\t62 93 6422<br \/>\nWILMINK GROUP\tWG1462657 WG1490861 WG1250889 WG1053410 WG1431267 WG1017550<\/p>\n<p>V\u00e9hicules compatibles:<\/p>\n<p>Compatible for CITROEN:<br \/>\nBERLINGO Platform\/Chassis 1.6 BlueHDi 100 (12.2014-) 99hp<br \/>\nBERLINGO Platform\/Chassis 1.6 HDi 90 (07.2010-) 90ch<br \/>\nBERLINGO Platform\/Chassis 1.6 HDi 92 (07.2010-12.2017) 92hp<br \/>\nBERLINGO Van\/Minivan 1.6 BlueHDi 100 (12.2014-) 99hp<br \/>\nBERLINGO Van\/Minivan 1.6 BlueHDi 100 4&#215;4 (12.2014-) 99hp<br \/>\nBERLINGO Van\/Minivan 1.6 BlueHDi 120 (12.2014-) 120ch<br \/>\nBERLINGO Van\/Minivan 1.6 HDi \/ BlueHDi 75 (07.2010-) 75ch<br \/>\nBERLINGO Van\/Minivan 1.6 HDi 110 (07.2010-) 112ch<br \/>\nBERLINGO Van\/Minivan 1.6 HDi 115 (07.2010-) 114hp<br \/>\nBERLINGO Van\/Minivan 1.6 HDi 115 4&#215;4 (02.2012-) 114hp<br \/>\nBERLINGO Van\/Minivan 1.6 HDi 75 4&#215;4 (02.2012-) 75ch<br \/>\nBERLINGO Van\/Minivan 1.6 HDi 90 (07.2010-12.2017) 90ch<br \/>\nBERLINGO Van\/Minivan 1.6 HDi 90 (07.2010-) 92hp<br \/>\nBERLINGO Van\/Minivan 1.6 HDi 90 4&#215;4 (02.2012-) 90ch<br \/>\nBERLINGO Van\/Minivan 1.6 BlueHDi 100 (06.2018-) 99hp<br \/>\nBERLINGO Van\/Minivan 1.6 BlueHDi 75 (06.2018-) 75ch<br \/>\nBERLINGO MULTISPACE 1.6 BlueHDi 100 (12.2014-) 99hp<br \/>\nBERLINGO MULTISPACE 1.6 BlueHDi 120 (12.2014-) 120ch<br \/>\nBERLINGO MULTISPACE 1.6 HDi 110 (07.2010-) 112ch<br \/>\nBERLINGO MULTISPACE 1.6 HDi 115 (07.2010-) 114hp<br \/>\nBERLINGO MULTISPACE 1.6 HDi 115 4&#215;4 (02.2012-) 114hp<br \/>\nBERLINGO MULTISPACE 1.6 HDi 75 \/ BlueHDi 75 (04.2008-) 75ch<br \/>\nBERLINGO MULTISPACE 1.6 HDi 90 (07.2010-) 92hp<br \/>\nBERLINGO MULTISPACE 1.6 HDi 90 4&#215;4 (02.2012-12.2014) 90hp<br \/>\nC-ELYSEE 1.6 BlueHDi 100 (11.2014-) 99hp<br \/>\nC-ELYSEE 1.6 HDI 92 (11.2012-) 92hp<br \/>\nC1 1.4 HDi (06.2005-09.2014) 54hp<br \/>\nC2 1.4 HDi (07.2003-12.2009) 68hp<br \/>\nC2 COMPANY 1.4 HDi (09.2006-12.2009) 68hp<br \/>\nC3 AIRCROSS II 1.6 BlueHDi 100 (07.2017-) 99hp<br \/>\nC3 AIRCROSS II 1.6 BlueHDi 115 (06.2017-) 115hp<br \/>\nC3 AIRCROSS II 1.6 BlueHDi 120 (07.2017-) 120ch<br \/>\nC3 I 1.4 HDi 70 (02.2002-) 68ch<br \/>\nC3 I 1.4 HDi 70 (07.2003-02.2011) 70hp<br \/>\nC3 I 1.4 HDi 70 (05.2005-) 75ch<br \/>\nC3 Plural 1.4 HDi 70 (04.2004-) 68hp<br \/>\nC3II 1.4 HDi 70 (11.2009-) 68hp<br \/>\nC3II 1.6 BlueHDi 100 (07.2014-) 99hp<br \/>\nC3II 1.6 BlueHDi 75 (04.2015-) 75ch<br \/>\nC3II 1.6 HDi (11.2009-09.2016) 92hp<br \/>\nC3II 1.6 HDi 110 (11.2009-) 112hp<br \/>\nC3II 1.6 HDi 115 (09.2012-) 114hp<br \/>\nC3 III 1.6 BlueHDi 100 (07.2016-) 99hp<br \/>\nC3 III 1.6 BlueHDi 75 (07.2016-) 75ch<br \/>\nC3 PICASSO 1.6 BlueHDi 100 (01.2015-) 99hp<br \/>\nC3 PICASSO 1.6 HDI 90 (07.2010-) 92hp<br \/>\nC3 PICASSO 1.6 HDi 110 (05.2010-) 112ch<br \/>\nC3 PICASSO 1.6 HDi 115 (01.2013-) 114hp<br \/>\nC4 AIRCROSS 1.6 HDi 115 (04.2012-) 114hp<br \/>\nC4 AIRCROSS 1.6 HDi 115 AWC (05.2012-) 114hp<br \/>\nC4 CACTI 1.6 BlueHDi 100 (09.2014-) 99hp<br \/>\nC4 CACTI 1.6 HDi 90 (09.2014-) 92hp<br \/>\nC4 GRAND PICASSO I 1.6 HDi 110 (09.2010-08.2013) 112hp<br \/>\nC4 GRAND PICASSO II 1.6 BlueHDi 100 (01.2015-) 99hp<br \/>\nC4 GRAND PICASSO II 1.6 BlueHDi 120 (07.2014-) 120ch<br \/>\nC4 GRAND PICASSO II 1.6 HDi \/ BlueHDi 115 (09.2013-) 115hp<br \/>\nC4 GRAND PICASSO II 1.6 HDi 90 (09.2013-) 92hp<br \/>\nC4II 1.6 BlueHDi 100 (07.2014-) 99hp<br \/>\nC4II 1.6 BlueHDi 115 (08.2014-) 115hp<br \/>\nC4II 1.6 BlueHDi 120 (02.2015-) 120ch<br \/>\nC4II 1.6 HDi 110 (11.2009-) 112hp<br \/>\nC4II 1.6 HDi 115 (07.2012-) 114hp<br \/>\nC4II 1.6 HDi 90 (11.2009-) 92hp<br \/>\nC4 PICASSO I MPV 1.6 HDi 110 (09.2010-08.2013) 112hp<br \/>\nC4 PICASSO II 1.6 BlueHDi 100 (12.2014-) 99hp<br \/>\nC4 PICASSO II 1.6 BlueHDi 120 (07.2014-) 120ch<br \/>\nC4 PICASSO II 1.6 HDi \/ BlueHDi 115 (02.2013-) 115ch<br \/>\nC4 PICASSO II 1.6 HDi 90 (02.2013-) 92hp<br \/>\nC4 SPACETOURER 1.6 BlueHDi 100 (04.2018-) 99hp<br \/>\nC4 SPACETOURER 1.6 BlueHDi 120 (04.2018-) 120ch<br \/>\nC4 SPACETOURER Van BlueHDi 120 (05.2019-) 120ch<br \/>\nC5 III 1.6 HDi 110 (07.2010-) 112ch<br \/>\nC5 III 1.6 HDi 115 (01.2012-) 114hp<br \/>\nC5 III Break 1.6 HDi 110 (07.2010-) 112ch<br \/>\nC5 III Break 1.6 HDi 115 (01.2012-) 114hp<br \/>\nDS3 1.4 HDi 70 (04.2010-07.2015) 68hp<br \/>\nDS3 1.6 BlueHDi 100 (07.2014-07.2015) 99hp<br \/>\nDS3 1.6 BlueHDi 120 (10.2013-07.2015) 120hp<br \/>\nDS3 1.6 BlueHDi 75 (03.2015-07.2015) 75ch<br \/>\nDS3 1.6 HDi 110 (11.2009-07.2015) 112hp<br \/>\nDS3 1.6 HDi 115 (08.2012-07.2015) 114hp<br \/>\nDS3 1.6 HDi 115 (10.2013-07.2015) 115hp<br \/>\nDS3 1.6 HDi 90 (11.2009-07.2015) 92hp<br \/>\nDS3 Convertible 1.6 BlueHDi 100 (07.2014-07.2015) 99hp<br \/>\nDS3 Convertible 1.6 BlueHDi 115 (10.2013-07.2015) 115hp<br \/>\nDS3 Convertible 1.6 BlueHDi 120 (07.2014-07.2015) 120hp<br \/>\nDS3 Convertible 1.6 HDi 90 (01.2013-07.2015) 92hp<br \/>\nDS4 1.6 BlueHDi 115 (07.2014-07.2015) 115hp<br \/>\nDS4 1.6 BlueHDi 120 (07.2014-07.2015) 120hp<br \/>\nDS4 1.6 HDi 110 (04.2011-07.2015) 112hp<br \/>\nDS4 1.6 HDi 115 (08.2012-07.2015) 114hp<br \/>\nDS4 1.6 HDi 90 (05.2011-07.2015) 92hp<br \/>\nDS5 1.6 BlueHDi 120 (07.2014-07.2015) 120hp<br \/>\nDS5 1.6 HDi (11.2013-07.2015) 115hp<br \/>\nDS5 1.6 HDi 110 (11.2011-07.2015) 112hp<br \/>\nDS5 1.6 HDi 115 (06.2012-07.2015) 114hp<br \/>\nGRAND C4 SPACETOURER 1.6 BlueHDi 100 (04.2018-) 99hp<br \/>\nGRAND C4 SPACETOURER 1.6 BlueHDi 120 (04.2018-) 120ch<br \/>\nGRAND C4 SPACETOURER 1.6 HDi 115 (04.2018-) 116hp<br \/>\nDISPATCH 1.6 HDi 90 8V (01.2007-03.2016) 90hp<br \/>\nJUMPY Bus\/Coach 1.6 BlueHDi 115 (04.2016-) 115hp<br \/>\nJUMPY Bus\/Coach 1.6 BlueHDi 95 (04.2016-) 95hp<br \/>\nJUMPY Platform\/Chassis 1.6 BlueHDi 95 (09.2016-) 95hp<br \/>\nDISPATCH Box 1.6 BlueHDi 115 (04.2016-) 115hp<br \/>\nDISPATCH Box 1.6 BlueHDi 90 (09.2018-) 90ch<br \/>\nDISPATCH Box 1.6 BlueHDi 95 (04.2016-) 95hp<br \/>\nDISPATCH Box 1.6 HDi 90 8V (01.2007-03.2016) 90hp<br \/>\nNEMO Van\/Minivan 1.4 HDi 70 (02.2008-) 68hp<br \/>\nNEMO MPV 1.4 HDi 70 (04.2009-) 68ch<br \/>\nSPACETOURER Bus\/Coach 1.6 BlueHDi 115 (04.2016-) 115hp<br \/>\nSPACETOURER Bus\/Coach 1.6 BlueHDi 95 (04.2016-) 95hp<br \/>\nSPACETOURER Bus\/Coach 1.6 HDi 90 (07.2018-) 90ch<br \/>\nXSARA 1.4 HDi 70 (01.2003-03.2005) 68hp<br \/>\nXSARA Break 1.4 HDi 70 (01.2003-03.2005) 68hp<br \/>\nXSARA Coupe 1.4 HDi 70 (01.2003-03.2005) 68hp<\/p>\n<p>Compatible for DS:<br \/>\nDS3 1.6 BlueHDi 100 (04.2015-07.2019) 99hp<br \/>\nDS3 1.6 BlueHDi 120 (07.2015-07.2019) 120hp<br \/>\nDS3 1.6 BlueHDi 75 (07.2015-07.2019) 75ch<br \/>\nDS 3 Convertible 1.6 BlueHDi 100 (07.2015-07.2019) 99hp<br \/>\nDS 3 Convertible 1.6 BlueHDi 120 (07.2015-07.2019) 120hp<br \/>\nDS 4 \/ DS 4 CROSSBACK 1.6 BlueHDi 100 (04.2016-12.2018) 99hp<br \/>\nDS 4 \/ DS 4 CROSSBACK 1.6 BlueHDi 120 (07.2015-12.2018) 120hp<br \/>\nDS5 1.6 BlueHDi 115 (06.2015-12.2018) 116hp<br \/>\nDS5 1.6 BlueHDi 120 (06.2015-12.2018) 120hp<\/p>\n<p>Compatible for FIAT:<br \/>\nSCUDO Bus\/Coach 1.6 D Multijet (02.2011-) 90ch<br \/>\nPickup truck 1.6 D Multijet (02.2011-) 90ch<\/p>\n<p>Compatible for Ford :<br \/>\nB-MAX 1.5 TDCi (10.2012-) 75ch<br \/>\nB-MAX 1.5 TDCi (04.2015-) 95hp<br \/>\nB-MAX 1.6 TDCi (10.2012-) 95hp<br \/>\nB-MAX Van 1.5 TDCi (10.2012-) 75ch<br \/>\nB-MAX Van 1.5 TDCi (04.2015-) 95hp<br \/>\nB-MAX Van 1.6 TDCi (10.2012-) 95hp<br \/>\nC-MAX II 1.5 TDCi (03.2015-06.2019) 95hp<br \/>\nC-MAX II 1.5 TDCi (03.2015-06.2019) 120hp<br \/>\nC-MAX II 1.5 TDCi ECOnetic (03.2015-06.2019) 105hp<br \/>\nC-MAX II 1.6 TDCi (12.2010-06.2019) 95hp<br \/>\nC-MAX II 1.6 TDCi (12.2010-06.2019) 115hp<br \/>\nC-MAX II Van 1.5 TDCi ECOnetic (03.2015-06.2019) 105hp<br \/>\nC-MAX II Van 1.6 TDCi (12.2010-06.2019) 95hp<br \/>\nC-MAX II Van 1.6 TDCi (12.2010-06.2019) 115hp<br \/>\nECO-SPORT 1.5 EcoBlue TDCi (05.2015-) 95hp<br \/>\nECO-SPORT 1.5 TDCi (10.2013-) 90ch<br \/>\nECO-SPORT 1.5 TDCi (05.2015-) 100hp<br \/>\nFIESTA V 1.4 TDCi (11.2001-06.2008) 68hp<br \/>\nPARTY VI 1.4 TDCi (07.2010-09.2012) 70ch<br \/>\nPARTY VI 1.5 TDCi (09.2012-04.2017) 75ch<br \/>\nPARTY VI 1.5 TDCi (05.2015-04.2017) 95hp<br \/>\nPARTY VI 1.6 TDCi (02.2010-12.2015) 95hp<br \/>\nPARTY VI Van 1.4 TDCi (07.2010-) 70ch<br \/>\nPARTY VI Van 1.5 TDCi (10.2012-) 75ch<br \/>\nPARTY VI Van 1.5 TDCi (05.2015-) 95hp<br \/>\nPARTY VI Van 1.6 TDCi (02.2010-) 95ch<br \/>\nFIESTA VII 1.5 TDCi (05.2017-) 85ch<br \/>\nFIESTA VII 1.5 TDCi (05.2017-) 120hp<br \/>\nFIESTA VII Van 1.5 TDCi (04.2019-) 86ch<br \/>\nFIESTA VII Van 1.5 TDCi (09.2018-) 120hp<br \/>\nFOCUSIII 1.5 TDCi (09.2014-12.2017) 95hp<br \/>\nFOCUSIII 1.5 TDCi (09.2014-12.2017) 120hp<br \/>\nFOCUSIII 1.5 TDCi ECOnetic (09.2014-12.2017) 105hp<br \/>\nFOCUSIII 1.6 TDCi (07.2010-12.2017) 95hp<br \/>\nFOCUSIII 1.6 TDCi (07.2010-12.2017) 115hp<br \/>\nFOCUSIII 1.6 TDCi ECOnetic (05.2012-) 105hp<br \/>\nFOCUSIII Three-volume 1.5 TDCi (11.2014-) 95hp<br \/>\nFOCUSIII Three-volume 1.5 TDCi (11.2014-) 120hp<br \/>\nFOCUSIII Saloon 1.5 TDCi ECOnetic (11.2014-) 105ch<br \/>\nFOCUSIII Saloon 1.6 TDCi (07.2010-) 95ch<br \/>\nFOCUSIII Saloon 1.6 TDCi (05.2012-) 105hp<br \/>\nFOCUSIII Saloon 1.6 TDCi (07.2010-) 115hp<br \/>\nFOCUSIII Van &#8211; 3\/5 doors 1.5 TDCi (09.2014-) 120ch<br \/>\nFOCUSIII Turnier 1.5 TDCi (09.2014-) 95hp<br \/>\nFOCUSIII Turnier 1.5 TDCi (09.2014-) 120ch<br \/>\nFOCUSIII Turnier 1.5 TDCi ECOnetic (09.2014-) 105hp<br \/>\nFOCUSIII Turnier 1.6 TDCi (07.2010-) 95ch<br \/>\nFOCUSIII Turnier 1.6 TDCi (07.2010-) 115hp<br \/>\nFOCUSIII Turnier 1.6 TDCi ECOnetic (05.2012-) 105hp<br \/>\nMERGER<br \/>\n1.4 TDCI (08.2002-12.2012) 68ch<br \/>\nGalaxy II 1.6 TDCi<br \/>\n(02.2011-06.2015) 115hp<br \/>\nGRAND C-MAX 1.5 TDCi<br \/>\n(03.2015-06.2019) 95hp<br \/>\nGRAND C-MAX 1.5 TDCi<br \/>\n(03.2015-06.2019) 120hp<br \/>\nGRAND C-MAX 1.6 TDCi<br \/>\n(12.2010-06.2019) 95hp<br \/>\nGRAND C-MAX 1.6 TDCi<br \/>\n(12.2010-06.2019) 115hp<br \/>\nGRAND C-MAX Van 1.5 TDCi<br \/>\n(03.2015-06.2019) 120hp<br \/>\nGRAND C-MAX Van 1.6 TDCi<br \/>\n(12.2010-06.2019) 95hp<br \/>\nGRAND C-MAX Van 1.6 TDCi<br \/>\n(12.2010-06.2019) 115hp<br \/>\nKA+ III 1.5 TDCi<br \/>\n(02.2018-) 90ch<br \/>\nKA+ III 1.5 TDCi<br \/>\n(02.2018-) 95hp<br \/>\nKUGA II 1.5 TDCi<br \/>\n(07.2016-06.2019) 120hp<br \/>\nKUGA II VAN 1.5 TDCi<br \/>\n(01.2019-) 120hp<br \/>\nMONDEO IV 1.6 TDCi<br \/>\n(02.2011-01.2015) 115hp<br \/>\nMONDEO IV Three-volume 1.6 TDCi<br \/>\n(12.2010-01.2015) 115hp<br \/>\nMONDEO IV Turnier 1.6 TDCi<br \/>\n(02.2011-01.2015) 115hp<br \/>\nMONDEO V Hatchback 1.5 TDCi<br \/>\n(03.2015-) 120ch<br \/>\nMONDEO V Hatchback 1.6 TDCi<br \/>\n(09.2014-) 115hp<br \/>\nMONDEO VA three volumes 1.5 TDCi<br \/>\n(03.2015-) 120ch<br \/>\nMONDEO V Turnier 1.5 TDCi<br \/>\n(03.2015-) 120ch<br \/>\nMONDEO V Turnier 1.6 TDCi<br \/>\n(09.2014-) 115hp<br \/>\nS-MAX 1.6 TDCi<br \/>\n(02.2011-12.2014) 115hp<br \/>\nTOURNEO CONNECT \/ GRAND TOURNEO CONNECT V408 MPV 1.5 TDCi<br \/>\n(05.2015-) 75ch<br \/>\nTOURNEO CONNECT \/ GRAND TOURNEO CONNECT V408 MPV 1.5 TDCi<br \/>\n(05.2015-) 101ch<br \/>\nTOURNEO CONNECT \/ GRAND TOURNEO CONNECT V408 MPV 1.5 TDCi<br \/>\n(05.2015-) 120ch<br \/>\nTOURNEO CONNECT \/ GRAND TOURNEO CONNECT V408 MPV 1.6 TDCi<br \/>\n(09.2013-) 75ch<br \/>\nTOURNEO CONNECT \/ GRAND TOURNEO CONNECT V408 MPV 1.6 TDCi<br \/>\n(09.2013-) 95hp<br \/>\nTOURNEO CONNECT \/ GRAND TOURNEO CONNECT V408 MPV 1.6 TDCi<br \/>\n(09.2013-) 115hp<br \/>\nTOURNEO COURIER B460 MPV 1.5 TDCi<br \/>\n(02.2014-) 75ch<br \/>\nTOURNEO COURIER B460 MPV 1.5 TDCi<br \/>\n(05.2015-) 95hp<br \/>\nTOURNEO COURIER B460 MPV 1.6 TDCi<br \/>\n(02.2014-) 95ch<br \/>\nTRANSIT CONNECT MPV 1.5 TDCi<br \/>\n(08.2015-) 75ch<br \/>\nTRANSIT CONNECT MPV 1.5 TDCi<br \/>\n(05.2015-) 101ch<br \/>\nTRANSIT CONNECT MPV 1.5 TDCi<br \/>\n(05.2015-) 120ch<br \/>\nTRANSIT CONNECT MPV 1.6 TDCi<br \/>\n(02.2013-) 75ch<br \/>\nTRANSIT CONNECT MPV 1.6 TDCi<br \/>\n(02.2013-) 95hp<br \/>\nTRANSIT CONNECT MPV 1.6 TDCi<br \/>\n(02.2013-) 115ch<br \/>\nTRANSIT CONNECT V408 Van\/Minivan 1.5 TDCi<br \/>\n(08.2015-) 75ch<br \/>\nTRANSIT CONNECT V408 Van\/Minivan 1.5 TDCi<br \/>\n(05.2015-) 101ch<br \/>\nTRANSIT CONNECT V408 Van\/Minivan 1.5 TDCi<br \/>\n(05.2015-) 120ch<br \/>\nTRANSIT CONNECT V408 Van\/Minivan 1.6 TDCi<br \/>\n(02.2013-) 75ch<br \/>\nTRANSIT CONNECT V408 Van\/Minivan 1.6 TDCi<br \/>\n(02.2013-) 95hp<br \/>\nTRANSIT CONNECT V408 Van\/Minivan 1.6 TDCi<br \/>\n(02.2013-) 115ch<br \/>\nTRANSIT COURIER B460 Van\/Minivan 1.5 TDCi<br \/>\n(02.2014-) 75ch<br \/>\nTRANSIT COURIER B460 Van\/Minivan 1.5 TDCi<br \/>\n(05.2015-) 95hp<br \/>\nTRANSIT COURIER B460 Van\/Minivan 1.6 TDCi<br \/>\n(02.2014-) 95ch<br \/>\nTRANSIT COURIER B460 MPV 1.5 TDCi<br \/>\n(02.2014-) 75ch<br \/>\nTRANSIT COURIER B460 MPV 1.5 TDCi<br \/>\n(05.2015-) 95hp<br \/>\nTRANSIT COURIER B460 MPV 1.6 TDCi<br \/>\n(02.2014-) 95ch<\/p>\n<p>Compatible for MAZDA:<\/p>\n<p>MAZDA-2 1.4 MZR-CD<br \/>\n(01.2008-06.2015) 68hp<br \/>\nMAZDA-2 1.4 CDs<br \/>\n(04.2003-06.2007) 68hp<br \/>\nMAZDA-2 1.6 MZ-CD<br \/>\n(06.2011-06.2015) 95hp<br \/>\nMAZDA-3 1.6 MZR CD<br \/>\n(09.2010-05.2013) 116hp<br \/>\nMAZDA 3 Saloon 1.6 MZR CD<br \/>\n(09.2010-05.2013) 116hp<br \/>\nMAZDA-5 1.6 CDs<br \/>\n(07.2010-) 116hp<\/p>\n<p>Compatible for MITSUBISHI:<\/p>\n<p>ASX 1.6 DI-D<br \/>\n(07.2015-) 114hp<br \/>\nASX 1.6 DI-D 4WD<br \/>\n(07.2015-) 114hp<\/p>\n<p>Compatible for OPEL:<\/p>\n<p>Pickup\/Minivan COMBO 1.6D<br \/>\n(06.2018-) 75ch<br \/>\nPickup\/Minivan COMBO 1.6D<br \/>\n(06.2018-) 99hp<br \/>\nCROSSLAND X \/ CROSSLAND 1.6 Turbo D<br \/>\n(03.2017-) 99hp<br \/>\nCROSSLAND X \/ CROSSLAND 1.6 Turbo D<br \/>\n(08.2017-) 116hp<br \/>\nCROSSLAND X \/ CROSSLAND 1.6 Turbo D<br \/>\n(03.2017-) 120hp<br \/>\nGRANDLAND \/ GRANDLAND X 1.6 Turbo D<br \/>\n(06.2017-) 120hp<\/p>\n<p>Compatible for PEUGEOT:<\/p>\n<p>1007 1.4 HDi<br \/>\n(04.2005-) 68hp<br \/>\n107 1.4 HDi<br \/>\n(04.2005-05.2014) 54hp<br \/>\n2008 I 1.4 HDi<br \/>\n(06.2013-) 68ch<br \/>\n2008 I 1.6 BlueHDi<br \/>\n(07.2014-) 116hp<br \/>\n2008 I 1.6 BlueHDi 100<br \/>\n(01.2015-) 100hp<br \/>\n2008 I 1.6 BlueHDi 120<br \/>\n(07.2014-) 120ch<br \/>\n2008 I 1.6 BlueHDi 75<br \/>\n(01.2015-) 75ch<br \/>\n2008 I 1.6 HDi<br \/>\n(03.2013-) 92ch<br \/>\n2008 I 1.6 HDi<br \/>\n(03.2013-) 114hp<br \/>\n206 1.4 HDi 70<br \/>\n(2002-2007) 69hp<br \/>\n206 1.4 HDi eco 70<br \/>\n(2001-2009) 68hp<br \/>\n206SW 1.4 HDi eco 70<br \/>\n(2002-2007) 68hp<br \/>\n206+ 1.4 HDi eco 70<br \/>\n(01.2009-06.2013) 68hp<br \/>\n207cc 1.6 HDi<br \/>\n(08.2009-10.2013) 112hp<br \/>\n207SW 1.6 HDi<br \/>\n(11.2009-12.2013) 92hp<br \/>\n207SW 1.6 HDi<br \/>\n(08.2009-10.2013) 112hp<br \/>\n207\/207+ 1.4 HDi<br \/>\n(02.2006-12.2015) 68hp<br \/>\n207\/207+ 1.6 HDi<br \/>\n(11.2009-12.2012) 92hp<br \/>\n207\/207+ 1.6 HDi 110<br \/>\n(08.2009-12.2012) 112hp<br \/>\n208 Van &#8211; 3\/5 doors 1.4 HDi 68<br \/>\n(10.2012-) 68ch<br \/>\n208 Van &#8211; 3\/5 doors 1.6 BlueHDi 75<br \/>\n(04.2015-) 75ch<br \/>\n208 Van &#8211; 3\/5 doors 1.6 HDi 92<br \/>\n(03.2014-) 92ch<br \/>\n208 I 1.4 HDi<br \/>\n(03.2012-) 68ch<br \/>\n208 I 1.6 BlueHDi 100<br \/>\n(01.2015-) 100hp<br \/>\n208 I 1.6 BlueHDi 120<br \/>\n(11.2013-) 120ch<br \/>\n208 I 1.6 HDi<br \/>\n(03.2012-) 92ch<br \/>\n208 I 1.6 HDi<br \/>\n(09.2016-) 94hp<br \/>\n208 I 1.6 HDi<br \/>\n(03.2012-) 114hp<br \/>\n208 I 1.6 HDi<br \/>\n(04.2014-) 116hp<br \/>\n208 I 1.6 HDi \/ BlueHDi 75<br \/>\n(01.2013-) 75ch<br \/>\n3008 MPV 1.6 BlueHDi 120<br \/>\n(05.2014-08.2016) 120hp<br \/>\n3008 MPV 1.6 HDi<br \/>\n(12.2009-08.2016) 112hp<br \/>\n3008 MPV 1.6 HDi<br \/>\n(03.2013-08.2016) 114hp<br \/>\n3008 MPV 1.6 HDi 115 \/ BlueHDi 115<br \/>\n(02.2013-08.2016) 116hp<br \/>\n3008 SUV 1.6 BlueHDi 100<br \/>\n(11.2016-) 100hp<br \/>\n3008 SUV 1.6 BlueHDi 115<br \/>\n(11.2016-) 116hp<br \/>\n3008 SUV 1.6 BlueHDi 120<br \/>\n(05.2016-) 120ch<br \/>\n301 1.6 BlueHDi 100<br \/>\n(04.2014-) 99hp<br \/>\n301 1.6 HDI 90<br \/>\n(11.2012-) 92hp<br \/>\n308cc 1.6 HDi<br \/>\n(06.2009-12.2014) 112hp<br \/>\n308cc 1.6 HDi<br \/>\n(03.2013-12.2014) 114hp<br \/>\n308 Pickup &#8211; 3\/5 doors 1.6 e-HDi 115<br \/>\n(03.2015-06.2021) 116hp<br \/>\n308 I 1.6 HDi<br \/>\n(11.2009-10.2014) 92hp<br \/>\n308 I 1.6 HDi<br \/>\n(12.2009-10.2014) 112hp<br \/>\n308 I 1.6 HDi<br \/>\n(03.2013-10.2014) 114hp<br \/>\n308 II 1.6 BlueHDi 120<br \/>\n(11.2013-06.2021) 120hp<br \/>\n308 II 1.6 HDi<br \/>\n(09.2013-06.2021) 92hp<br \/>\n308 II 1.6 HDi \/ BlueHDi 115<br \/>\n(09.2013-06.2021) 115hp<br \/>\n308 II 1.6 HDi 100<br \/>\n(04.2014-06.2021) 99hp<br \/>\n308 SW I 1.6 HDi<br \/>\n(03.2013-10.2014) 114hp<br \/>\n308 SW I 1.6 HDi<br \/>\n(11.2009-10.2014) 92hp<br \/>\n308 SW I 1.6 HDi<br \/>\n(12.2009-10.2014) 112hp<br \/>\n308 SW II 1.6 BlueHDi 100<br \/>\n(04.2014-06.2021) 99hp<br \/>\n308 SW II 1.6 BlueHDi 120<br \/>\n(03.2014-06.2021) 120hp<br \/>\n308 SW II 1.6 HDi \/ BlueHDi 115<br \/>\n(03.2014-06.2021) 115hp<br \/>\n308 SW II 1.6 HDi 92<br \/>\n(03.2014-06.2021) 92hp<br \/>\n308 SW II Van\/Estate 1.6 BlueHDi<br \/>\n(04.2014-06.2021) 99hp<br \/>\n4008 1.6 HDi<br \/>\n(05.2012-) 114hp<br \/>\n4008 1.6 HDi AWC<br \/>\n(05.2012-) 114hp<br \/>\n5008 1.6 BlueHDi 120<br \/>\n(05.2014-03.2017) 120hp<br \/>\n5008 1.6 HDi<br \/>\n(08.2010-03.2017) 112hp<br \/>\n5008 1.6 HDi<br \/>\n(03.2013-03.2017) 114hp<br \/>\n5008 II 1.6 BlueHDi 100<br \/>\n(12.2016-) 99hp<br \/>\n5008 II 1.6 BlueHDi 115<br \/>\n(12.2016-) 116hp<br \/>\n5008 II 1.6 BlueHDi 120<br \/>\n(12.2016-) 120ch<br \/>\n508 I 1.6 BlueHDi 120<br \/>\n(03.2014-12.2018) 120hp<br \/>\n508 I 1.6 HDi<br \/>\n(11.2010-12.2018) 112hp<br \/>\n508 I 1.6 HDi<br \/>\n(02.2012-12.2018) 115hp<br \/>\n508 I 1.6 HDi<br \/>\n(09.2014-12.2018) 116hp<br \/>\n508 SW I 1.6 BlueHDi 120<br \/>\n(03.2014-12.2018) 120hp<br \/>\n508 SW I 1.6 HDi<br \/>\n(11.2010-12.2018) 112hp<br \/>\n508 SW I 1.6 HDi<br \/>\n(02.2012-12.2018) 115hp<br \/>\n508 SW I 1.6 HDi<br \/>\n(09.2014-12.2018) 116hp<br \/>\nEXPERT Bus\/Coach 1.6 BlueHDi 115<br \/>\n(04.2016-) 115hp<br \/>\nEXPERT Bus\/Coach 1.6 BlueHDi 95<br \/>\n(04.2016-) 95hp<br \/>\nEXPERT Platform\/Chassis 1.6 BlueHDi 95<br \/>\n(09.2016-) 95hp<br \/>\nEXPERT Platform\/Chassis 1.6 HDi 90 8V<br \/>\n(01.2007-) 90ch<br \/>\nEXPERT Van 1.6 HDi 90 8V<br \/>\n(01.2007-) 90ch<br \/>\nEXPERT Van 1.6 BlueHDi 115<br \/>\n(04.2016-) 115hp<br \/>\nEXPERT Van 1.6 BlueHDi 95<br \/>\n(04.2016-) 95hp<br \/>\nTEPEE EXPERT 1.6 HDi 90 8V<br \/>\n(01.2007-03.2016) 90hp<br \/>\nPARTNER Platform\/Chassis 1.6 BlueHDi 100<br \/>\n(04.2015-) 100hp<br \/>\nPARTNER Platform\/Chassis 1.6 HDi<br \/>\n(03.2013-) 90ch<br \/>\nPARTNER Van\/Minivan 1.6 HDi 75<br \/>\n(08.2005-07.2008) 75hp<br \/>\nPARTNER Van\/Minivan 1.6 BlueHDI 100<br \/>\n(09.2018-) 99hp<br \/>\nPARTNER Van\/Minivan 1.6 BlueHDi 100<br \/>\n(04.2015-) 100hp<br \/>\nPARTNER Van\/Minivan 1.6 BlueHDi 120<br \/>\n(04.2015-) 120ch<br \/>\nPARTNER Van\/Minivan 1.6 HDi<br \/>\n(12.2011-) 90ch<br \/>\nPARTNER Van\/Minivan 1.6 HDi<br \/>\n(03.2013-) 114hp<br \/>\nPARTNER Van\/Minivan 1.6 HDi \/ BlueHDi 75<br \/>\n(07.2011-) 75ch<br \/>\nPARTNER Van\/Minivan 1.6 HDi 16V<br \/>\n(04.2010-) 92ch<br \/>\nPARTNER Van\/Minivan 1.6 HDi 90<br \/>\n(04.2010-) 92ch<br \/>\nTEPEE PARTNER 1.6 BlueHDi 100<br \/>\n(12.2014-) 100hp<br \/>\nTEPEE PARTNER 1.6 BlueHDi 100 4&#215;4<br \/>\n(04.2015-) 100hp<br \/>\nTEPEE PARTNER 1.6 BlueHDi 120<br \/>\n(12.2014-) 120ch<br \/>\nTEPEE PARTNER 1.6 HDi<br \/>\n(03.2013-) 90ch<br \/>\nTEPEE PARTNER 1.6 HDi<br \/>\n(08.2010-) 112ch<br \/>\nTEPEE PARTNER 1.6 HDi<br \/>\n(03.2013-) 114hp<br \/>\nTEPEE PARTNER 1.6 HDi \/ BlueHDi 75<br \/>\n(06.2008-12.2018) 75ch<br \/>\nTEPEE PARTNER 1.6 HDi 90<br \/>\n(04.2010-) 92ch<br \/>\nTRAVELER Bus\/Coach 1.6 BlueHDi 115<br \/>\n(04.2016-) 115hp<br \/>\nTRAVELER Bus\/Coach 1.6 BlueHDi 95<br \/>\n(04.2016-) 95hp<\/p>\n<p>Compatible for TOYOTA:<\/p>\n<p>AYGO 1.4 D4d<br \/>\n(07.2005-08.2010) 54hp<br \/>\nPROACE Bus\/Coach 1.6 D4d<br \/>\n(02.2016-) 116hp<br \/>\nPROACE Bus\/Coach 1.6 D4d<br \/>\n(02.2016-) 95hp<br \/>\nPROACE Van 1.6D<br \/>\n(06.2013-03.2016) 90hp<br \/>\nPROACE Van 1.6 D4d<br \/>\n(02.2016-) 116hp<br \/>\nPROACE Van 1.6 D4d<br \/>\n(02.2016-) 95hp<br \/>\nPROACE VERSO Bus\/Coach 1.6 D4d<br \/>\n(02.2016-) 116hp<br \/>\nPROACE VERSO Bus\/Coach 1.6 D4d<br \/>\n(02.2016-) 95hp<\/p>\n<p>Compatible for VOLVO:<\/p>\n<p>C30 1.6 D2<br \/>\n(10.2010-12.2012) 115hp<br \/>\nS40 II 1.6 D2<br \/>\n(10.2010-12.2012) 115hp<br \/>\nS60II DRIVe \/ D2<br \/>\n(01.2011-12.2015) 114hp<br \/>\nS80 II 1.6 DRIVE<br \/>\n(06.2011-01.2014) 114hp<br \/>\nV40 3\/5 doors D2<br \/>\n(03.2012-) 114hp<br \/>\nV50 1.6 D2<br \/>\n(01.2010-12.2012) 114hp<br \/>\nV60 I 1.6 DRIVE<br \/>\n(02.2011-12.2015) 114hp<br \/>\nV70 III 1.6 DRIVe \/ D2<br \/>\n(04.2011-12.2015) 114hp<\/p>","protected":false},"excerpt":{"rendered":"<p>Caract\u00e9ristiques moteurs: 8HR (DV4C), 9HD (DV6C), 9HE (DV6DBM), 9HH (DV6DUM), 9HJ (DV6DTEDM), 9HK (DV6ETEDM), 9HL (DV6C), 9HM (DV6UC), 9HN (DV6ETED),<\/p>","protected":false},"featured_media":11186,"comment_status":"open","ping_status":"closed","template":"","meta":{"content-type":""},"product_cat":[144],"product_tag":[],"class_list":{"0":"post-11151","1":"product","2":"type-product","3":"status-publish","4":"has-post-thumbnail","6":"product_cat-non-classe","8":"first","9":"instock","10":"shipping-taxable","11":"purchasable","12":"product-type-simple"},"aioseo_notices":[],"jetpack_sharing_enabled":true,"_links":{"self":[{"href":"https:\/\/drs-auto.fr\/en\/wp-json\/wp\/v2\/product\/11151","targetHints":{"allow":["GET"]}}],"collection":[{"href":"https:\/\/drs-auto.fr\/en\/wp-json\/wp\/v2\/product"}],"about":[{"href":"https:\/\/drs-auto.fr\/en\/wp-json\/wp\/v2\/types\/product"}],"replies":[{"embeddable":true,"href":"https:\/\/drs-auto.fr\/en\/wp-json\/wp\/v2\/comments?post=11151"}],"version-history":[{"count":1,"href":"https:\/\/drs-auto.fr\/en\/wp-json\/wp\/v2\/product\/11151\/revisions"}],"predecessor-version":[{"id":11187,"href":"https:\/\/drs-auto.fr\/en\/wp-json\/wp\/v2\/product\/11151\/revisions\/11187"}],"wp:featuredmedia":[{"embeddable":true,"href":"https:\/\/drs-auto.fr\/en\/wp-json\/wp\/v2\/media\/11186"}],"wp:attachment":[{"href":"https:\/\/drs-auto.fr\/en\/wp-json\/wp\/v2\/media?parent=11151"}],"wp:term":[{"taxonomy":"product_cat","embeddable":true,"href":"https:\/\/drs-auto.fr\/en\/wp-json\/wp\/v2\/product_cat?post=11151"},{"taxonomy":"product_tag","embeddable":true,"href":"https:\/\/drs-auto.fr\/en\/wp-json\/wp\/v2\/product_tag?post=11151"}],"curies":[{"name":"wp","href":"https:\/\/api.w.org\/{rel}","templated":true}]}}