
{"id":11078,"date":"2023-10-10T16:55:19","date_gmt":"2023-10-10T14:55:19","guid":{"rendered":"https:\/\/drs-auto.fr\/?post_type=product&#038;p=11078"},"modified":"2023-10-10T20:24:09","modified_gmt":"2023-10-10T18:24:09","slug":"couvercle-filtre-a-huile-1-6-hdi-1-4-hdi","status":"publish","type":"product","link":"https:\/\/drs-auto.fr\/en\/product\/couvercle-filtre-a-huile-1-6-hdi-1-4-hdi\/","title":{"rendered":"Couvercle filtre \u00e0 huile 1.6 hdi &amp; 1.4 hdi"},"content":{"rendered":"<p>COUVERCLE BOUCHON FILTRE \u00c0 HUILE CITROEN FIAT FORD MAZDA MINI PEUGEOT<br \/>\nDESCRIPTION ET CONTENU DU PRODUIT :<br \/>\nBouchon Filtre \u00e0 Huile<\/p>\n<p>Pi\u00e8ce NEUVE &amp; DE QULAITE<br \/>\nR\u00c9F\u00c9RENCES CONSTRUCTEURS (N\u00b0 OEM) \u00c0 TITRE INDICATIF :<br \/>\n1103K4 &#8211; 1103.K4 &#8211; 1103 K4 &#8211; 9641880380 &#8211; 1145964 &#8211; 2S6Q6737AA &#8211; Y40114309 &#8211; 11427805979 &#8211; 7805979<\/p>\n<p>AFFECTATIONS V\u00c9HICULES :<br \/>\nCITRO\u00cbN<\/p>\n<p>    Berlingo (B9) Break &#8211;  1.6 HDi 75 cv , 1.6 HDi 90 cv , 1.6 HDi 110 cv<br \/>\n    Berlingo (B9) Utilitaire &#8211;  1.6 HDi Fourgon 75 cv , 1.6 HDi Fourgon 92 cv<br \/>\n    Berlingo (M59) Break &#8211;  1.6 HDi 92cv , 1.6 HDi 75cv<br \/>\n    Berlingo (M59) Utilitaire &#8211;  1.6 HDi Fourgon 75cv , 1.6 HDi Fourgon 92cv<br \/>\n    C2 &#8211;  1.4 HDi 68cv Sensodrive Entreprise , 1.4 HDi 70cv Sensodrive , 1.4 HDi 68cv , 1.4 HDi Entreprise 68cv , 1.4 HDi 68cv Sensodrive<br \/>\n    C3 &#8211;  1.4 HDi Entreprise 68cv , 1.4 HDi 68cv , 1.4 HDi Sensodrive 68 cv<br \/>\n    C4 &#8211;  1.6 HDi 16V 90cv , 1.6 HDi 16V 110cv , 1.6 HDi 110 cv<br \/>\n    C4 Coup\u00e9 &#8211;  1.6 HDi 16V 90cv , 1.6 HDi FAP 16V BMP6 (bo\u00eete pilot\u00e9e) 110cv , 1.6 HDi FAP 16V Entreprise 110cv , 1.6 HDi 16V Entreprise 90cv<br \/>\n    C5 (X7) Tourer &#8211;  1.6 HDi FAP 110 cv<br \/>\n    C5 Phase 2 &#8211;  1.6 HDi 16V 110cv<br \/>\n    C5 Phase 2 Break &#8211;  1.6 HDi 16V 110cv<br \/>\n    Dispatch II VP &#8211;  1.6 HDi Combi 90cv<br \/>\n    Dispatch III VUL &#8211;  1.6 HDi Fourgon 90cv<br \/>\n    Jumpy III VP &#8211;  1.6 HDi Combi court 90cv<br \/>\n    Jumpy III VUL &#8211;  1.6 HDi 90cv Plancher cabine , 1.6 HDi 90cv Fourgon court<br \/>\n    Nemo &#8211;  1.4 HDi Fourgon 70 cv<br \/>\n    Xsara Berline Phase 2 (N1) &#8211;  1.4 HDi 70cv , 1.4 HDi 70cv<br \/>\n    Xsara Break Phase 2 (N2) &#8211;  1.4 HDi Entreprise 70cv , 1.4 HDi 70cv<br \/>\n    Xsara Coup\u00e9 Phase 2 (N0) &#8211;  1.4 HDi 70cv , 1.4 HDi Entreprise 70cv<br \/>\n    Xsara Picasso &#8211;   1.6 HDi 16V 90cv ,  1.6 HDi 16V 110cv<\/p>\n<p>FIAT<\/p>\n<p>    Scudo II VUL &#8211;  1.6 Multijet Fourgon 90cv , 1.6 Multijet Plancher cabine 90cv<\/p>\n<p>FORD<\/p>\n<p>    Fiesta V &#8211;  1.4 TDCi 68cv , 1.4 TDCi 68cv Durashift (bo\u00eete pilot\u00e9e) , 1.6 TDCi 90cv , 1.4 TDCi 68cv (Commercial)<br \/>\n    Fiesta V Phase 2 &#8211;  1.4 TDCi 68cv , 1.6 TDCi 16V 90cv<br \/>\n    Focus II Hatchback &#8211;  1.6 TDCi 90cv , 1.6 TDCi 90cv<br \/>\n    Focus C-Max &#8211;  1.6 TDCi 90cv , 1.6 TDCi 110cv , 1.6 TDCi 90cv Durashift , 1.6 TDCi 110cv Durashift<br \/>\n    Focus II Berline &#8211;  1.6 TDCi DPF 110cv , 1.6 TDCi 90cv , 1.6 TDCi 90cv<br \/>\n    Focus II Clipper &#8211;  1.6 TDCi Break 90cv , 1.6 TDCi Break 90cv , 1.6 TDCi Break 110cv<\/p>\n<p>MINI<\/p>\n<p>    MINI (R50\/53) &#8211;  Cooper 1.6 i 115cv , One 1.6 i 90cv , Cooper 1.6 i (Bo\u00eete pilot\u00e9e ) 115cv , One 1.6 i 90cv<\/p>\n<p>PEUGEOT<\/p>\n<p>    1007 &#8211;  1.4 HDi 70cv , 1.6 HDi FAP 110cv , 1.4 HDi Avant premi\u00e8re 70cv<br \/>\n    206 &#8211;  1.4 HDi 68cv , 1.4 HDi Affaire 68cv , 1.6 HDi 110cv , 1.4 HDi 70cv<br \/>\n    206 SW &#8211;  1.4 HDi 68cv , 1.4 HDi 70cv , 1.6 HDi 16V 110cv<br \/>\n    207 3 portes &#8211;  1.6 HDi Affaire 90cv , 1.6 HDi 90cv , 1.6 HDi 16V 110cv<br \/>\n    207 CC &#8211;  1.6 HDi 110cv<br \/>\n    207 SW &#8211;  1.6 HDi 110cv<br \/>\n    307 &#8211;  1.4 HDi 70cv , 1.4 HDi 70cv , 1.6 HDi 16V 90cv<br \/>\n    307 Restyl\u00e9e &#8211;  1.6 HDi 16V Affaire 90cv , 1.6 HDi 16V 90cv<br \/>\n    307 Break &#8211;  1.4 HDi 70cv<br \/>\n    307 Restyl\u00e9e Break &#8211;  1.6 HDi 16V 90cv<br \/>\n    307 Restyl\u00e9e SW &#8211;  1.6 HDi 16V 110cv<br \/>\n    307 SW &#8211;  1.6 HDi 16V 110cv<br \/>\n    308 3 Portes &#8211;  1.6 HDi 16V 90 cv , 1.6 HDi FAP 110 cv<br \/>\n    407 Berline &#8211;  1.6 HDi 110cv<br \/>\n    407 Space Wagon &#8211;  1.6 HDi 16V 110cv<br \/>\n    Expert III VUL &#8211;  227 1.6 HDi Fourgon 90cv , 229 1.6 HDi Plancher cabine 90cv , 229 1.6 HDi Fourgon 90cv<br \/>\n    Partner (M59) Break &#8211;  1.6 HDi 92cv , 1.6 HDi 75cv<br \/>\n    Partner (M59) Utilitaire &#8211;  1.6 HDi Fourgon 90cv , 1.6 HDi Fourgon 75cv<\/p>","protected":false},"excerpt":{"rendered":"<p>COUVERCLE BOUCHON FILTRE \u00c0 HUILE CITROEN FIAT FORD MAZDA MINI PEUGEOT DESCRIPTION ET CONTENU DU PRODUIT : Bouchon Filtre \u00e0<\/p>","protected":false},"featured_media":11163,"comment_status":"open","ping_status":"closed","template":"","meta":{"content-type":""},"product_cat":[144],"product_tag":[],"class_list":{"0":"post-11078","1":"product","2":"type-product","3":"status-publish","4":"has-post-thumbnail","6":"product_cat-non-classe","8":"first","9":"instock","10":"sold-individually","11":"shipping-taxable","12":"purchasable","13":"product-type-simple"},"aioseo_notices":[],"jetpack_sharing_enabled":true,"_links":{"self":[{"href":"https:\/\/drs-auto.fr\/en\/wp-json\/wp\/v2\/product\/11078","targetHints":{"allow":["GET"]}}],"collection":[{"href":"https:\/\/drs-auto.fr\/en\/wp-json\/wp\/v2\/product"}],"about":[{"href":"https:\/\/drs-auto.fr\/en\/wp-json\/wp\/v2\/types\/product"}],"replies":[{"embeddable":true,"href":"https:\/\/drs-auto.fr\/en\/wp-json\/wp\/v2\/comments?post=11078"}],"version-history":[{"count":1,"href":"https:\/\/drs-auto.fr\/en\/wp-json\/wp\/v2\/product\/11078\/revisions"}],"predecessor-version":[{"id":11165,"href":"https:\/\/drs-auto.fr\/en\/wp-json\/wp\/v2\/product\/11078\/revisions\/11165"}],"wp:featuredmedia":[{"embeddable":true,"href":"https:\/\/drs-auto.fr\/en\/wp-json\/wp\/v2\/media\/11163"}],"wp:attachment":[{"href":"https:\/\/drs-auto.fr\/en\/wp-json\/wp\/v2\/media?parent=11078"}],"wp:term":[{"taxonomy":"product_cat","embeddable":true,"href":"https:\/\/drs-auto.fr\/en\/wp-json\/wp\/v2\/product_cat?post=11078"},{"taxonomy":"product_tag","embeddable":true,"href":"https:\/\/drs-auto.fr\/en\/wp-json\/wp\/v2\/product_tag?post=11078"}],"curies":[{"name":"wp","href":"https:\/\/api.w.org\/{rel}","templated":true}]}}