
{"id":11076,"date":"2023-10-10T16:55:19","date_gmt":"2023-10-10T14:55:19","guid":{"rendered":"https:\/\/drs-auto.fr\/?post_type=product&#038;p=11076"},"modified":"2024-04-25T21:37:17","modified_gmt":"2024-04-25T19:37:17","slug":"arbre-a-came-pour-renault-1-5-dci-106ch","status":"publish","type":"product","link":"https:\/\/drs-auto.fr\/en\/product\/arbre-a-came-pour-renault-1-5-dci-106ch\/","title":{"rendered":"Arbre \u00e0 came pour Renault 1.5 dci 106ch"},"content":{"rendered":"<p>Le(s) num\u00e9ro(s) de r\u00e9f\u00e9rence OEM comparable(s) avec le num\u00e9ro de la pi\u00e8ce originale<\/p>\n<p>OEN 82 00 089 894 \u2014 DACIA<\/p>\n<p>OEN 82 00 190 228 \u2014 DACIA<\/p>\n<p>OEN 82 00 255 678 \u2014 DACIA<\/p>\n<p>OEN 82 00 987 301 \u2014 DACIA<\/p>\n<p>OEN 13001-00Q0F \u2014 NISSAN<\/p>\n<p>OEN 13001-00Q0M \u2014 NISSAN<\/p>\n<p>OEN 13001-00Q0P \u2014 NISSAN<\/p>\n<p>OEN 13001-00QAG \u2014 NISSAN<\/p>\n<p>OEN 13001-BN700 \u2014 NISSAN<\/p>\n<p>OEN 82002-55678 \u2014 NISSAN<\/p>\n<p>OEN 82 00 089 894 \u2014 RENAULT<\/p>\n<p>OEN 82 00 190 228 \u2014 RENAULT<\/p>\n<p>OEN 82 00 255 678 \u2014 RENAULT<\/p>\n<p>OEN 82 00 987 301 \u2014 RENAULT<\/p>","protected":false},"excerpt":{"rendered":"<p>Le(s) num\u00e9ro(s) de r\u00e9f\u00e9rence OEM comparable(s) avec le num\u00e9ro de la pi\u00e8ce originale OEN 82 00 089 894 \u2014 DACIA<\/p>","protected":false},"featured_media":11159,"comment_status":"open","ping_status":"closed","template":"","meta":{"content-type":""},"product_cat":[126,125,144],"product_tag":[],"class_list":{"0":"post-11076","1":"product","2":"type-product","3":"status-publish","4":"has-post-thumbnail","6":"product_cat-arbre-a-came","7":"product_cat-haut-moteur","8":"product_cat-non-classe","10":"first","11":"instock","12":"sold-individually","13":"shipping-taxable","14":"purchasable","15":"product-type-simple"},"aioseo_notices":[],"jetpack_sharing_enabled":true,"_links":{"self":[{"href":"https:\/\/drs-auto.fr\/en\/wp-json\/wp\/v2\/product\/11076","targetHints":{"allow":["GET"]}}],"collection":[{"href":"https:\/\/drs-auto.fr\/en\/wp-json\/wp\/v2\/product"}],"about":[{"href":"https:\/\/drs-auto.fr\/en\/wp-json\/wp\/v2\/types\/product"}],"replies":[{"embeddable":true,"href":"https:\/\/drs-auto.fr\/en\/wp-json\/wp\/v2\/comments?post=11076"}],"version-history":[{"count":1,"href":"https:\/\/drs-auto.fr\/en\/wp-json\/wp\/v2\/product\/11076\/revisions"}],"predecessor-version":[{"id":11160,"href":"https:\/\/drs-auto.fr\/en\/wp-json\/wp\/v2\/product\/11076\/revisions\/11160"}],"wp:featuredmedia":[{"embeddable":true,"href":"https:\/\/drs-auto.fr\/en\/wp-json\/wp\/v2\/media\/11159"}],"wp:attachment":[{"href":"https:\/\/drs-auto.fr\/en\/wp-json\/wp\/v2\/media?parent=11076"}],"wp:term":[{"taxonomy":"product_cat","embeddable":true,"href":"https:\/\/drs-auto.fr\/en\/wp-json\/wp\/v2\/product_cat?post=11076"},{"taxonomy":"product_tag","embeddable":true,"href":"https:\/\/drs-auto.fr\/en\/wp-json\/wp\/v2\/product_tag?post=11076"}],"curies":[{"name":"wp","href":"https:\/\/api.w.org\/{rel}","templated":true}]}}