
{"id":11017,"date":"2023-10-10T16:54:58","date_gmt":"2023-10-10T14:54:58","guid":{"rendered":"https:\/\/drs-auto.fr\/?post_type=product&#038;p=11017"},"modified":"2024-11-23T05:29:05","modified_gmt":"2024-11-23T04:29:05","slug":"carter-dhuile-2-2hdi-128-136cv-0301-j6-pour-citroen-c5-c8-peugeot-406-607-807-2","status":"publish","type":"product","link":"https:\/\/drs-auto.fr\/en\/product\/carter-dhuile-2-2hdi-128-136cv-0301-j6-pour-citroen-c5-c8-peugeot-406-607-807-2\/","title":{"rendered":"CARTER D&rsquo;HUILE 2.2HDI  128\/136CV 0301.J6 POUR CITROEN C5 C8 PEUGEOT 406 607 807"},"content":{"rendered":"","protected":false},"excerpt":{"rendered":"<p><center><\/center><strong>VEHICULES COMPATIBLE :<\/strong><\/p>\n<p>Citroen C5 &#8211; (2000) 2,2 HDI<\/p>\n<p>Citroen C8 &#8211; (2002) 2,2 HDI<\/p>\n<p>Peugeot 406 &#8211; (2000-2004) 2,2 HDI<\/p>\n<p>Peugeot 607 &#8211; (2000) 2,2 HDI<\/p>\n<p>Peugeot 807 &#8211; (2002) 2,2 HDI<\/p>\n<p>Fiat Ulysse 2.2 JTD \/ 2,2 JTD<\/p>\n<p>Lancia Zeta 2.2JTD<\/p>\n<p><strong>R\u00e9f\u00e9rences \u00e9quivalentes OE \/OEM<\/strong> :<\/p>\n<p>0301.J6<\/p>\n<p>0301J6<\/p>\n<p>9637605380<\/p>\n<p>9686822880<\/p>\n<p>&nbsp;<\/p>\n<p>&nbsp;<\/p>","protected":false},"featured_media":11135,"comment_status":"open","ping_status":"closed","template":"","meta":{"content-type":""},"product_cat":[143,129],"product_tag":[],"class_list":{"0":"post-11017","1":"product","2":"type-product","3":"status-publish","4":"has-post-thumbnail","6":"product_cat-carter-dhuile","7":"product_cat-lubrification","9":"first","10":"instock","11":"shipping-taxable","12":"purchasable","13":"product-type-simple"},"aioseo_notices":[],"jetpack_sharing_enabled":true,"_links":{"self":[{"href":"https:\/\/drs-auto.fr\/en\/wp-json\/wp\/v2\/product\/11017","targetHints":{"allow":["GET"]}}],"collection":[{"href":"https:\/\/drs-auto.fr\/en\/wp-json\/wp\/v2\/product"}],"about":[{"href":"https:\/\/drs-auto.fr\/en\/wp-json\/wp\/v2\/types\/product"}],"replies":[{"embeddable":true,"href":"https:\/\/drs-auto.fr\/en\/wp-json\/wp\/v2\/comments?post=11017"}],"version-history":[{"count":1,"href":"https:\/\/drs-auto.fr\/en\/wp-json\/wp\/v2\/product\/11017\/revisions"}],"predecessor-version":[{"id":11137,"href":"https:\/\/drs-auto.fr\/en\/wp-json\/wp\/v2\/product\/11017\/revisions\/11137"}],"wp:featuredmedia":[{"embeddable":true,"href":"https:\/\/drs-auto.fr\/en\/wp-json\/wp\/v2\/media\/11135"}],"wp:attachment":[{"href":"https:\/\/drs-auto.fr\/en\/wp-json\/wp\/v2\/media?parent=11017"}],"wp:term":[{"taxonomy":"product_cat","embeddable":true,"href":"https:\/\/drs-auto.fr\/en\/wp-json\/wp\/v2\/product_cat?post=11017"},{"taxonomy":"product_tag","embeddable":true,"href":"https:\/\/drs-auto.fr\/en\/wp-json\/wp\/v2\/product_tag?post=11017"}],"curies":[{"name":"wp","href":"https:\/\/api.w.org\/{rel}","templated":true}]}}