
{"id":11016,"date":"2023-10-10T16:54:58","date_gmt":"2023-10-10T14:54:58","guid":{"rendered":"https:\/\/drs-auto.fr\/?post_type=product&#038;p=11016"},"modified":"2023-10-10T20:23:33","modified_gmt":"2023-10-10T18:23:33","slug":"amortisseur-2pc-arriere-gauche-droite-amortisseur-pour-audi-a6-c5-allroad-4z7513031a-4z7513032a-1999-2006-7","status":"publish","type":"product","link":"https:\/\/drs-auto.fr\/en\/product\/amortisseur-2pc-arriere-gauche-droite-amortisseur-pour-audi-a6-c5-allroad-4z7513031a-4z7513032a-1999-2006-7\/","title":{"rendered":"Amortisseur 2PC Arri\u00e8re Gauche + Droite Amortisseur Pour AUDI A6 C5 ALLROAD 4Z7513031A 4Z7513032A 1999-2006"},"content":{"rendered":"<div id=\"presContent\" class=\"fpBlk testSep extCode\">Paire Amortisseur Amortisseur Arri\u00e8re Gauche Et Droite Arri\u00e8re Pour AUDI A6 C5 ALLROAD &#8211; NEUF Stock, exp\u00e9dition et garantie Articles en stock Exp\u00e9dition imm\u00e9diate Prix imbattable Garantie de qualit\u00e9: 24 mois \u00a0 \u00a0 \u00a0 \u00a0 Num\u00e9ro de pi\u00e8ce OEM \u00a0\u00a0\u00a0\u00a0 Arri\u00e8re gauche 4Z7 513 031 A 4Z7513031A Arri\u00e8re droit 4Z7 513 032 A 4Z7513032A \u00a0 \u00a0 \u00a0 \u00a0\u00a0 Fit pour les suivants: Audi A6 C5 1999-2006 Hersteller: Audi Mod\u00e8le: A6 Plate-forme: C5 \/ 4B \/ Allroad \/ Quattro Baujahr: Audi A6 C5 1999-2006 \u00a0\u00a0\u00a0\u00a0\u00a0\u00a0\u00a0\u00a0\u00a0\u00a0\u00a0\u00a0\u00a0\u00a0\u00a0\u00a0\u00a0\u00a0\u00a0\u00a0 Audi Allroad Quattro Wagon (C5) 2001-2005 Bauart: Hinten, Liens<\/div>\n<div id=\"desc\" class=\"anchor\"><\/div>\n<div id=\"descContent\" class=\"fpBlk testSep\" data-cs-override-id=\"Descriptif\">\n<p class=\"fpMb\">Num\u00e9ro de pi\u00e8ce OEM \u00a0\u00a0\u00a0\u00a0 Arri\u00e8re gauche 4Z7 513 031 A 4Z7513031A Arri\u00e8re droit 4Z7 513 032 A 4Z7513032A \u00a0 \u00a0 \u00a0 \u00a0\u00a0 Fit pour les suivants: Audi A6 C5 1999-2006 Hersteller: Audi Mod\u00e8le: A6 Plate-forme: C5 \/ 4B \/ Allroad \/ Quattro Baujahr: Audi A6 C5 1<\/p>\n<\/div>","protected":false},"excerpt":{"rendered":"<div id=\"presContent\" class=\"fpBlk testSep extCode\">Paire Amortisseur Amortisseur Arri\u00e8re Gauche Et Droite Arri\u00e8re Pour AUDI A6 C5 ALLROAD &#8211; NEUF Stock, exp\u00e9dition et garantie Articles en stock Exp\u00e9dition imm\u00e9diate Prix imbattable Garantie de qualit\u00e9: 24 mois \u00a0 \u00a0 \u00a0 \u00a0 Num\u00e9ro de pi\u00e8ce OEM \u00a0\u00a0\u00a0\u00a0 Arri\u00e8re gauche 4Z7 513 031 A 4Z7513031A Arri\u00e8re droit 4Z7 513 032 A 4Z7513032A \u00a0 \u00a0 \u00a0 \u00a0\u00a0 Fit pour les suivants: Audi A6 C5 1999-2006 Hersteller: Audi Mod\u00e8le: A6 Plate-forme: C5 \/ 4B \/ Allroad \/ Quattro Baujahr: Audi A6 C5 1999-2006 \u00a0\u00a0\u00a0\u00a0\u00a0\u00a0\u00a0\u00a0\u00a0\u00a0\u00a0\u00a0\u00a0\u00a0\u00a0\u00a0\u00a0\u00a0\u00a0\u00a0 Audi Allroad Quattro Wagon (C5) 2001-2005 Bauart: Hinten, Liens<\/div>\n<div id=\"desc\" class=\"anchor\"><\/div>\n<div id=\"descContent\" class=\"fpBlk testSep\" data-cs-override-id=\"Descriptif\">\n<p class=\"fpMb\">Num\u00e9ro de pi\u00e8ce OEM \u00a0\u00a0\u00a0\u00a0 Arri\u00e8re gauche 4Z7 513 031 A 4Z7513031A Arri\u00e8re droit 4Z7 513 032 A 4Z7513032A \u00a0 \u00a0 \u00a0 \u00a0\u00a0 Fit pour les suivants: Audi A6 C5 1999-2006 Hersteller: Audi Mod\u00e8le: A6 Plate-forme: C5 \/ 4B \/ Allroad \/ Quattro Baujahr: Audi A6 C5 1<\/p>\n<\/div>","protected":false},"featured_media":0,"comment_status":"closed","ping_status":"closed","template":"","meta":{"content-type":""},"product_cat":[144],"product_tag":[],"class_list":{"0":"post-11016","1":"product","2":"type-product","3":"status-publish","5":"product_cat-non-classe","7":"first","8":"outofstock","9":"shipping-taxable","10":"purchasable","11":"product-type-simple"},"aioseo_notices":[],"jetpack_sharing_enabled":true,"_links":{"self":[{"href":"https:\/\/drs-auto.fr\/en\/wp-json\/wp\/v2\/product\/11016","targetHints":{"allow":["GET"]}}],"collection":[{"href":"https:\/\/drs-auto.fr\/en\/wp-json\/wp\/v2\/product"}],"about":[{"href":"https:\/\/drs-auto.fr\/en\/wp-json\/wp\/v2\/types\/product"}],"replies":[{"embeddable":true,"href":"https:\/\/drs-auto.fr\/en\/wp-json\/wp\/v2\/comments?post=11016"}],"version-history":[{"count":1,"href":"https:\/\/drs-auto.fr\/en\/wp-json\/wp\/v2\/product\/11016\/revisions"}],"predecessor-version":[{"id":11134,"href":"https:\/\/drs-auto.fr\/en\/wp-json\/wp\/v2\/product\/11016\/revisions\/11134"}],"wp:attachment":[{"href":"https:\/\/drs-auto.fr\/en\/wp-json\/wp\/v2\/media?parent=11016"}],"wp:term":[{"taxonomy":"product_cat","embeddable":true,"href":"https:\/\/drs-auto.fr\/en\/wp-json\/wp\/v2\/product_cat?post=11016"},{"taxonomy":"product_tag","embeddable":true,"href":"https:\/\/drs-auto.fr\/en\/wp-json\/wp\/v2\/product_tag?post=11016"}],"curies":[{"name":"wp","href":"https:\/\/api.w.org\/{rel}","templated":true}]}}