
{"id":11015,"date":"2023-10-10T16:54:57","date_gmt":"2023-10-10T14:54:57","guid":{"rendered":"https:\/\/drs-auto.fr\/?post_type=product&#038;p=11015"},"modified":"2024-04-25T21:47:57","modified_gmt":"2024-04-25T19:47:57","slug":"amortisseur-suspension-pneumatique-arriere-7l6616503b-pour-cayenne-touareg-q7-audi-porsche-7","status":"publish","type":"product","link":"https:\/\/drs-auto.fr\/en\/product\/amortisseur-suspension-pneumatique-arriere-7l6616503b-pour-cayenne-touareg-q7-audi-porsche-7\/","title":{"rendered":"Amortisseur Suspension Pneumatique Arri\u00e8re 7L6616503B pour Cayenne Touareg Q7 Audi Porsche"},"content":{"rendered":"<p>Num\u00e9ro de pi\u00e8ce OEM pour Audi 7L6 616 503 B, 7L6616503B pour Porsche 9553585032<\/p>\n<div id=\"presContent\" class=\"fpBlk testSep extCode\">\n<p><b>Num\u00e9ro OEM :<\/b><\/p>\n<p>Porsche: 95535850321, 95535850331<\/p>\n<p>Audi \/ VW: 7L6616503B<\/p>\n<p>Fits to air strut:<\/p>\n<p>7L6 616 020 A; 7L6616020A<\/p>\n<p>7L6 616 020 D, 7L6616020D<\/p>\n<p>7L6 616 020 E; 7L6616020E<\/p>\n<p>7L6 616 019 A; 7L6616019A<\/p>\n<p>7L6 616 019 D; 7L6616019D<\/p>\n<p>7L6 616 019 E; 7L6616019E<\/p>\n<p><b>(R\u00e9f\u00e9rez-vous le Num\u00e9ro OEM sur le corps de votre ancien produit pour choisir le produit s&rsquo;il vous pla\u00eet)<\/b><\/p>\n<p><b>Compatibilit\u00e9\uff1a<\/b><\/p>\n<p>PORSCHE Cayenne 2003-2010 (all, w\/ air suspension)<\/p>\n<p>VOLKSWAGEN Touareg 2002-2010 (all, w\/ air suspension)<\/p>\n<p>AUDI Q7 2007-2010 (all, w\/ air suspension)<\/p>\n<\/div>\n<div id=\"desc\" class=\"anchor\"><\/div>\n<div id=\"descContent\" class=\"fpBlk testSep\" data-cs-override-id=\"Descriptif\"><\/div>","protected":false},"excerpt":{"rendered":"<p>Num\u00e9ro de pi\u00e8ce OEM pour Audi 7L6 616 503 B, 7L6616503B pour Porsche 9553585032<\/p>\n<div id=\"presContent\" class=\"fpBlk testSep extCode\">\n<p><b>Num\u00e9ro OEM :<\/b><\/p>\n<p>Porsche: 95535850321, 95535850331<\/p>\n<p>Audi \/ VW: 7L6616503B<\/p>\n<p>Fits to air strut:<\/p>\n<p>7L6 616 020 A; 7L6616020A<\/p>\n<p>7L6 616 020 D, 7L6616020D<\/p>\n<p>7L6 616 020 E; 7L6616020E<\/p>\n<p>7L6 616 019 A; 7L6616019A<\/p>\n<p>7L6 616 019 D; 7L6616019D<\/p>\n<p>7L6 616 019 E; 7L6616019E<\/p>\n<p><b>(R\u00e9f\u00e9rez-vous le Num\u00e9ro OEM sur le corps de votre ancien produit pour choisir le produit s&rsquo;il vous pla\u00eet)<\/b><\/p>\n<p><b>Compatibilit\u00e9\uff1a<\/b><\/p>\n<p>PORSCHE Cayenne 2003-2010 (all, w\/ air suspension)<\/p>\n<p>VOLKSWAGEN Touareg 2002-2010 (all, w\/ air suspension)<\/p>\n<p>AUDI Q7 2007-2010 (all, w\/ air suspension)<\/p>\n<\/div>\n<div id=\"desc\" class=\"anchor\"><\/div>\n<div id=\"descContent\" class=\"fpBlk testSep\" data-cs-override-id=\"Descriptif\"><\/div>","protected":false},"featured_media":0,"comment_status":"closed","ping_status":"closed","template":"","meta":{"content-type":""},"product_cat":[144],"product_tag":[],"class_list":{"0":"post-11015","1":"product","2":"type-product","3":"status-publish","5":"product_cat-non-classe","7":"first","8":"instock","9":"shipping-taxable","10":"purchasable","11":"product-type-simple"},"aioseo_notices":[],"jetpack_sharing_enabled":true,"_links":{"self":[{"href":"https:\/\/drs-auto.fr\/en\/wp-json\/wp\/v2\/product\/11015","targetHints":{"allow":["GET"]}}],"collection":[{"href":"https:\/\/drs-auto.fr\/en\/wp-json\/wp\/v2\/product"}],"about":[{"href":"https:\/\/drs-auto.fr\/en\/wp-json\/wp\/v2\/types\/product"}],"replies":[{"embeddable":true,"href":"https:\/\/drs-auto.fr\/en\/wp-json\/wp\/v2\/comments?post=11015"}],"version-history":[{"count":1,"href":"https:\/\/drs-auto.fr\/en\/wp-json\/wp\/v2\/product\/11015\/revisions"}],"predecessor-version":[{"id":11133,"href":"https:\/\/drs-auto.fr\/en\/wp-json\/wp\/v2\/product\/11015\/revisions\/11133"}],"wp:attachment":[{"href":"https:\/\/drs-auto.fr\/en\/wp-json\/wp\/v2\/media?parent=11015"}],"wp:term":[{"taxonomy":"product_cat","embeddable":true,"href":"https:\/\/drs-auto.fr\/en\/wp-json\/wp\/v2\/product_cat?post=11015"},{"taxonomy":"product_tag","embeddable":true,"href":"https:\/\/drs-auto.fr\/en\/wp-json\/wp\/v2\/product_tag?post=11015"}],"curies":[{"name":"wp","href":"https:\/\/api.w.org\/{rel}","templated":true}]}}