
{"id":11014,"date":"2023-10-10T16:54:57","date_gmt":"2023-10-10T14:54:57","guid":{"rendered":"https:\/\/drs-auto.fr\/?post_type=product&#038;p=11014"},"modified":"2023-10-10T20:23:32","modified_gmt":"2023-10-10T18:23:32","slug":"moteur-dactionneur-de-boite-de-transfert-resistance-pour-bmw-bmw-x3-e83-x5-e53-x6-e71-27107568267-nouveau","status":"publish","type":"product","link":"https:\/\/drs-auto.fr\/en\/product\/moteur-dactionneur-de-boite-de-transfert-resistance-pour-bmw-bmw-x3-e83-x5-e53-x6-e71-27107568267-nouveau\/","title":{"rendered":"Moteur d&rsquo;actionneur de bo\u00eete de transfert + r\u00e9sistance pour BMW BMW X3 E83 X5 E53 X6 E71 27107568267 nouveau"},"content":{"rendered":"<p>Reference OE: ATC400: 27103455132, 27103455135, 27103455136, 27103455137, 27103455138, 27103455139, 27107566296 ATC500: 27107555295, 27107566296, 27107555297 ATC700: 27107599886, 27107599887, 27107599889, 27107599890, 27107599898, 27107599899 \u00c9quipement: Pour BMW X3 E83 2003-2011 Pour BMW X3 F25 2003-2019 Pour BMW X5 E53 2000-2006 Pour BMW X5 E70 2006-2013 Pour BMW X6 E71, E72 2007-2014<\/p>","protected":false},"excerpt":{"rendered":"<div class=\"fpBlk testSep extCode\" id=\"presContent\">Caract\u00e9ristiques: Marque:Drs Auto\u2014- Condition: Nouveau\u2014\u2014 OEM Part Number(R\u00e9f\u00e9rez-vous le Num\u00e9ro OEM sur le corps de votre ancien produit pour choisir le produit s\u2019il vous pla\u00eet):R\u00e9f\u00e9rences de r\u00e9f\u00e9rence de transfert ATC400: 27103455139, 27103455136, 27103455137, 27103455135, 27103455138, 27103455132**** R\u00e9f\u00e9rences de r\u00e9f\u00e9rence de transfert ATC500: 27107555297, 27107555295.*** R\u00e9f\u00e9rences de r\u00e9f\u00e9rence de transfert ATC700: 27107599889, 27107599886, 27107599899, 27107599898, 27107599890, 27107599887.**** R\u00e9f\u00e9rence ATC400, Num\u00e9ro d\u2019actionneur ATC500: 27107566296,27107541782, 27102449709, 27107568267 \u2014\u2014\u2014\u2014\u2013Compatibilit\u00e9\uff1a BMW with ATC400, ATC500, ATC700 Transfer Case** E83 2003-2010** E53 2003-2005** E70 2006-2009** 2004 \u2013 2010 BMW X3** 2004 \u2013 2010 BMW X3** 2003 \u2013 2004 BMW X5 3.0i** 2004 BMW X5 4.4i** 2004 BMW X5 4.8is** 2005 \u2013 2006 BMW X5<\/div>\n<div class=\"anchor\" id=\"desc\"><\/div>\n<div class=\"fpBlk testSep\" id=\"descContent\" data-cs-override-id=\"Descriptif\">\n<p class=\"fpMb\">Reference OE: ATC400: 27103455132, 27103455135, 27103455136, 27103455137, 27103455138, 27103455139, 27107566296 ATC500: 27107555295, 27107566296, 27107555297 ATC700: 27107599886, 27107599887, 27107599889, 27107599890, 27107599898, 27107599899 \u00c9quipement: Pour BMW X3 E83 2003-2011 Pour BMW X3 F25 2003-2019 Pour BMW X5 E53 2000-2006 Pour BMW X5 E70 2006-2013 Pour BMW X6 E71, E72 2007-2014<\/p>\n<\/div>","protected":false},"featured_media":11131,"comment_status":"open","ping_status":"closed","template":"","meta":{"content-type":""},"product_cat":[144],"product_tag":[],"class_list":{"0":"post-11014","1":"product","2":"type-product","3":"status-publish","4":"has-post-thumbnail","6":"product_cat-non-classe","8":"first","9":"instock","10":"shipping-taxable","11":"purchasable","12":"product-type-simple"},"aioseo_notices":[],"jetpack_sharing_enabled":true,"_links":{"self":[{"href":"https:\/\/drs-auto.fr\/en\/wp-json\/wp\/v2\/product\/11014","targetHints":{"allow":["GET"]}}],"collection":[{"href":"https:\/\/drs-auto.fr\/en\/wp-json\/wp\/v2\/product"}],"about":[{"href":"https:\/\/drs-auto.fr\/en\/wp-json\/wp\/v2\/types\/product"}],"replies":[{"embeddable":true,"href":"https:\/\/drs-auto.fr\/en\/wp-json\/wp\/v2\/comments?post=11014"}],"version-history":[{"count":1,"href":"https:\/\/drs-auto.fr\/en\/wp-json\/wp\/v2\/product\/11014\/revisions"}],"predecessor-version":[{"id":11132,"href":"https:\/\/drs-auto.fr\/en\/wp-json\/wp\/v2\/product\/11014\/revisions\/11132"}],"wp:featuredmedia":[{"embeddable":true,"href":"https:\/\/drs-auto.fr\/en\/wp-json\/wp\/v2\/media\/11131"}],"wp:attachment":[{"href":"https:\/\/drs-auto.fr\/en\/wp-json\/wp\/v2\/media?parent=11014"}],"wp:term":[{"taxonomy":"product_cat","embeddable":true,"href":"https:\/\/drs-auto.fr\/en\/wp-json\/wp\/v2\/product_cat?post=11014"},{"taxonomy":"product_tag","embeddable":true,"href":"https:\/\/drs-auto.fr\/en\/wp-json\/wp\/v2\/product_tag?post=11014"}],"curies":[{"name":"wp","href":"https:\/\/api.w.org\/{rel}","templated":true}]}}