
{"id":11013,"date":"2023-10-10T16:54:57","date_gmt":"2023-10-10T14:54:57","guid":{"rendered":"https:\/\/drs-auto.fr\/?post_type=product&#038;p=11013"},"modified":"2023-10-10T20:23:32","modified_gmt":"2023-10-10T18:23:32","slug":"carter-dhuile-0301l9-5507473-0301-l9-peugeot-citroen","status":"publish","type":"product","link":"https:\/\/drs-auto.fr\/en\/product\/carter-dhuile-0301l9-5507473-0301-l9-peugeot-citroen\/","title":{"rendered":"CARTER D&rsquo;HUILE 0301L9 &#8211; 5507473 &#8211; 0301.L9 PEUGEOT CITROEN"},"content":{"rendered":"","protected":false},"excerpt":{"rendered":"<div><\/div>\n<div>CITROEN PEUGEOT 1.6 16 V<\/div>\n<div><\/div>\n<div>Affectations v\u00e9hicules:<\/div>\n<div><\/div>\n<div>Citroen C2 C3 C4 Ds4 BERLINGO XSARA PICASSO<\/div>\n<div>PEUGEOT 206 207 307 1007 Partner 1.6 16 V Moteur essence 1.6 V TU5JP<\/div>\n<div><\/div>\n<div>R\u00e9f\u00e9rence constructeur (Num\u00e9ro OEM):<\/div>\n<div>0301L9 &#8211; 5507473 &#8211; 0301.L9 &#8211; V42-4176 &#8211; V424176 &#8211; 0301K0 &#8211; <em><span style=\"font-size: large;\">85004 &#8211; 2306MO-1 &#8211; 0301L9<\/span><\/em><\/div>\n<div id=\"ds_div\">\n<p>&nbsp;<\/p>\n<p>&nbsp;<\/p>\n<\/div>","protected":false},"featured_media":11127,"comment_status":"open","ping_status":"closed","template":"","meta":{"content-type":""},"product_cat":[143,129],"product_tag":[],"class_list":{"0":"post-11013","1":"product","2":"type-product","3":"status-publish","4":"has-post-thumbnail","6":"product_cat-carter-dhuile","7":"product_cat-lubrification","9":"first","10":"instock","11":"shipping-taxable","12":"purchasable","13":"product-type-simple"},"aioseo_notices":[],"jetpack_sharing_enabled":true,"_links":{"self":[{"href":"https:\/\/drs-auto.fr\/en\/wp-json\/wp\/v2\/product\/11013","targetHints":{"allow":["GET"]}}],"collection":[{"href":"https:\/\/drs-auto.fr\/en\/wp-json\/wp\/v2\/product"}],"about":[{"href":"https:\/\/drs-auto.fr\/en\/wp-json\/wp\/v2\/types\/product"}],"replies":[{"embeddable":true,"href":"https:\/\/drs-auto.fr\/en\/wp-json\/wp\/v2\/comments?post=11013"}],"version-history":[{"count":1,"href":"https:\/\/drs-auto.fr\/en\/wp-json\/wp\/v2\/product\/11013\/revisions"}],"predecessor-version":[{"id":11130,"href":"https:\/\/drs-auto.fr\/en\/wp-json\/wp\/v2\/product\/11013\/revisions\/11130"}],"wp:featuredmedia":[{"embeddable":true,"href":"https:\/\/drs-auto.fr\/en\/wp-json\/wp\/v2\/media\/11127"}],"wp:attachment":[{"href":"https:\/\/drs-auto.fr\/en\/wp-json\/wp\/v2\/media?parent=11013"}],"wp:term":[{"taxonomy":"product_cat","embeddable":true,"href":"https:\/\/drs-auto.fr\/en\/wp-json\/wp\/v2\/product_cat?post=11013"},{"taxonomy":"product_tag","embeddable":true,"href":"https:\/\/drs-auto.fr\/en\/wp-json\/wp\/v2\/product_tag?post=11013"}],"curies":[{"name":"wp","href":"https:\/\/api.w.org\/{rel}","templated":true}]}}