
{"id":11011,"date":"2023-10-10T16:54:57","date_gmt":"2023-10-10T14:54:57","guid":{"rendered":"https:\/\/drs-auto.fr\/?post_type=product&#038;p=11011"},"modified":"2024-10-31T17:05:33","modified_gmt":"2024-10-31T16:05:33","slug":"poussoirs-hydrauliques-pour-citroen-c1-1-4-c2-1-4-c3-1-4-1-6","status":"publish","type":"product","link":"https:\/\/drs-auto.fr\/en\/product\/poussoirs-hydrauliques-pour-citroen-c1-1-4-c2-1-4-c3-1-4-1-6\/","title":{"rendered":"POUSSOIRS HYDRAULIQUES POUR CITRO\u00cbN C1 1.4 C2 1.4 C3 1.4 1.6"},"content":{"rendered":"","protected":false},"excerpt":{"rendered":"<p><strong>R\u00e9f\u00e9rences compatibles: <\/strong>0942.42, 0942.51, 0942.53, 96 368 484 80, 96 378 583 80<\/p>\n<p><strong>Num\u00e9ro de r\u00e9f\u00e9rence OE\/OEM:<\/strong> 25341212, 668 050 00 80, 0942.52, 955014, 44 31 246, 0 5175 440AA, ERR 7233, 24610-03000, 265165, 96 378 583 80, 13234-00Q0A, MN982505, 96 368 484 80, VL10018-12B1, 9632372480, BL18T-1007040, 06J 109 423, F-46318.37, 66505-00025, 265103, Y401-12-101A, 0942.42, 22231-2A000, 9464396380, YM21-6500-AA, 93161686, 2S6Q 6500 AB, 1146061, 45-4009, 1118064<\/p>\n<p><strong>Autre num\u00e9ro de pi\u00e8ce:<\/strong><\/p>\n<p>0003066 V003 0000 00, 11783, 4S7Q-6C501-AA, 642 050 00 80, 77 01 062 312, 1487788, 12891-67G01-000, F-46327, 0942.53, 022 109 423, MN960097, 14580-R9G-0030, SU001-00558, 0942.51, 481H-1007040, 0004572 V001 0000, 160 050 01 80, F-46318.50, 62918672, 18672, 2S6Q 6500 AA, 10 18 0013<\/p>\n<p><strong>V\u00c9HICULES COMPATIBLES<\/strong><\/p>\n<p><strong>Citroen<\/strong><\/p>\n<p>C4 2.0 HDi 140 (2004-2011) 10\/04-03\/09<\/p>\n<p>C4 2.0 HDi 140 (2004-2011) 10\/04-03\/10<\/p>\n<p>C4 2.0 HDi 140 (2004-2011) 10\/04-03\/09<\/p>\n<p>C4 2.0 HDi 140 (2004-2011) 10\/04-03\/10<\/p>\n<p>C4 2.0 HDi 150 (2011-) 01\/11-12\/15<\/p>\n<p>C4 Grand Picasso 2.0 HDi 140 (2007-2014) 01\/07-03\/11<\/p>\n<p>C4 Grand Picasso 2.0 HDi 140 (2007-2014) 01\/07-03\/11<\/p>\n<p>C4 Picasso 2.0 HDi 140 (2006-2013) 12\/06-03\/11<\/p>\n<p>C4 Picasso 2.0 HDi 140 (2006-2013) 12\/06-03\/11<\/p>\n<p>C5 2.0 HDi (2008-) 05\/08-06\/10<\/p>\n<p>C5 2.0 HDi (2008-2017) 03\/08-06\/10<\/p>\n<p>C5 2.0 HDi (2008-2017) 05\/08-06\/10<\/p>\n<p>C5 2.2 HDi (2001-2008) 04\/01-09\/04<\/p>\n<p>C5 2.2 HDi (2001-2008) 06\/01-09\/04<\/p>\n<p>C5 2.2 HDi (2001-2008) 09\/04-05\/06<\/p>\n<p>C5 2.2 HDi (2001-2008) 04\/01-09\/04<\/p>\n<p>C5 2.2 HDi (2001-2008) 06\/01-09\/04<\/p>\n<p>C5 2.2 HDi (2001-2008) 09\/04-05\/06<\/p>\n<p>C8 2.0 HDi 110 (2003-2011) 01\/03-12\/06<\/p>\n<p>C8 2.0 HDi 110 (2003-2011) 01\/03-12\/06<\/p>\n<p>C8 2.0 HDi 120 (2003-2011) 10\/06-03\/11<\/p>\n<p>C8 2.0 HDi 120 (2003-2011) 10\/06-03\/11<\/p>\n<p>C8 2.0 HDi 136 (2003-2011) 10\/06-03\/11<\/p>\n<p>C8 2.0 HDi 136 (2003-2011) 10\/06-03\/11<\/p>\n<p>C8 2.2 HDi (2003-2011) 01\/03-12\/06<\/p>\n<p>C8 2.2 HDi (2003-2011) 01\/03-12\/06<\/p>\n<p>Dispatch 2.0 (2007-) 01\/07-03\/11<\/p>\n<p>Dispatch 2.0 (2007-2017) 01\/07-03\/11<\/p>\n<p>Dispatch 2.0 (2007-2017) 01\/07-04\/12<\/p>\n<p>Dispatch 2.0 Combi (2004-2007) 01\/04-05\/07<\/p>\n<p>Dispatch 2.0 Combi (2004-2007) 01\/04-05\/07<\/p>\n<p>Dispatch 2.0 Combi (2007-) 03\/09-04\/12<\/p>\n<p>Dispatch 2.0 Combi (2007-2017) 03\/09-04\/12<\/p>\n<p>Dispatch 2.0 Combi HDi 95 (2007-2017) 09\/11-04\/17<\/p>\n<p>Dispatch 2.0 HDi (1996-2004) 03\/00-01\/04<\/p>\n<p>Dispatch 2.0 HDi (1996-2004) 03\/00-01\/04<\/p>\n<p>Dispatch 2.0 HDi (2004-2007) 01\/04-05\/07<\/p>\n<p>Dispatch 2.0 HDi (2004-2007) 01\/04-05\/07<\/p>\n<p>Dispatch 2.0 HDi 95 (2007-2017) 09\/11-04\/17<\/p>\n<p>DS4 2.0 HDi 160 (2011-2015) 03\/11-12\/15<\/p>\n<p>DS5 2.0 HDi 160 (2011-2015) 12\/11-12\/15<\/p>\n<p>Synergie 2.0 HDi (1995-2002) 10\/00-06\/02<\/p>\n<p>Synergie 2.0 HDi (1995-2002) 10\/00-06\/02<\/p>\n<p><strong>Fiat<\/strong><\/p>\n<p>Scudo 2.0 120 Multijet 270 (2007-) 01\/07-<\/p>\n<p>Scudo 2.0 120 Multijet 270 (2007-2017) 01\/07-03\/11<\/p>\n<p>Scudo 2.0 140 Multijet 270 (2007-) 01\/07-<\/p>\n<p>Scudo 2.0 140 Multijet 270 (2007-2017) 01\/07-03\/11<\/p>\n<p>Scudo 2.0 JTD 220 (1996-2004) 02\/00-04\/04<\/p>\n<p>Scudo 2.0 JTD 220 (1996-2004) 02\/00-04\/04<\/p>\n<p>Scudo 2.0 JTD 220 (2004-2007) 03\/04-12\/05<\/p>\n<p>Scudo 2.0 JTD 220 (2004-2007) 03\/04-12\/05<\/p>\n<p>Ulysse 2.0 220 (1995-2003) 08\/00-04\/03<\/p>\n<p>Ulysse 2.0 220 (1995-2003) 08\/00-04\/03<\/p>\n<p>Ulysse 2.0 JTD 179 (2003-2006) 01\/03-09\/06<\/p>\n<p>Ulysse 2.0 JTD 179 (2003-2006) 01\/03-09\/06<\/p>\n<p>Ulysse 2.2 JTD 179 (2003-2006) 01\/03-09\/06<\/p>\n<p><strong>Ford<\/strong><\/p>\n<p>C-MAX 2.0 TDCi 136 (2007-2011) 04\/07-05\/11<\/p>\n<p>C-MAX 2.0 TDCi 136 (2007-2011) 04\/07-05\/11<\/p>\n<p>Focus 2.0 Coupe Cabriolet TDCi MK 2 (2004-2012) 10\/06-03\/12<\/p>\n<p>Focus 2.0 Coupe Cabriolet TDCi MK 2 (2004-2012) 10\/06-03\/12<\/p>\n<p>Focus 2.0 TDCi 136 MK 2 (2004-2012) 04\/05-12\/09<\/p>\n<p>Focus 2.0 TDCi 136 MK 2 (2004-2012) 09\/04-03\/11<\/p>\n<p>Focus 2.0 TDCi 136 MK 2 (2004-2012) Powershift 04\/05-12\/09<\/p>\n<p>Focus 2.0 TDCi 136 MK 2 (2004-2012) Powershift 09\/04-03\/11<\/p>\n<p>Focus 2.0 TDCi 136 MK 2 (2004-2012) 04\/05-12\/09<\/p>\n<p>Focus 2.0 TDCi 136 MK 2 (2004-2012) 09\/04-03\/11<\/p>\n<p>Focus C-MAX 2.0 TDCi (2003-2007) 08\/03-09\/07<\/p>\n<p>Focus C-MAX 2.0 TDCi (2003-2007) 08\/03-09\/07<\/p>\n<p>Galaxy 2.0 TDCi 115 MK 4 (2010-) 02\/10-03\/11<\/p>\n<p>Galaxy 2.0 TDCi 115 MK 4 (2010-2016) 02\/10-03\/11<\/p>\n<p>Galaxy 2.0 TDCi 130 MK 3 (2006-2011) 06\/07-06\/08<\/p>\n<p>Galaxy 2.0 TDCi 130 MK 3 (2006-2011) 06\/07-06\/08<\/p>\n<p>Galaxy 2.0 TDCi 140 MK 3 (2006-2011) 05\/06-03\/11<\/p>\n<p>Galaxy 2.0 TDCi 140 MK 3 (2006-2011) 05\/06-03\/11<\/p>\n<p>Galaxy 2.0 TDCi 140 MK 4 (2010-) 12\/10-<\/p>\n<p>Galaxy 2.0 TDCi 140 MK 4 (2010-2016) 12\/10-04\/16<\/p>\n<p>Galaxy 2.0 TDCi 140 MK 4 (2010-2016) Powershift 12\/10-04\/16<\/p>\n<p>Mondeo 2.0 TDCi 115 ECOnetic MK 4 (2007-) 09\/09-12\/10<\/p>\n<p>Mondeo 2.0 TDCi 115 ECOnetic MK 4 (2007-2015) 09\/09-12\/10<\/p>\n<p>Mondeo 2.0 TDCi 115 MK 4 (2007-) 05\/10-03\/11<\/p>\n<p>Mondeo 2.0 TDCi 115 MK 4 (2007-2015) 05\/10-03\/11<\/p>\n<p>Mondeo 2.0 TDCi 130 MK 4 (2007-) 06\/07-07\/08<\/p>\n<p>Mondeo 2.0 TDCi 130 MK 4 (2007-2015) 06\/07-07\/08<\/p>\n<p>Mondeo 2.0 TDCi 140 MK 4 (2007-) 06\/07-<\/p>\n<p>Mondeo 2.0 TDCi 140 MK 4 (2007-) 06\/07-12\/10<\/p>\n<p>Mondeo 2.0 TDCi 140 MK 4 (2007-2015) 06\/07-12\/10<\/p>\n<p>Mondeo 2.0 TDCi 140 MK 4 (2007-2015) 06\/07-12\/11<\/p>\n<p>Mondeo 2.0 TDCi 140 MK 4 (2007-2015) 06\/07-12\/15<\/p>\n<p>S-MAX 2.0 TDCi 115 (2006-) 02\/10-03\/11<\/p>\n<p>S-MAX 2.0 TDCi 115 (2006-2016) 02\/10-03\/11<\/p>\n<p>S-MAX 2.0 TDCi 130 (2006-) 06\/07-06\/08<\/p>\n<p>S-MAX 2.0 TDCi 130 (2006-2016) 06\/07-06\/08<\/p>\n<p>S-MAX 2.0 TDCi 140 (2006-) 05\/06-<\/p>\n<p>S-MAX 2.0 TDCi 140 (2006-2016) 02\/10-04\/16<\/p>\n<p>S-MAX 2.0 TDCi 140 (2006-2016) 05\/06-04\/16<\/p>\n<p>S-MAX 2.0 TDCi 140 (2006-2016) 05\/06-12\/10<\/p>\n<p><strong>Peugeot<\/strong><\/p>\n<p>3008 2.0 HDi 150 Manual T84 (2009-2017) 09\/09-<\/p>\n<p>307 2.0 HDi 136 (2001-2009) 07\/04-12\/08<\/p>\n<p>307 2.0 HDi 136 (2001-2009) 07\/04-12\/08<\/p>\n<p>307 cc 2.0 HDi (2003-2009) 09\/05-03\/09<\/p>\n<p>307 cc 2.0 HDi (2003-2009) 09\/05-03\/09<\/p>\n<p>307 sw 2.0 HDi 136 (2001-2009) 07\/04-03\/09<\/p>\n<p>307 sw 2.0 HDi 136 (2001-2009) 07\/04-03\/09<\/p>\n<p>308 2.0 HDi 136 (2007-2015) 09\/07-12\/10<\/p>\n<p>308 2.0 HDi 136 (2007-2015) 09\/07-12\/10<\/p>\n<p>308 sw 2.0 HDi 136 (2007-2015) 06\/08-03\/12<\/p>\n<p>308 sw 2.0 HDi 136 (2007-2015) 06\/08-03\/12<\/p>\n<p>406 2.2 HDi (1999-2004) 06\/01-09\/03<\/p>\n<p>406 2.2 HDi (1999-2004) 10\/00-07\/04<\/p>\n<p>406 2.2 HDi (1999-2004) 06\/01-09\/03<\/p>\n<p>406 2.2 HDi (1999-2004) 10\/00-07\/04<\/p>\n<p>407 2.0 HDi 136 (2004-2011) 05\/04-10\/08<\/p>\n<p>407 2.0 HDi 136 (2004-2011) 09\/07-10\/08<\/p>\n<p>407 2.0 HDi 136 (2004-2011) 05\/04-10\/08<\/p>\n<p>407 2.0 HDi 136 (2004-2011) 09\/07-10\/08<\/p>\n<p>407 2.0 HDi 140 (2004-2011) 09\/08-12\/09<\/p>\n<p>407 2.0 HDi 140 (2004-2011) 09\/08-12\/11<\/p>\n<p>407 2.0 HDi 140 (2004-2011) 09\/08-12\/09<\/p>\n<p>407 sw 2.0 HDi 136 (2004-2011) 05\/04-10\/08<\/p>\n<p>407 sw 2.0 HDi 136 (2004-2011) 05\/04-10\/08<\/p>\n<p>5008 2.0 HDi 150 Manual T87 (2010-) 01\/10-<\/p>\n<p>508 2.0 HYbrid4 (2011-) 04\/12-<\/p>\n<p>607 2.0 HDi (2000-2009) 11\/05-12\/09<\/p>\n<p>607 2.0 HDi (2000-2009) 11\/05-12\/09<\/p>\n<p>607 2.2 HDi (2000-2009) 06\/00-11\/05<\/p>\n<p>607 2.2 HDi (2000-2009) 06\/00-11\/05<\/p>\n<p>806 2.0 HDi (1995-2002) 08\/99-12\/02<\/p>\n<p>806 2.0 HDi (1995-2002) 08\/99-12\/02<\/p>\n<p>807 2.0 HDi (2002-2011) 05\/06-03\/11<\/p>\n<p>807 2.0 HDi (2002-2011) 07\/06-03\/11<\/p>\n<p>807 2.0 HDi (2002-2011) 10\/02-06\/06<\/p>\n<p>807 2.0 HDi (2002-2011) 05\/06-03\/11<\/p>\n<p>807 2.0 HDi (2002-2011) 07\/06-03\/11<\/p>\n<p>807 2.0 HDi (2002-2011) 10\/02-06\/06<\/p>\n<p>807 2.2 HDi (2002-2011) 10\/02-09\/07<\/p>\n<p>807 2.2 HDi (2002-2011) 10\/02-09\/07<\/p>\n<p>Expert 2.0 E7 Taxi (2007-2017) 08\/11-04\/17<\/p>\n<p>Expert 2.0 HDi (1996-2004) 02\/00-05\/04<\/p>\n<p>Expert 2.0 HDi (1996-2004) 02\/00-05\/04<\/p>\n<p>Expert 2.0 HDi (2004-2007) 04\/04-05\/07<\/p>\n<p>Expert 2.0 HDi (2004-2007) 04\/04-05\/07<\/p>\n<p>Expert 2.0 HDi (2007-) 01\/07-07\/12<\/p>\n<p>Expert 2.0 HDi (2007-2017) 01\/07-07\/12<\/p>\n<p>Expert 2.0 HDi Combi (2004-2007) 04\/04-05\/07<\/p>\n<p>Expert 2.0 HDi Combi (2004-2007) 04\/04-05\/07<\/p>\n<p>Expert Tepee 2.0 HDi 100 (2007-2017) 08\/11-04\/17<\/p>\n<p>Expert Tepee 2.0 HDi 120 (2007-) 01\/07-03\/12<\/p>\n<p>Expert Tepee 2.0 HDi 120 (2007-2017) 01\/07-03\/12<\/p>\n<p><strong>Suzuki<\/strong><\/p>\n<p>Grand Vitara 2.0 (1998-2005) 03\/01-11\/05<\/p>\n<p>Grand Vitara 2.0 (1998-2005) 03\/02-03\/06<\/p>\n<p>Grand Vitara 2.0 (1998-2005) 03\/01-11\/05<\/p>\n<p>Grand Vitara 2.0 (1998-2005) 03\/02-03\/06<\/p>\n<p><strong>Volvo<\/strong><\/p>\n<p>C30 2.0 (2006-2014) 11\/06-12\/10<\/p>\n<p>C30 2.0 (2006-2014) 11\/06-12\/10<\/p>\n<p>C70 2.0 (2006-2014) 08\/07-12\/10<\/p>\n<p>C70 2.0 (2006-2014) 08\/07-12\/10<\/p>\n<p>S40 2.0 (2004-2013) 02\/04-12\/10<\/p>\n<p>S40 2.0 (2004-2013) 02\/04-12\/10<\/p>\n<p>S80 2.0 (2006-) 08\/07-12\/10<\/p>\n<p>S80 2.0 (2006-2017) 08\/07-12\/10<\/p>\n<p>V50 2.0 (2004-2013) 03\/04-12\/10<\/p>\n<p>V50 2.0 (2004-2013) 03\/04-12\/10<\/p>\n<p>V70 2.0 (2007-) 08\/07-12\/10<\/p>\n<p>V70 2.0 (2007-2017) 08\/07-12\/10<\/p>\n<p>&nbsp;<\/p>","protected":false},"featured_media":11121,"comment_status":"open","ping_status":"closed","template":"","meta":{"content-type":""},"product_cat":[125,142],"product_tag":[],"class_list":{"0":"post-11011","1":"product","2":"type-product","3":"status-publish","4":"has-post-thumbnail","6":"product_cat-haut-moteur","7":"product_cat-linguets-et-poussoirs","9":"first","10":"instock","11":"shipping-taxable","12":"purchasable","13":"product-type-simple"},"aioseo_notices":[],"jetpack_sharing_enabled":true,"_links":{"self":[{"href":"https:\/\/drs-auto.fr\/en\/wp-json\/wp\/v2\/product\/11011","targetHints":{"allow":["GET"]}}],"collection":[{"href":"https:\/\/drs-auto.fr\/en\/wp-json\/wp\/v2\/product"}],"about":[{"href":"https:\/\/drs-auto.fr\/en\/wp-json\/wp\/v2\/types\/product"}],"replies":[{"embeddable":true,"href":"https:\/\/drs-auto.fr\/en\/wp-json\/wp\/v2\/comments?post=11011"}],"version-history":[{"count":1,"href":"https:\/\/drs-auto.fr\/en\/wp-json\/wp\/v2\/product\/11011\/revisions"}],"predecessor-version":[{"id":11122,"href":"https:\/\/drs-auto.fr\/en\/wp-json\/wp\/v2\/product\/11011\/revisions\/11122"}],"wp:featuredmedia":[{"embeddable":true,"href":"https:\/\/drs-auto.fr\/en\/wp-json\/wp\/v2\/media\/11121"}],"wp:attachment":[{"href":"https:\/\/drs-auto.fr\/en\/wp-json\/wp\/v2\/media?parent=11011"}],"wp:term":[{"taxonomy":"product_cat","embeddable":true,"href":"https:\/\/drs-auto.fr\/en\/wp-json\/wp\/v2\/product_cat?post=11011"},{"taxonomy":"product_tag","embeddable":true,"href":"https:\/\/drs-auto.fr\/en\/wp-json\/wp\/v2\/product_tag?post=11011"}],"curies":[{"name":"wp","href":"https:\/\/api.w.org\/{rel}","templated":true}]}}