
{"id":11010,"date":"2023-10-10T16:54:57","date_gmt":"2023-10-10T14:54:57","guid":{"rendered":"https:\/\/drs-auto.fr\/?post_type=product&#038;p=11010"},"modified":"2023-12-24T22:33:39","modified_gmt":"2023-12-24T21:33:39","slug":"turbocompresseur-49373-02003-citroen-1-6-idh-bas-49373-02004-berlingo-c-elysee-c3","status":"publish","type":"product","link":"https:\/\/drs-auto.fr\/en\/product\/turbocompresseur-49373-02003-citroen-1-6-idh-bas-49373-02004-berlingo-c-elysee-c3\/","title":{"rendered":"Turbocompresseur 49373-02003 CITROEN 1.6 IDH bas 49373-02004 Berlingo C-ELYSEE c3"},"content":{"rendered":"","protected":false},"excerpt":{"rendered":"<p>ETAT: Neuf<\/p>\n<p><strong>v\u00e9hicules compatibles:<\/strong><\/p>\n<p>Citro\u00ebn<\/p>\n<ul>\n<li>Berlingo 2010\/07-2019\/12\u00a0 6 HDi 90<\/li>\n<li>Berlingo 2005\/07-2011\/12 1.6 HDi 75<\/li>\n<li>Berlingo Kasten 2010\/07-2019\/12 1.6 HDi 90<\/li>\n<li>Berlingo Kasten 2005\/07-2011\/12 1.6 HDi 75<\/li>\n<li>C-Elysee 2012\/11-2019\/12 1.6 HDi 92<\/li>\n<li>C3 II 2009\/11-2016\/12 1.4 HDi 70<\/li>\n<li>C3 II 2009\/11-2016\/09 1.6 HDi<\/li>\n<li>C3 Picasso 2010\/07-2016\/12 1.6 HDi 90<\/li>\n<li>C4 Cactus 2014\/09-2019\/12 1.6 HDi 90<\/li>\n<li>C4 Grand Picasso II 2013\/09-2019\/12 1.6 HDi 90<\/li>\n<li>C4 II 2009\/11-2019\/12 1.6 HDi 90<\/li>\n<li>C4 Picasso II 2013\/02-2019\/12 1.6 HDi 90<\/li>\n<li>DS3 2010\/04-2015\/07 1.4 HDi 70<\/li>\n<li>DS3 2009\/11-2015\/07 1.6 HDi 90<\/li>\n<li>DS3 Cabriolet 2013\/01-2015\/07 1.6 HDi 90<\/li>\n<li>DS4 2011\/05-2015\/07 1.6 HDi 90<\/li>\n<\/ul>\n<p><strong>R\u00e9f\u00e9rences \u00e9quivalentes :<\/strong> 49373-02002 49373-02003, 49373-02004 49373-02013, 49373-02023 49E90-91000, 0375R0 0375Q9, 9673283680<\/p>","protected":false},"featured_media":11117,"comment_status":"open","ping_status":"closed","template":"","meta":{"content-type":""},"product_cat":[133,137],"product_tag":[],"class_list":{"0":"post-11010","1":"product","2":"type-product","3":"status-publish","4":"has-post-thumbnail","6":"product_cat-moteur","7":"product_cat-turbo-compresseur","9":"first","10":"instock","11":"shipping-taxable","12":"purchasable","13":"product-type-simple"},"aioseo_notices":[],"jetpack_sharing_enabled":true,"_links":{"self":[{"href":"https:\/\/drs-auto.fr\/en\/wp-json\/wp\/v2\/product\/11010","targetHints":{"allow":["GET"]}}],"collection":[{"href":"https:\/\/drs-auto.fr\/en\/wp-json\/wp\/v2\/product"}],"about":[{"href":"https:\/\/drs-auto.fr\/en\/wp-json\/wp\/v2\/types\/product"}],"replies":[{"embeddable":true,"href":"https:\/\/drs-auto.fr\/en\/wp-json\/wp\/v2\/comments?post=11010"}],"version-history":[{"count":3,"href":"https:\/\/drs-auto.fr\/en\/wp-json\/wp\/v2\/product\/11010\/revisions"}],"predecessor-version":[{"id":11606,"href":"https:\/\/drs-auto.fr\/en\/wp-json\/wp\/v2\/product\/11010\/revisions\/11606"}],"wp:featuredmedia":[{"embeddable":true,"href":"https:\/\/drs-auto.fr\/en\/wp-json\/wp\/v2\/media\/11117"}],"wp:attachment":[{"href":"https:\/\/drs-auto.fr\/en\/wp-json\/wp\/v2\/media?parent=11010"}],"wp:term":[{"taxonomy":"product_cat","embeddable":true,"href":"https:\/\/drs-auto.fr\/en\/wp-json\/wp\/v2\/product_cat?post=11010"},{"taxonomy":"product_tag","embeddable":true,"href":"https:\/\/drs-auto.fr\/en\/wp-json\/wp\/v2\/product_tag?post=11010"}],"curies":[{"name":"wp","href":"https:\/\/api.w.org\/{rel}","templated":true}]}}